{"id":6961,"date":"2025-06-26T16:39:13","date_gmt":"2025-06-26T22:39:13","guid":{"rendered":"https:\/\/westmountainhealthalliance.org\/?page_id=6961"},"modified":"2025-06-30T11:06:53","modified_gmt":"2025-06-30T17:06:53","slug":"solicitud-de-presupuesto-psh","status":"publish","type":"page","link":"http:\/\/westmountainhealthalliance.org\/es\/psh_rfp\/","title":{"rendered":"Solicitud de propuestas para vivienda de apoyo permanente 2025"},"content":{"rendered":"<h1>\n\t\tRFP ya abierta<br \/>Supportive Services for Permanent Supportive Housingin the West Mountain Region\n\t<\/h1>\n\t<p>La Alianza Regional de Vivienda de West Mountain (WMRHA) se complace en anunciar la publicaci\u00f3n de una nueva Solicitud de Propuestas (RFP) para servicios de apoyo relacionados con el primer programa de Vivienda de Apoyo Permanente (PSH) en sitios dispersos de la regi\u00f3n. Este programa es posible gracias a una asignaci\u00f3n de $750,000 del Fondo para Proyectos Comunitarios Designado por el Congreso del HUD.<\/p>\n<p>&nbsp;<\/p>\n<p>Esta iniciativa busca proporcionar viviendas de alquiler muy asequibles, junto con servicios voluntarios, flexibles y adaptados al trauma, para personas con indigencia cr\u00f3nica y necesidades complejas de salud f\u00edsica y conductual que se superponen. A trav\u00e9s de esta convocatoria de propuestas, WMRHA busca un proveedor de servicios cualificado para ofrecer gesti\u00f3n de casos centrada en la vivienda, supervisi\u00f3n cl\u00ednica, derivaciones coordinadas, participaci\u00f3n de propietarios, gesti\u00f3n de beneficios y apoyo continuo a los participantes, basado en un enfoque de reducci\u00f3n de da\u00f1os basado en la Vivienda Primero.<\/p>\n<p>&nbsp;<\/p>\n<p>La convocatoria de propuestas incluye $200,000 en fondos para apoyar la prestaci\u00f3n de servicios. El resto de los fondos de la subvenci\u00f3n se utilizar\u00e1 para financiar viviendas de alquiler. Los gastos de viaje para la gesti\u00f3n de casos y la interacci\u00f3n con los clientes son reembolsables, y el programa tiene flexibilidad para ajustar la dotaci\u00f3n de personal y los modelos de prestaci\u00f3n de servicios con el tiempo, seg\u00fan las necesidades de los participantes y el crecimiento del programa.<\/p>\n<p>&nbsp;<\/p>\n<p>Las preguntas se podr\u00e1n enviar hasta el 11 de julio de 2025.<\/p>\n<p>&nbsp;<\/p>\n<p>Las respuestas a la solicitud de propuestas deben presentarse antes del 23 de julio de 2025.<\/p>\n\t\t\t<a href=\"https:\/\/westmountainhealthalliance.org\/wp-content\/uploads\/2025\/06\/Final_WMRHA-PSH-Request-for-Proposals-RFP.pdf\" target=\"_self\">\n\t\t\t\t\t\t\tDescargar la RFP completa\n\t\t\t\t\t<\/a>\n\t<p>Para consultas, contactar <a href=\"mailto:cassy@shgadvisors.com\">cassy@shgadvisors.com<\/a><\/p>","protected":false},"excerpt":{"rendered":"<p>RFP Now OpenSupportive Services for Permanent Supportive Housingin the West Mountain Region The West Mountain Regional Health Alliance (WMRHA) is pleased to announce the release of a new Request for Proposals (RFP) for supportive services tied to the region&#8217;s first scattered-site Permanent Supportive Housing (PSH) program. This program is made possible through a $750,000 allocation &#8230; <a title=\"Solicitud de propuestas para vivienda de apoyo permanente 2025\" class=\"read-more\" href=\"http:\/\/westmountainhealthalliance.org\/es\/psh_rfp\/\" aria-label=\"Leer m\u00e1s sobre Permanent Supportive Housing RFP 2025\">Leer m\u00e1s<\/a><\/p>","protected":false},"author":5,"featured_media":0,"parent":0,"menu_order":0,"comment_status":"closed","ping_status":"closed","template":"","meta":{"_acf_changed":false,"footnotes":""},"class_list":["post-6961","page","type-page","status-publish"],"acf":[],"yoast_head":"<!-- This site is optimized with the Yoast SEO plugin v27.5 - https:\/\/yoast.com\/product\/yoast-seo-wordpress\/ -->\n<title>Permanent Supportive Housing RFP 2025 - West Mountain Regional Health Alliance<\/title>\n<meta name=\"description\" content=\"The West Mountain Regional Housing Alliance (WMRHA) is pleased to announce the release of a new Request for Proposals (RFP) for supportive services tied to the region\u2019s first scattered-site Permanent Supportive Housing (PSH) program.\" \/>\n<meta name=\"robots\" content=\"index, follow, max-snippet:-1, max-image-preview:large, max-video-preview:-1\" \/>\n<link rel=\"canonical\" href=\"https:\/\/westmountainhealthalliance.org\/es\/solicitud-de-presupuesto-psh\/\" \/>\n<meta property=\"og:locale\" content=\"es_MX\" \/>\n<meta property=\"og:type\" content=\"article\" \/>\n<meta property=\"og:title\" content=\"Permanent Supportive Housing RFP 2025 - West Mountain Regional Health Alliance\" \/>\n<meta property=\"og:description\" content=\"The West Mountain Regional Housing Alliance (WMRHA) is pleased to announce the release of a new Request for Proposals (RFP) for supportive services tied to the region\u2019s first scattered-site Permanent Supportive Housing (PSH) program.\" \/>\n<meta property=\"og:url\" content=\"https:\/\/westmountainhealthalliance.org\/es\/solicitud-de-presupuesto-psh\/\" \/>\n<meta property=\"og:site_name\" content=\"West Mountain Regional Health Alliance\" \/>\n<meta property=\"article:publisher\" content=\"https:\/\/www.facebook.com\/wmrhealthalliance\/\" \/>\n<meta property=\"article:modified_time\" content=\"2025-06-30T17:06:53+00:00\" \/>\n<meta property=\"og:image\" content=\"https:\/\/westmountainhealthalliance.org\/wp-content\/uploads\/2023\/09\/WMRHA-logo.jpg\" \/>\n\t<meta property=\"og:image:width\" content=\"1920\" \/>\n\t<meta property=\"og:image:height\" content=\"1920\" \/>\n\t<meta property=\"og:image:type\" content=\"image\/jpeg\" \/>\n<meta name=\"twitter:card\" content=\"summary_large_image\" \/>\n<meta name=\"twitter:label1\" content=\"Tiempo de lectura\" \/>\n\t<meta name=\"twitter:data1\" content=\"6 minutos\" \/>\n<script type=\"application\/ld+json\" class=\"yoast-schema-graph\">{\"@context\":\"https:\\\/\\\/schema.org\",\"@graph\":[{\"@type\":\"WebPage\",\"@id\":\"https:\\\/\\\/westmountainhealthalliance.org\\\/psh_rfp\\\/\",\"url\":\"https:\\\/\\\/westmountainhealthalliance.org\\\/psh_rfp\\\/\",\"name\":\"Permanent Supportive Housing RFP 2025 - West Mountain Regional Health Alliance\",\"isPartOf\":{\"@id\":\"https:\\\/\\\/westmountainhealthalliance.org\\\/#website\"},\"datePublished\":\"2025-06-26T22:39:13+00:00\",\"dateModified\":\"2025-06-30T17:06:53+00:00\",\"description\":\"The West Mountain Regional Housing Alliance (WMRHA) is pleased to announce the release of a new Request for Proposals (RFP) for supportive services tied to the region\u2019s first scattered-site Permanent Supportive Housing (PSH) program.\",\"breadcrumb\":{\"@id\":\"https:\\\/\\\/westmountainhealthalliance.org\\\/psh_rfp\\\/#breadcrumb\"},\"inLanguage\":\"es\",\"potentialAction\":[{\"@type\":\"ReadAction\",\"target\":[\"https:\\\/\\\/westmountainhealthalliance.org\\\/psh_rfp\\\/\"]}]},{\"@type\":\"BreadcrumbList\",\"@id\":\"https:\\\/\\\/westmountainhealthalliance.org\\\/psh_rfp\\\/#breadcrumb\",\"itemListElement\":[{\"@type\":\"ListItem\",\"position\":1,\"name\":\"Home\",\"item\":\"https:\\\/\\\/westmountainhealthalliance.org\\\/\"},{\"@type\":\"ListItem\",\"position\":2,\"name\":\"Permanent Supportive Housing RFP 2025\"}]},{\"@type\":\"WebSite\",\"@id\":\"https:\\\/\\\/westmountainhealthalliance.org\\\/#website\",\"url\":\"https:\\\/\\\/westmountainhealthalliance.org\\\/\",\"name\":\"West Mountain Regional Health Alliance\",\"description\":\"We unite leaders in health and social services to collaboratively strengthen our community&#039;s care system\",\"publisher\":{\"@id\":\"https:\\\/\\\/westmountainhealthalliance.org\\\/#organization\"},\"alternateName\":\"WMRHA\",\"potentialAction\":[{\"@type\":\"SearchAction\",\"target\":{\"@type\":\"EntryPoint\",\"urlTemplate\":\"https:\\\/\\\/westmountainhealthalliance.org\\\/?s={search_term_string}\"},\"query-input\":{\"@type\":\"PropertyValueSpecification\",\"valueRequired\":true,\"valueName\":\"search_term_string\"}}],\"inLanguage\":\"es\"},{\"@type\":\"Organization\",\"@id\":\"https:\\\/\\\/westmountainhealthalliance.org\\\/#organization\",\"name\":\"West Mountain Regional Health Alliance\",\"alternateName\":\"WMRHA\",\"url\":\"https:\\\/\\\/westmountainhealthalliance.org\\\/\",\"logo\":{\"@type\":\"ImageObject\",\"inLanguage\":\"es\",\"@id\":\"https:\\\/\\\/westmountainhealthalliance.org\\\/#\\\/schema\\\/logo\\\/image\\\/\",\"url\":\"https:\\\/\\\/westmountainhealthalliance.org\\\/wp-content\\\/uploads\\\/2023\\\/09\\\/WMRHA-logo.jpg\",\"contentUrl\":\"https:\\\/\\\/westmountainhealthalliance.org\\\/wp-content\\\/uploads\\\/2023\\\/09\\\/WMRHA-logo.jpg\",\"width\":1920,\"height\":1920,\"caption\":\"West Mountain Regional Health Alliance\"},\"image\":{\"@id\":\"https:\\\/\\\/westmountainhealthalliance.org\\\/#\\\/schema\\\/logo\\\/image\\\/\"},\"sameAs\":[\"https:\\\/\\\/www.facebook.com\\\/wmrhealthalliance\\\/\"]}]}<\/script>\n<!-- \/ Yoast SEO plugin. -->","yoast_head_json":{"title":"Solicitud de propuestas para viviendas de apoyo permanente 2025 - West Mountain Regional Health Alliance","description":"La Alianza de Vivienda Regional de West Mountain (WMRHA) se complace en anunciar el lanzamiento de una nueva Solicitud de propuestas (RFP) para servicios de apoyo vinculados al primer programa de Vivienda de Apoyo Permanente (PSH) en sitios dispersos de la regi\u00f3n.","robots":{"index":"index","follow":"follow","max-snippet":"max-snippet:-1","max-image-preview":"max-image-preview:large","max-video-preview":"max-video-preview:-1"},"canonical":"https:\/\/westmountainhealthalliance.org\/es\/solicitud-de-presupuesto-psh\/","og_locale":"es_MX","og_type":"article","og_title":"Permanent Supportive Housing RFP 2025 - West Mountain Regional Health Alliance","og_description":"The West Mountain Regional Housing Alliance (WMRHA) is pleased to announce the release of a new Request for Proposals (RFP) for supportive services tied to the region\u2019s first scattered-site Permanent Supportive Housing (PSH) program.","og_url":"https:\/\/westmountainhealthalliance.org\/es\/solicitud-de-presupuesto-psh\/","og_site_name":"West Mountain Regional Health Alliance","article_publisher":"https:\/\/www.facebook.com\/wmrhealthalliance\/","article_modified_time":"2025-06-30T17:06:53+00:00","og_image":[{"width":1920,"height":1920,"url":"https:\/\/westmountainhealthalliance.org\/wp-content\/uploads\/2023\/09\/WMRHA-logo.jpg","type":"image\/jpeg"}],"twitter_card":"summary_large_image","twitter_misc":{"Tiempo de lectura":"6 minutos"},"schema":{"@context":"https:\/\/schema.org","@graph":[{"@type":"WebPage","@id":"https:\/\/westmountainhealthalliance.org\/psh_rfp\/","url":"https:\/\/westmountainhealthalliance.org\/psh_rfp\/","name":"Solicitud de propuestas para viviendas de apoyo permanente 2025 - West Mountain Regional Health Alliance","isPartOf":{"@id":"https:\/\/westmountainhealthalliance.org\/#website"},"datePublished":"2025-06-26T22:39:13+00:00","dateModified":"2025-06-30T17:06:53+00:00","description":"La Alianza de Vivienda Regional de West Mountain (WMRHA) se complace en anunciar el lanzamiento de una nueva Solicitud de propuestas (RFP) para servicios de apoyo vinculados al primer programa de Vivienda de Apoyo Permanente (PSH) en sitios dispersos de la regi\u00f3n.","breadcrumb":{"@id":"https:\/\/westmountainhealthalliance.org\/psh_rfp\/#breadcrumb"},"inLanguage":"es","potentialAction":[{"@type":"ReadAction","target":["https:\/\/westmountainhealthalliance.org\/psh_rfp\/"]}]},{"@type":"BreadcrumbList","@id":"https:\/\/westmountainhealthalliance.org\/psh_rfp\/#breadcrumb","itemListElement":[{"@type":"ListItem","position":1,"name":"Home","item":"https:\/\/westmountainhealthalliance.org\/"},{"@type":"ListItem","position":2,"name":"Permanent Supportive Housing RFP 2025"}]},{"@type":"WebSite","@id":"https:\/\/westmountainhealthalliance.org\/#website","url":"https:\/\/westmountainhealthalliance.org\/","name":"Alianza Regional de Salud de West Mountain","description":"Unimos a l\u00edderes en servicios sociales y de salud para fortalecer colaborativamente el sistema de atenci\u00f3n de nuestra comunidad.","publisher":{"@id":"https:\/\/westmountainhealthalliance.org\/#organization"},"alternateName":"WMRHA","potentialAction":[{"@type":"SearchAction","target":{"@type":"EntryPoint","urlTemplate":"https:\/\/westmountainhealthalliance.org\/?s={search_term_string}"},"query-input":{"@type":"PropertyValueSpecification","valueRequired":true,"valueName":"search_term_string"}}],"inLanguage":"es"},{"@type":"Organization","@id":"https:\/\/westmountainhealthalliance.org\/#organization","name":"Alianza Regional de Salud de West Mountain","alternateName":"WMRHA","url":"https:\/\/westmountainhealthalliance.org\/","logo":{"@type":"ImageObject","inLanguage":"es","@id":"https:\/\/westmountainhealthalliance.org\/#\/schema\/logo\/image\/","url":"https:\/\/westmountainhealthalliance.org\/wp-content\/uploads\/2023\/09\/WMRHA-logo.jpg","contentUrl":"https:\/\/westmountainhealthalliance.org\/wp-content\/uploads\/2023\/09\/WMRHA-logo.jpg","width":1920,"height":1920,"caption":"West Mountain Regional Health Alliance"},"image":{"@id":"https:\/\/westmountainhealthalliance.org\/#\/schema\/logo\/image\/"},"sameAs":["https:\/\/www.facebook.com\/wmrhealthalliance\/"]}]}},"publishpress_future_action":{"enabled":false,"date":"2026-05-08 19:04:54","action":"change-status","newStatus":"draft","terms":[],"taxonomy":"","extraData":[]},"publishpress_future_workflow_manual_trigger":{"enabledWorkflows":[]},"_links":{"self":[{"href":"http:\/\/westmountainhealthalliance.org\/es\/wp-json\/wp\/v2\/pages\/6961","targetHints":{"allow":["GET"]}}],"collection":[{"href":"http:\/\/westmountainhealthalliance.org\/es\/wp-json\/wp\/v2\/pages"}],"about":[{"href":"http:\/\/westmountainhealthalliance.org\/es\/wp-json\/wp\/v2\/types\/page"}],"author":[{"embeddable":true,"href":"http:\/\/westmountainhealthalliance.org\/es\/wp-json\/wp\/v2\/users\/5"}],"replies":[{"embeddable":true,"href":"http:\/\/westmountainhealthalliance.org\/es\/wp-json\/wp\/v2\/comments?post=6961"}],"version-history":[{"count":8,"href":"http:\/\/westmountainhealthalliance.org\/es\/wp-json\/wp\/v2\/pages\/6961\/revisions"}],"predecessor-version":[{"id":6977,"href":"http:\/\/westmountainhealthalliance.org\/es\/wp-json\/wp\/v2\/pages\/6961\/revisions\/6977"}],"wp:attachment":[{"href":"http:\/\/westmountainhealthalliance.org\/es\/wp-json\/wp\/v2\/media?parent=6961"}],"curies":[{"name":"gracias","href":"https:\/\/api.w.org\/{rel}","templated":true}]}}