{"id":1940,"date":"2020-04-01T09:27:33","date_gmt":"2020-04-01T16:27:33","guid":{"rendered":"https:\/\/westmountainhealthalliance.org\/?page_id=830"},"modified":"2023-09-28T16:02:12","modified_gmt":"2023-09-28T22:02:12","slug":"vivienda-de-apoyo-permanente-2","status":"publish","type":"page","link":"https:\/\/westmountainhealthalliance.org\/es\/initiatives\/permanent-supportive-housing-2\/","title":{"rendered":"Vivienda de apoyo permanente"},"content":{"rendered":"<h1>\n\t\tVivienda de apoyo permanente (PSH)\n\t<\/h1>\n\t<strong>Vivienda de apoyo permanente (PSH)<\/strong> es una intervenci\u00f3n que combina asistencia para vivienda asequible con servicios de apoyo voluntario para abordar las necesidades de quienes han experimentado falta de vivienda cr\u00f3nica. Los servicios est\u00e1n dise\u00f1ados para desarrollar una vida independiente con habilidades de arrendamiento y conectar a las personas con servicios de atenci\u00f3n m\u00e9dica, tratamiento y empleo basados en la comunidad. En asociaci\u00f3n con la Colorado Health Foundation, West Mountain Regional Health Alliance est\u00e1 desarrollando actualmente un plan de implementaci\u00f3n para traer Vivienda de Apoyo Permanente a nuestro valle.<br \/>\n<a href=\"https:\/\/westmountainhealthalliance.org\/wp-content\/uploads\/2020\/04\/PSH-1-Pager-6.pdf\" target=\"_blank\" rel=\"noopener\">Conozca m\u00e1s sobre nuestro Plan de Vivienda de Apoyo Permanente<\/a><br \/>\n<a href=\"https:\/\/westmountainhealthalliance.org\/wp-content\/uploads\/2020\/05\/WMRHA-Housing-Instability-Study-2019.pdf\" target=\"_blank\" rel=\"noopener\">Revise nuestro Estudio de inestabilidad de vivienda de 2019 para conocer las necesidades de vivienda de nuestra comunidad.<\/a><br \/>\n\n<p><strong>\u00a1Necesitamos tu ayuda!<\/strong> WMRHA est\u00e1 buscando un terreno o un edificio para donar o comprar y utilizarlo como vivienda de apoyo permanente. Comun\u00edquese con westmountainhealthalliance@gmail.com si tiene sugerencias.<\/p>\n\t<p><a href=\"https:\/\/westmountainhealthalliance.org\/wp-content\/uploads\/2022\/04\/Permanent-Supportive-Housing.pdf\" target=\"_blank\" rel=\"noopener\">Vivienda de apoyo permanente<\/a><\/p>\n<p><a href=\"https:\/\/westmountainhealthalliance.org\/wp-content\/uploads\/2022\/04\/Permanent-Supportive-Housing.pdf\" target=\"_blank\" rel=\"noopener\"><img decoding=\"async\" src=\"https:\/\/westmountainhealthalliance.org\/wp-content\/uploads\/2022\/04\/Permanent-Supportive-Housing.jpg\" alt=\"\" width=\"232\" height=\"300\" \/><\/a><\/p>\n\t<p><a href=\"https:\/\/westmountainhealthalliance.org\/wp-content\/uploads\/2020\/05\/housing-continuum.png\" target=\"_blank\" rel=\"noopener\"><img decoding=\"async\" src=\"https:\/\/westmountainhealthalliance.org\/wp-content\/uploads\/2020\/05\/housing-continuum-300x170.png\" alt=\"\" width=\"300\" height=\"170\" \/><\/a><\/p>\n\t<p><em><strong>Recursos adicionales para viviendas de apoyo permanentes<\/strong><br \/><\/em><a href=\"https:\/\/www.thedeloresproject.org\/arroyo-village\/\" target=\"_blank\" rel=\"noopener\">El Proyecto Delores \u2013 Denver, Colorado \u00a0<\/a><\/p>\n<p><a href=\"https:\/\/endhomelessness.org\/ending-homelessness\/solutions\/permanent-supportive-housing\/\" target=\"_blank\" rel=\"noopener\">Alianza Nacional para Acabar con la Falta de Vivienda<\/a><br \/><a href=\"https:\/\/nhchc.org\/clinical-practice\/homeless-services\/permanent-supportive-housing\/\" target=\"_blank\" rel=\"noopener\">Consejo Nacional de Atenci\u00f3n M\u00e9dica para las Personas sin Hogar<\/a><br \/><a href=\"https:\/\/www.usich.gov\/solutions\/housing\/supportive-housing\/\" target=\"_blank\" rel=\"noopener\">Consejo Interinstitucional de los Estados Unidos sobre Personas sin Hogar<\/a><\/p>","protected":false},"excerpt":{"rendered":"<p>Vivienda de apoyo permanente (PSH) La vivienda de apoyo permanente (PSH) es una intervenci\u00f3n que combina asistencia para vivienda asequible con servicios de apoyo voluntario para abordar las necesidades de quienes han experimentado falta de vivienda cr\u00f3nica. Los servicios est\u00e1n dise\u00f1ados para desarrollar una vida independiente con habilidades de arrendamiento y conectar a las personas con servicios comunitarios de atenci\u00f3n m\u00e9dica, tratamiento y empleo. En asociaci\u00f3n con ... Leer m\u00e1s <a title=\"Vivienda de apoyo permanente\" class=\"read-more\" href=\"https:\/\/westmountainhealthalliance.org\/es\/initiatives\/permanent-supportive-housing-2\/\" aria-label=\"Leer m\u00e1s sobre Vivienda de Apoyo Permanente\">Leer m\u00e1s<\/a><\/p>","protected":false},"author":2,"featured_media":0,"parent":323,"menu_order":0,"comment_status":"closed","ping_status":"closed","template":"","meta":{"_acf_changed":false,"footnotes":""},"class_list":["post-1940","page","type-page","status-publish"],"acf":[],"yoast_head":"<!-- This site is optimized with the Yoast SEO plugin v27.5 - https:\/\/yoast.com\/product\/yoast-seo-wordpress\/ -->\n<title>Permanent Supportive Housing - West Mountain Regional Health Alliance<\/title>\n<meta name=\"robots\" content=\"index, follow, max-snippet:-1, max-image-preview:large, max-video-preview:-1\" \/>\n<link rel=\"canonical\" href=\"https:\/\/westmountainhealthalliance.org\/es\/nuestras-iniciativas\/vivienda-de-apoyo-permanente-2\/\" \/>\n<meta property=\"og:locale\" content=\"es_MX\" \/>\n<meta property=\"og:type\" content=\"article\" \/>\n<meta property=\"og:title\" content=\"Permanent Supportive Housing - West Mountain Regional Health Alliance\" \/>\n<meta property=\"og:description\" content=\"Permanent Supportive Housing (PSH) Permanent supportive housing (PSH) is an intervention that combines affordable housing assistance with voluntary support services to address the needs of those who have experienced chronic homelessness. Services are designed to build independent living with tenancy skills and connect people with community-based health care, treatment and employment services. Partnering with the ... Read more\" \/>\n<meta property=\"og:url\" content=\"https:\/\/westmountainhealthalliance.org\/es\/nuestras-iniciativas\/vivienda-de-apoyo-permanente-2\/\" \/>\n<meta property=\"og:site_name\" content=\"West Mountain Regional Health Alliance\" \/>\n<meta property=\"article:publisher\" content=\"https:\/\/www.facebook.com\/wmrhealthalliance\/\" \/>\n<meta property=\"article:modified_time\" content=\"2023-09-28T22:02:12+00:00\" \/>\n<meta property=\"og:image\" content=\"https:\/\/westmountainhealthalliance.org\/wp-content\/uploads\/2022\/04\/Permanent-Supportive-Housing.jpg\" \/>\n<meta name=\"twitter:card\" content=\"summary_large_image\" \/>\n<meta name=\"twitter:label1\" content=\"Tiempo de lectura\" \/>\n\t<meta name=\"twitter:data1\" content=\"1 minuto\" \/>\n<script type=\"application\/ld+json\" class=\"yoast-schema-graph\">{\"@context\":\"https:\\\/\\\/schema.org\",\"@graph\":[{\"@type\":\"WebPage\",\"@id\":\"https:\\\/\\\/westmountainhealthalliance.org\\\/initiatives\\\/permanent-supportive-housing-2\\\/\",\"url\":\"https:\\\/\\\/westmountainhealthalliance.org\\\/initiatives\\\/permanent-supportive-housing-2\\\/\",\"name\":\"Permanent Supportive Housing - West Mountain Regional Health Alliance\",\"isPartOf\":{\"@id\":\"https:\\\/\\\/westmountainhealthalliance.org\\\/#website\"},\"primaryImageOfPage\":{\"@id\":\"https:\\\/\\\/westmountainhealthalliance.org\\\/initiatives\\\/permanent-supportive-housing-2\\\/#primaryimage\"},\"image\":{\"@id\":\"https:\\\/\\\/westmountainhealthalliance.org\\\/initiatives\\\/permanent-supportive-housing-2\\\/#primaryimage\"},\"thumbnailUrl\":\"https:\\\/\\\/westmountainhealthalliance.org\\\/wp-content\\\/uploads\\\/2022\\\/04\\\/Permanent-Supportive-Housing.jpg\",\"datePublished\":\"2020-04-01T16:27:33+00:00\",\"dateModified\":\"2023-09-28T22:02:12+00:00\",\"breadcrumb\":{\"@id\":\"https:\\\/\\\/westmountainhealthalliance.org\\\/initiatives\\\/permanent-supportive-housing-2\\\/#breadcrumb\"},\"inLanguage\":\"es\",\"potentialAction\":[{\"@type\":\"ReadAction\",\"target\":[\"https:\\\/\\\/westmountainhealthalliance.org\\\/initiatives\\\/permanent-supportive-housing-2\\\/\"]}]},{\"@type\":\"ImageObject\",\"inLanguage\":\"es\",\"@id\":\"https:\\\/\\\/westmountainhealthalliance.org\\\/initiatives\\\/permanent-supportive-housing-2\\\/#primaryimage\",\"url\":\"https:\\\/\\\/westmountainhealthalliance.org\\\/wp-content\\\/uploads\\\/2022\\\/04\\\/Permanent-Supportive-Housing.jpg\",\"contentUrl\":\"https:\\\/\\\/westmountainhealthalliance.org\\\/wp-content\\\/uploads\\\/2022\\\/04\\\/Permanent-Supportive-Housing.jpg\"},{\"@type\":\"BreadcrumbList\",\"@id\":\"https:\\\/\\\/westmountainhealthalliance.org\\\/initiatives\\\/permanent-supportive-housing-2\\\/#breadcrumb\",\"itemListElement\":[{\"@type\":\"ListItem\",\"position\":1,\"name\":\"Home\",\"item\":\"https:\\\/\\\/westmountainhealthalliance.org\\\/\"},{\"@type\":\"ListItem\",\"position\":2,\"name\":\"Initiatives\",\"item\":\"https:\\\/\\\/westmountainhealthalliance.org\\\/initiatives\\\/\"},{\"@type\":\"ListItem\",\"position\":3,\"name\":\"Permanent Supportive Housing\"}]},{\"@type\":\"WebSite\",\"@id\":\"https:\\\/\\\/westmountainhealthalliance.org\\\/#website\",\"url\":\"https:\\\/\\\/westmountainhealthalliance.org\\\/\",\"name\":\"West Mountain Regional Health Alliance\",\"description\":\"We unite leaders in health and social services to collaboratively strengthen our community&#039;s care system\",\"publisher\":{\"@id\":\"https:\\\/\\\/westmountainhealthalliance.org\\\/#organization\"},\"alternateName\":\"WMRHA\",\"potentialAction\":[{\"@type\":\"SearchAction\",\"target\":{\"@type\":\"EntryPoint\",\"urlTemplate\":\"https:\\\/\\\/westmountainhealthalliance.org\\\/?s={search_term_string}\"},\"query-input\":{\"@type\":\"PropertyValueSpecification\",\"valueRequired\":true,\"valueName\":\"search_term_string\"}}],\"inLanguage\":\"es\"},{\"@type\":\"Organization\",\"@id\":\"https:\\\/\\\/westmountainhealthalliance.org\\\/#organization\",\"name\":\"West Mountain Regional Health Alliance\",\"alternateName\":\"WMRHA\",\"url\":\"https:\\\/\\\/westmountainhealthalliance.org\\\/\",\"logo\":{\"@type\":\"ImageObject\",\"inLanguage\":\"es\",\"@id\":\"https:\\\/\\\/westmountainhealthalliance.org\\\/#\\\/schema\\\/logo\\\/image\\\/\",\"url\":\"https:\\\/\\\/westmountainhealthalliance.org\\\/wp-content\\\/uploads\\\/2023\\\/09\\\/WMRHA-logo.jpg\",\"contentUrl\":\"https:\\\/\\\/westmountainhealthalliance.org\\\/wp-content\\\/uploads\\\/2023\\\/09\\\/WMRHA-logo.jpg\",\"width\":1920,\"height\":1920,\"caption\":\"West Mountain Regional Health Alliance\"},\"image\":{\"@id\":\"https:\\\/\\\/westmountainhealthalliance.org\\\/#\\\/schema\\\/logo\\\/image\\\/\"},\"sameAs\":[\"https:\\\/\\\/www.facebook.com\\\/wmrhealthalliance\\\/\"]}]}<\/script>\n<!-- \/ Yoast SEO plugin. -->","yoast_head_json":{"title":"Vivienda de apoyo permanente - West Mountain Regional Health Alliance","robots":{"index":"index","follow":"follow","max-snippet":"max-snippet:-1","max-image-preview":"max-image-preview:large","max-video-preview":"max-video-preview:-1"},"canonical":"https:\/\/westmountainhealthalliance.org\/es\/nuestras-iniciativas\/vivienda-de-apoyo-permanente-2\/","og_locale":"es_MX","og_type":"article","og_title":"Permanent Supportive Housing - West Mountain Regional Health Alliance","og_description":"Permanent Supportive Housing (PSH) Permanent supportive housing (PSH) is an intervention that combines affordable housing assistance with voluntary support services to address the needs of those who have experienced chronic homelessness. Services are designed to build independent living with tenancy skills and connect people with community-based health care, treatment and employment services. Partnering with the ... Read more","og_url":"https:\/\/westmountainhealthalliance.org\/es\/nuestras-iniciativas\/vivienda-de-apoyo-permanente-2\/","og_site_name":"West Mountain Regional Health Alliance","article_publisher":"https:\/\/www.facebook.com\/wmrhealthalliance\/","article_modified_time":"2023-09-28T22:02:12+00:00","og_image":[{"url":"https:\/\/westmountainhealthalliance.org\/wp-content\/uploads\/2022\/04\/Permanent-Supportive-Housing.jpg","type":"","width":"","height":""}],"twitter_card":"summary_large_image","twitter_misc":{"Tiempo de lectura":"1 minuto"},"schema":{"@context":"https:\/\/schema.org","@graph":[{"@type":"WebPage","@id":"https:\/\/westmountainhealthalliance.org\/initiatives\/permanent-supportive-housing-2\/","url":"https:\/\/westmountainhealthalliance.org\/initiatives\/permanent-supportive-housing-2\/","name":"Vivienda de apoyo permanente - West Mountain Regional Health Alliance","isPartOf":{"@id":"https:\/\/westmountainhealthalliance.org\/#website"},"primaryImageOfPage":{"@id":"https:\/\/westmountainhealthalliance.org\/initiatives\/permanent-supportive-housing-2\/#primaryimage"},"image":{"@id":"https:\/\/westmountainhealthalliance.org\/initiatives\/permanent-supportive-housing-2\/#primaryimage"},"thumbnailUrl":"https:\/\/westmountainhealthalliance.org\/wp-content\/uploads\/2022\/04\/Permanent-Supportive-Housing.jpg","datePublished":"2020-04-01T16:27:33+00:00","dateModified":"2023-09-28T22:02:12+00:00","breadcrumb":{"@id":"https:\/\/westmountainhealthalliance.org\/initiatives\/permanent-supportive-housing-2\/#breadcrumb"},"inLanguage":"es","potentialAction":[{"@type":"ReadAction","target":["https:\/\/westmountainhealthalliance.org\/initiatives\/permanent-supportive-housing-2\/"]}]},{"@type":"ImageObject","inLanguage":"es","@id":"https:\/\/westmountainhealthalliance.org\/initiatives\/permanent-supportive-housing-2\/#primaryimage","url":"https:\/\/westmountainhealthalliance.org\/wp-content\/uploads\/2022\/04\/Permanent-Supportive-Housing.jpg","contentUrl":"https:\/\/westmountainhealthalliance.org\/wp-content\/uploads\/2022\/04\/Permanent-Supportive-Housing.jpg"},{"@type":"BreadcrumbList","@id":"https:\/\/westmountainhealthalliance.org\/initiatives\/permanent-supportive-housing-2\/#breadcrumb","itemListElement":[{"@type":"ListItem","position":1,"name":"Home","item":"https:\/\/westmountainhealthalliance.org\/"},{"@type":"ListItem","position":2,"name":"Initiatives","item":"https:\/\/westmountainhealthalliance.org\/initiatives\/"},{"@type":"ListItem","position":3,"name":"Permanent Supportive Housing"}]},{"@type":"WebSite","@id":"https:\/\/westmountainhealthalliance.org\/#website","url":"https:\/\/westmountainhealthalliance.org\/","name":"Alianza Regional de Salud de West Mountain","description":"Unimos a l\u00edderes en servicios sociales y de salud para fortalecer colaborativamente el sistema de atenci\u00f3n de nuestra comunidad.","publisher":{"@id":"https:\/\/westmountainhealthalliance.org\/#organization"},"alternateName":"WMRHA","potentialAction":[{"@type":"SearchAction","target":{"@type":"EntryPoint","urlTemplate":"https:\/\/westmountainhealthalliance.org\/?s={search_term_string}"},"query-input":{"@type":"PropertyValueSpecification","valueRequired":true,"valueName":"search_term_string"}}],"inLanguage":"es"},{"@type":"Organization","@id":"https:\/\/westmountainhealthalliance.org\/#organization","name":"Alianza Regional de Salud de West Mountain","alternateName":"WMRHA","url":"https:\/\/westmountainhealthalliance.org\/","logo":{"@type":"ImageObject","inLanguage":"es","@id":"https:\/\/westmountainhealthalliance.org\/#\/schema\/logo\/image\/","url":"https:\/\/westmountainhealthalliance.org\/wp-content\/uploads\/2023\/09\/WMRHA-logo.jpg","contentUrl":"https:\/\/westmountainhealthalliance.org\/wp-content\/uploads\/2023\/09\/WMRHA-logo.jpg","width":1920,"height":1920,"caption":"West Mountain Regional Health Alliance"},"image":{"@id":"https:\/\/westmountainhealthalliance.org\/#\/schema\/logo\/image\/"},"sameAs":["https:\/\/www.facebook.com\/wmrhealthalliance\/"]}]}},"publishpress_future_action":{"enabled":false,"date":"2026-05-06 14:46:15","action":"change-status","newStatus":"draft","terms":[],"taxonomy":"","extraData":[]},"publishpress_future_workflow_manual_trigger":{"enabledWorkflows":[]},"_links":{"self":[{"href":"https:\/\/westmountainhealthalliance.org\/es\/wp-json\/wp\/v2\/pages\/1940","targetHints":{"allow":["GET"]}}],"collection":[{"href":"https:\/\/westmountainhealthalliance.org\/es\/wp-json\/wp\/v2\/pages"}],"about":[{"href":"https:\/\/westmountainhealthalliance.org\/es\/wp-json\/wp\/v2\/types\/page"}],"author":[{"embeddable":true,"href":"https:\/\/westmountainhealthalliance.org\/es\/wp-json\/wp\/v2\/users\/2"}],"replies":[{"embeddable":true,"href":"https:\/\/westmountainhealthalliance.org\/es\/wp-json\/wp\/v2\/comments?post=1940"}],"version-history":[{"count":2,"href":"https:\/\/westmountainhealthalliance.org\/es\/wp-json\/wp\/v2\/pages\/1940\/revisions"}],"predecessor-version":[{"id":5604,"href":"https:\/\/westmountainhealthalliance.org\/es\/wp-json\/wp\/v2\/pages\/1940\/revisions\/5604"}],"up":[{"embeddable":true,"href":"https:\/\/westmountainhealthalliance.org\/es\/wp-json\/wp\/v2\/pages\/323"}],"wp:attachment":[{"href":"https:\/\/westmountainhealthalliance.org\/es\/wp-json\/wp\/v2\/media?parent=1940"}],"curies":[{"name":"gracias","href":"https:\/\/api.w.org\/{rel}","templated":true}]}}