{"id":1950,"date":"2023-04-03T11:19:48","date_gmt":"2023-04-03T17:19:48","guid":{"rendered":"https:\/\/westmountainhealthalliance.org\/?page_id=1686"},"modified":"2026-01-27T16:39:02","modified_gmt":"2026-01-27T23:39:02","slug":"carreras-wmrha","status":"publish","type":"page","link":"https:\/\/westmountainhealthalliance.org\/es\/careers-wmrha\/","title":{"rendered":"Carreras"},"content":{"rendered":"<h1>\n\t\t\t\u00danase al equipo WMRHA\t<\/h1>\n<h2>\n\t\t\tWest Mountain Regional Health Alliance Carreras\t<\/h2>\n\t<p>West Mountain Regional Health Alliance busca candidatos que tengan pasi\u00f3n por la colaboraci\u00f3n, habilidades para establecer contactos y generar consenso, coaliciones y abordar el cambio de sistemas desde una perspectiva centrada en el ser humano.<\/p>\n<p><strong>Consulte a continuaci\u00f3n los puestos vacantes para los que estamos reclutando activamente candidatos calificados.<\/strong><\/p>\n<p>Si no ve el trabajo de sus sue\u00f1os publicado a continuaci\u00f3n pero cree que es un buen candidato para unirse al equipo, por favor <a href=\"mailto:WestMountainHealthAlliance@gmail.com\">Env\u00edanos<\/a> una carta de inter\u00e9s general y un curr\u00edculum para cualquier puesto que pueda estar disponible. \u00a1Siempre estamos buscando a las personas adecuadas!<\/p>\n<h2>\n\t\t\tNuestro Compromiso\t<\/h2>\n\t<p>WMRHA es un empleador que ofrece igualdad de oportunidades y est\u00e1 comprometido a crear una cultura de justicia, equidad, diversidad e inclusi\u00f3n en nuestro lugar de trabajo. WMRHA se esfuerza por crear y mantener un nivel de diversidad que refleje las comunidades a las que servimos. Lograr esto, independientemente de la raza, etnia, ascendencia, afiliaci\u00f3n tribal, edad, g\u00e9nero, orientaci\u00f3n sexual, identidad de g\u00e9nero, religi\u00f3n, condici\u00f3n de veterano, discapacidad, clase socioecon\u00f3mica, nivel educativo u otras identidades sociales, es fundamental para nuestra capacidad de tener una comunidad. donde todas las personas tengan acceso a los servicios de salud.<\/p>\n<p><strong>Nuestro compromiso garantiza que:<\/strong><\/p>\n<ul>\n<li>Tener una forma diferente de pensar que proviene de diversos or\u00edgenes y culturas, lo que nos permite resolver algunos de los desaf\u00edos de salud m\u00e1s importantes de la regi\u00f3n.<\/li>\n<li>Luchar por una cultura de inclusi\u00f3n y pertenencia trat\u00e1ndonos unos a otros con dignidad, respeto y aprecio, permiti\u00e9ndonos sentirnos bienvenidos, apoyados y valorados.<\/li>\n<li>Conecte, comunique y construya relaciones duraderas de manera efectiva con las partes interesadas dentro de nuestras diversas comunidades.<\/li>\n<li>Tener diversidad de pensamientos, perspectivas, or\u00edgenes, identidades y talentos que respalden nuestra misi\u00f3n.<\/li>\n<\/ul>","protected":false},"excerpt":{"rendered":"<p>\u00danase al equipo WMRHA Carreras West Mountain Regional Health Alliance West Mountain Regional Health Alliance busca candidatos que tengan pasi\u00f3n por la colaboraci\u00f3n, habilidades para establecer contactos y generar consenso, coaliciones y abordar el cambio de sistemas desde una lente centrada en el ser humano. Consulte a continuaci\u00f3n los puestos vacantes para los que estamos reclutando activamente candidatos calificados. Si no ves tu\u2026 <a title=\"Carreras\" class=\"read-more\" href=\"https:\/\/westmountainhealthalliance.org\/es\/careers-wmrha\/\" aria-label=\"Leer m\u00e1s sobre Carreras\">Leer m\u00e1s<\/a><\/p>","protected":false},"author":2,"featured_media":0,"parent":0,"menu_order":0,"comment_status":"closed","ping_status":"closed","template":"","meta":{"_acf_changed":false,"footnotes":""},"class_list":["post-1950","page","type-page","status-publish"],"acf":[],"yoast_head":"<!-- This site is optimized with the Yoast SEO plugin v27.5 - https:\/\/yoast.com\/product\/yoast-seo-wordpress\/ -->\n<title>Careers - We are actively recruiting qualified candidates.<\/title>\n<meta name=\"description\" content=\"WMRHA is always looking for qualified and passionate people to join our team. Please respond to openings or send a general letter of interest.\" \/>\n<meta name=\"robots\" content=\"index, follow, max-snippet:-1, max-image-preview:large, max-video-preview:-1\" \/>\n<link rel=\"canonical\" href=\"https:\/\/westmountainhealthalliance.org\/es\/carreras-wmrha\/\" \/>\n<meta property=\"og:locale\" content=\"es_MX\" \/>\n<meta property=\"og:type\" content=\"article\" \/>\n<meta property=\"og:title\" content=\"Careers - We are actively recruiting qualified candidates.\" \/>\n<meta property=\"og:description\" content=\"WMRHA is always looking for qualified and passionate people to join our team. Please respond to openings or send a general letter of interest.\" \/>\n<meta property=\"og:url\" content=\"https:\/\/westmountainhealthalliance.org\/es\/carreras-wmrha\/\" \/>\n<meta property=\"og:site_name\" content=\"West Mountain Regional Health Alliance\" \/>\n<meta property=\"article:publisher\" content=\"https:\/\/www.facebook.com\/wmrhealthalliance\/\" \/>\n<meta property=\"article:modified_time\" content=\"2026-01-27T23:39:02+00:00\" \/>\n<meta property=\"og:image\" content=\"https:\/\/westmountainhealthalliance.org\/wp-content\/uploads\/2023\/09\/WMRHA-logo.jpg\" \/>\n\t<meta property=\"og:image:width\" content=\"1920\" \/>\n\t<meta property=\"og:image:height\" content=\"1920\" \/>\n\t<meta property=\"og:image:type\" content=\"image\/jpeg\" \/>\n<meta name=\"twitter:card\" content=\"summary_large_image\" \/>\n<meta name=\"twitter:label1\" content=\"Tiempo de lectura\" \/>\n\t<meta name=\"twitter:data1\" content=\"2 minutos\" \/>\n<script type=\"application\/ld+json\" class=\"yoast-schema-graph\">{\"@context\":\"https:\\\/\\\/schema.org\",\"@graph\":[{\"@type\":\"WebPage\",\"@id\":\"https:\\\/\\\/westmountainhealthalliance.org\\\/careers-wmrha\\\/\",\"url\":\"https:\\\/\\\/westmountainhealthalliance.org\\\/careers-wmrha\\\/\",\"name\":\"Careers - We are actively recruiting qualified candidates.\",\"isPartOf\":{\"@id\":\"https:\\\/\\\/westmountainhealthalliance.org\\\/#website\"},\"datePublished\":\"2023-04-03T17:19:48+00:00\",\"dateModified\":\"2026-01-27T23:39:02+00:00\",\"description\":\"WMRHA is always looking for qualified and passionate people to join our team. Please respond to openings or send a general letter of interest.\",\"breadcrumb\":{\"@id\":\"https:\\\/\\\/westmountainhealthalliance.org\\\/careers-wmrha\\\/#breadcrumb\"},\"inLanguage\":\"es\",\"potentialAction\":[{\"@type\":\"ReadAction\",\"target\":[\"https:\\\/\\\/westmountainhealthalliance.org\\\/careers-wmrha\\\/\"]}]},{\"@type\":\"BreadcrumbList\",\"@id\":\"https:\\\/\\\/westmountainhealthalliance.org\\\/careers-wmrha\\\/#breadcrumb\",\"itemListElement\":[{\"@type\":\"ListItem\",\"position\":1,\"name\":\"Home\",\"item\":\"https:\\\/\\\/westmountainhealthalliance.org\\\/\"},{\"@type\":\"ListItem\",\"position\":2,\"name\":\"Careers\"}]},{\"@type\":\"WebSite\",\"@id\":\"https:\\\/\\\/westmountainhealthalliance.org\\\/#website\",\"url\":\"https:\\\/\\\/westmountainhealthalliance.org\\\/\",\"name\":\"West Mountain Regional Health Alliance\",\"description\":\"We unite leaders in health and social services to collaboratively strengthen our community&#039;s care system\",\"publisher\":{\"@id\":\"https:\\\/\\\/westmountainhealthalliance.org\\\/#organization\"},\"alternateName\":\"WMRHA\",\"potentialAction\":[{\"@type\":\"SearchAction\",\"target\":{\"@type\":\"EntryPoint\",\"urlTemplate\":\"https:\\\/\\\/westmountainhealthalliance.org\\\/?s={search_term_string}\"},\"query-input\":{\"@type\":\"PropertyValueSpecification\",\"valueRequired\":true,\"valueName\":\"search_term_string\"}}],\"inLanguage\":\"es\"},{\"@type\":\"Organization\",\"@id\":\"https:\\\/\\\/westmountainhealthalliance.org\\\/#organization\",\"name\":\"West Mountain Regional Health Alliance\",\"alternateName\":\"WMRHA\",\"url\":\"https:\\\/\\\/westmountainhealthalliance.org\\\/\",\"logo\":{\"@type\":\"ImageObject\",\"inLanguage\":\"es\",\"@id\":\"https:\\\/\\\/westmountainhealthalliance.org\\\/#\\\/schema\\\/logo\\\/image\\\/\",\"url\":\"https:\\\/\\\/westmountainhealthalliance.org\\\/wp-content\\\/uploads\\\/2023\\\/09\\\/WMRHA-logo.jpg\",\"contentUrl\":\"https:\\\/\\\/westmountainhealthalliance.org\\\/wp-content\\\/uploads\\\/2023\\\/09\\\/WMRHA-logo.jpg\",\"width\":1920,\"height\":1920,\"caption\":\"West Mountain Regional Health Alliance\"},\"image\":{\"@id\":\"https:\\\/\\\/westmountainhealthalliance.org\\\/#\\\/schema\\\/logo\\\/image\\\/\"},\"sameAs\":[\"https:\\\/\\\/www.facebook.com\\\/wmrhealthalliance\\\/\"]}]}<\/script>\n<!-- \/ Yoast SEO plugin. -->","yoast_head_json":{"title":"Carreras: estamos reclutando activamente candidatos calificados.","description":"WMRHA siempre est\u00e1 buscando personas calificadas y apasionadas para unirse a nuestro equipo. Responda a las vacantes o env\u00ede una carta general de inter\u00e9s.","robots":{"index":"index","follow":"follow","max-snippet":"max-snippet:-1","max-image-preview":"max-image-preview:large","max-video-preview":"max-video-preview:-1"},"canonical":"https:\/\/westmountainhealthalliance.org\/es\/carreras-wmrha\/","og_locale":"es_MX","og_type":"article","og_title":"Careers - We are actively recruiting qualified candidates.","og_description":"WMRHA is always looking for qualified and passionate people to join our team. Please respond to openings or send a general letter of interest.","og_url":"https:\/\/westmountainhealthalliance.org\/es\/carreras-wmrha\/","og_site_name":"West Mountain Regional Health Alliance","article_publisher":"https:\/\/www.facebook.com\/wmrhealthalliance\/","article_modified_time":"2026-01-27T23:39:02+00:00","og_image":[{"width":1920,"height":1920,"url":"https:\/\/westmountainhealthalliance.org\/wp-content\/uploads\/2023\/09\/WMRHA-logo.jpg","type":"image\/jpeg"}],"twitter_card":"summary_large_image","twitter_misc":{"Tiempo de lectura":"2 minutos"},"schema":{"@context":"https:\/\/schema.org","@graph":[{"@type":"WebPage","@id":"https:\/\/westmountainhealthalliance.org\/careers-wmrha\/","url":"https:\/\/westmountainhealthalliance.org\/careers-wmrha\/","name":"Carreras: estamos reclutando activamente candidatos calificados.","isPartOf":{"@id":"https:\/\/westmountainhealthalliance.org\/#website"},"datePublished":"2023-04-03T17:19:48+00:00","dateModified":"2026-01-27T23:39:02+00:00","description":"WMRHA siempre est\u00e1 buscando personas calificadas y apasionadas para unirse a nuestro equipo. Responda a las vacantes o env\u00ede una carta general de inter\u00e9s.","breadcrumb":{"@id":"https:\/\/westmountainhealthalliance.org\/careers-wmrha\/#breadcrumb"},"inLanguage":"es","potentialAction":[{"@type":"ReadAction","target":["https:\/\/westmountainhealthalliance.org\/careers-wmrha\/"]}]},{"@type":"BreadcrumbList","@id":"https:\/\/westmountainhealthalliance.org\/careers-wmrha\/#breadcrumb","itemListElement":[{"@type":"ListItem","position":1,"name":"Home","item":"https:\/\/westmountainhealthalliance.org\/"},{"@type":"ListItem","position":2,"name":"Careers"}]},{"@type":"WebSite","@id":"https:\/\/westmountainhealthalliance.org\/#website","url":"https:\/\/westmountainhealthalliance.org\/","name":"Alianza Regional de Salud de West Mountain","description":"Unimos a l\u00edderes en servicios sociales y de salud para fortalecer colaborativamente el sistema de atenci\u00f3n de nuestra comunidad.","publisher":{"@id":"https:\/\/westmountainhealthalliance.org\/#organization"},"alternateName":"WMRHA","potentialAction":[{"@type":"SearchAction","target":{"@type":"EntryPoint","urlTemplate":"https:\/\/westmountainhealthalliance.org\/?s={search_term_string}"},"query-input":{"@type":"PropertyValueSpecification","valueRequired":true,"valueName":"search_term_string"}}],"inLanguage":"es"},{"@type":"Organization","@id":"https:\/\/westmountainhealthalliance.org\/#organization","name":"Alianza Regional de Salud de West Mountain","alternateName":"WMRHA","url":"https:\/\/westmountainhealthalliance.org\/","logo":{"@type":"ImageObject","inLanguage":"es","@id":"https:\/\/westmountainhealthalliance.org\/#\/schema\/logo\/image\/","url":"https:\/\/westmountainhealthalliance.org\/wp-content\/uploads\/2023\/09\/WMRHA-logo.jpg","contentUrl":"https:\/\/westmountainhealthalliance.org\/wp-content\/uploads\/2023\/09\/WMRHA-logo.jpg","width":1920,"height":1920,"caption":"West Mountain Regional Health Alliance"},"image":{"@id":"https:\/\/westmountainhealthalliance.org\/#\/schema\/logo\/image\/"},"sameAs":["https:\/\/www.facebook.com\/wmrhealthalliance\/"]}]}},"publishpress_future_action":{"enabled":false,"date":"2026-05-09 07:56:22","action":"change-status","newStatus":"draft","terms":[],"taxonomy":"","extraData":[]},"publishpress_future_workflow_manual_trigger":{"enabledWorkflows":[]},"_links":{"self":[{"href":"https:\/\/westmountainhealthalliance.org\/es\/wp-json\/wp\/v2\/pages\/1950","targetHints":{"allow":["GET"]}}],"collection":[{"href":"https:\/\/westmountainhealthalliance.org\/es\/wp-json\/wp\/v2\/pages"}],"about":[{"href":"https:\/\/westmountainhealthalliance.org\/es\/wp-json\/wp\/v2\/types\/page"}],"author":[{"embeddable":true,"href":"https:\/\/westmountainhealthalliance.org\/es\/wp-json\/wp\/v2\/users\/2"}],"replies":[{"embeddable":true,"href":"https:\/\/westmountainhealthalliance.org\/es\/wp-json\/wp\/v2\/comments?post=1950"}],"version-history":[{"count":12,"href":"https:\/\/westmountainhealthalliance.org\/es\/wp-json\/wp\/v2\/pages\/1950\/revisions"}],"predecessor-version":[{"id":7654,"href":"https:\/\/westmountainhealthalliance.org\/es\/wp-json\/wp\/v2\/pages\/1950\/revisions\/7654"}],"wp:attachment":[{"href":"https:\/\/westmountainhealthalliance.org\/es\/wp-json\/wp\/v2\/media?parent=1950"}],"curies":[{"name":"gracias","href":"https:\/\/api.w.org\/{rel}","templated":true}]}}