{"id":2,"date":"2023-06-14T15:36:46","date_gmt":"2023-06-14T21:36:46","guid":{"rendered":"http:\/\/basewheel.com\/wmrha\/?page_id=2"},"modified":"2026-03-02T11:20:45","modified_gmt":"2026-03-02T18:20:45","slug":"hogar","status":"publish","type":"page","link":"https:\/\/westmountainhealthalliance.org\/es\/","title":{"rendered":"Hogar"},"content":{"rendered":"<h2>\n\t\t\tLa inequidad en los sistemas de salud es un problema que vale la pena resolver\t<\/h2>\n\t<p>Al liderar iniciativas de colaboraci\u00f3n, WMRHA y nuestros socios est\u00e1n transformando los sistemas de salud regionales. Nuestro objetivo es la salud para todas las personas y comunidades apoyando juntos el cambio.<\/p>\n\t\t\t<a href=\"https:\/\/westmountainhealthalliance.org\/wp-content\/uploads\/2025\/05\/WMRHA-Strategic-Plan-May-2025-to-Publish-3.pdf\"  target=\"_blank\" rel=\"noopener\">\n\t\t\t\t\t\t\tDescarga Nuestro Plan Estrat\u00e9gico\n\t\t\t<\/a>\n<figure itemscope itemtype=\"https:\/\/schema.org\/ImageObject\">\n\t\t\t\t<img decoding=\"async\" src=\"https:\/\/westmountainhealthalliance.org\/wp-content\/uploads\/2023\/09\/latina-mother-daughter.jpg\" alt=\"madre-hija-latina\" height=\"500\" width=\"500\" title=\"madre-hija-latina\" onerror=\"this.style.display='none'\" loading=\"lazy\" \/>\n\t<\/figure>\n<figure itemscope itemtype=\"https:\/\/schema.org\/ImageObject\">\n\t\t\t\t<a href=\"https:\/\/westmountainhealthalliance.org\/wp-content\/uploads\/2023\/09\/SDOH.jpg\"  target=\"_self\" itemprop=\"url\">\n\t\t\t\t<img decoding=\"async\" src=\"https:\/\/westmountainhealthalliance.org\/wp-content\/uploads\/2023\/09\/SDOH.jpg\" alt=\"SDOH - Diagrama de Determinantes Sociales de la Salud\" height=\"787\" width=\"1366\" title=\"SDOH\" onerror=\"this.style.display='none'\" loading=\"lazy\" \/>\n\t\t\t\t<\/a>\n\t<\/figure>\n<h2>\n\t\t\tWMRHA trabaja para:\t<\/h2>\n\t\t\t <p>Aumentar el acceso<\/p>\t\t\n\t\t\t <p>Mejorar la equidad<\/p>\t\t\n\t\t\t <p>Abogar por el cambio<\/p>\t\t\n\t<p>Nos centramos en los m\u00e1s afectados por los determinantes sociales de la salud: factores no m\u00e9dicos que influyen en los resultados de salud.<\/p>\n<h2>\n\t\t\tNuestras Iniciativas\t<\/h2>\n\t<p>Organizamos y financiamos iniciativas con diversos socios para abordar la inseguridad alimentaria, la falta de vivienda y proporcionar recursos de salud comunitarios.<\/p>\n\t\t\t<a href=\"https:\/\/westmountainhealthalliance.org\/es\/nuestras-iniciativas\/\"  target=\"_self\">\n\t\t\t\t\t\t\tWMRHA&#8217;s Current Initiatives\n\t\t\t<\/a>\n<h2>\n\t\t\tAsociaciones \t<\/h2>\n\t<p>Nuestros socios son proveedores de salud, agencias gubernamentales y organizaciones comunitarias que trabajan para mejorar los sistemas de salud.<\/p>\n\t\t\t<a href=\"https:\/\/westmountainhealthalliance.org\/es\/nuestros-companeros\/\"  target=\"_self\">\n\t\t\t\t\t\t\tObtenga m\u00e1s informaci\u00f3n sobre las asociaciones para la salud regional\n\t\t\t<\/a>\n<h2>\n\t\t\tAcerca de WMRHA\t<\/h2>\n\t<p>Identificamos de manera proactiva \u00e1reas de necesidad que afectan la salud, como la falta de vivienda y la seguridad alimentaria. Luego, creamos iniciativas impulsadas por objetivos a trav\u00e9s de asociaciones cooperativas con organizaciones dedicadas a resolver estos problemas de salud comunitarios.<\/p>\n<p>WMRHA sirve como puente para cerrar las brechas en la creaci\u00f3n de redes, la integraci\u00f3n y la financiaci\u00f3n entre las diversas partes interesadas en la salud regional. Una mayor integraci\u00f3n conduce a una superposici\u00f3n organizacional m\u00e1s eficiente, oportunidades de financiaci\u00f3n y una mayor influencia en las pol\u00edticas de salud.<\/p>\n\t\t\t<a href=\"https:\/\/westmountainhealthalliance.org\/es\/acerca-de-wmrha\/\"  target=\"_self\">\n\t\t\t\t\t\t\tM\u00e1s informaci\u00f3n sobre WMRHA\n\t\t\t<\/a>\n<figure itemscope itemtype=\"https:\/\/schema.org\/ImageObject\">\n\t\t\t\t<img decoding=\"async\" src=\"https:\/\/westmountainhealthalliance.org\/wp-content\/uploads\/2023\/08\/WMRHA-Triangle-03.png\" alt=\"WMRHA - Diagrama de Venn de asociaci\u00f3n\" height=\"663\" width=\"668\" title=\"WMRHA-Tri\u00e1ngulo-03\" onerror=\"this.style.display='none'\" loading=\"lazy\" \/>\n\t<\/figure>\n<h2>\n\t\t<a href=\"https:\/\/westmountainhealthalliance.org\/es\/noticias-y-eventos\/\" title=\"Noticias y Eventos\"  target=\"_self\">\n\t\t\tNoticias y Eventos\t\t<\/a>\n\t<\/h2>\n\t<div class=\"em-view-container\" id=\"em-view-1111028814\" data-view=\"list\">\r\n\t<div class=\"em-list em-events-list\" id=\"em-events-list-1111028814\" data-view-id=\"1111028814\">\r\n\t<\/p>\nEvento\n<p><!-- <img decoding=\"async\" width=\"300\" height=\"225\" src=\"https:\/\/westmountainhealthalliance.org\/wp-content\/uploads\/2025\/08\/Quarterly-Meeting.jpg\" class=\"attachment-300x300 size-300x300 wp-post-image\" alt=\"WMRHA Quarterly Meeting\" srcset=\"https:\/\/westmountainhealthalliance.org\/wp-content\/uploads\/2025\/08\/Quarterly-Meeting.jpg 1222w, https:\/\/westmountainhealthalliance.org\/wp-content\/uploads\/2025\/08\/Quarterly-Meeting-300x225.jpg 300w, https:\/\/westmountainhealthalliance.org\/wp-content\/uploads\/2025\/08\/Quarterly-Meeting-1024x767.jpg 1024w, https:\/\/westmountainhealthalliance.org\/wp-content\/uploads\/2025\/08\/Quarterly-Meeting-768x575.jpg 768w, https:\/\/westmountainhealthalliance.org\/wp-content\/uploads\/2025\/08\/Quarterly-Meeting-16x12.jpg 16w\" sizes=\"(max-width: 300px) 100vw, 300px\" \/> --><\/p>\n<a href=\"https:\/\/westmountainhealthalliance.org\/es\/events\/wmrha-quarterly-meeting-4\/\">Reuni\u00f3n trimestral de WMRHA<\/a>\n<small>11:30 - 13:30<\/small><br \/>\n<small>20 de abril de 2026<\/small><br \/>\n<small>, <\/small>\n<p><\/p>\nEvento\n<p><!-- <img decoding=\"async\" width=\"300\" height=\"225\" src=\"https:\/\/westmountainhealthalliance.org\/wp-content\/uploads\/2025\/08\/Quarterly-Meeting.jpg\" class=\"attachment-300x300 size-300x300 wp-post-image\" alt=\"WMRHA Quarterly Meeting\" srcset=\"https:\/\/westmountainhealthalliance.org\/wp-content\/uploads\/2025\/08\/Quarterly-Meeting.jpg 1222w, https:\/\/westmountainhealthalliance.org\/wp-content\/uploads\/2025\/08\/Quarterly-Meeting-300x225.jpg 300w, https:\/\/westmountainhealthalliance.org\/wp-content\/uploads\/2025\/08\/Quarterly-Meeting-1024x767.jpg 1024w, https:\/\/westmountainhealthalliance.org\/wp-content\/uploads\/2025\/08\/Quarterly-Meeting-768x575.jpg 768w, https:\/\/westmountainhealthalliance.org\/wp-content\/uploads\/2025\/08\/Quarterly-Meeting-16x12.jpg 16w\" sizes=\"(max-width: 300px) 100vw, 300px\" \/> --><\/p>\n<a href=\"https:\/\/westmountainhealthalliance.org\/es\/events\/wmrha-quarterly-meeting-5\/\">Reuni\u00f3n trimestral de WMRHA<\/a>\n<small>11:30 - 13:30<\/small><br \/>\n<small>20 de julio de 2026<\/small><br \/>\n<small>, <\/small>\n<p>\t<\/div>\r\n<\/div>","protected":false},"excerpt":{"rendered":"<p>La inequidad en el sistema de salud es un problema que merece soluci\u00f3n. Al liderar iniciativas colaborativas, WMRHA y sus socios est\u00e1n transformando los sistemas de salud regionales. Nuestro objetivo es la salud para todas las personas y comunidades, apoyando el cambio de manera conjunta. Descargue nuestro Plan Estrat\u00e9gico. WMRHA trabaja para: Aumentar el acceso, mejorar la equidad y promover el cambio. Nos enfocamos en los determinantes sociales de la salud\u2026 <a title=\"Hogar\" class=\"read-more\" href=\"https:\/\/westmountainhealthalliance.org\/es\/\" aria-label=\"Leer m\u00e1s sobre Inicio\">Leer m\u00e1s<\/a><\/p>","protected":false},"author":1,"featured_media":5465,"parent":0,"menu_order":0,"comment_status":"closed","ping_status":"closed","template":"","meta":{"_acf_changed":false,"footnotes":""},"class_list":{"0":"post-2","1":"page","2":"type-page","3":"status-publish","4":"has-post-thumbnail","6":"resize-featured-image"},"acf":[],"yoast_head":"<!-- This site is optimized with the Yoast SEO plugin v27.4 - https:\/\/yoast.com\/product\/yoast-seo-wordpress\/ -->\n<title>West Mountain Regional Health Alliance - Eagle, Garfield, Pitkin, CO<\/title>\n<meta name=\"description\" content=\"WMRHA, a Non-profit for health system change. WMRHA unites leaders in health and social services to collaboratively strengthen our community&#039;s care system.\" \/>\n<meta name=\"robots\" content=\"index, follow, max-snippet:-1, max-image-preview:large, max-video-preview:-1\" \/>\n<link rel=\"canonical\" href=\"https:\/\/westmountainhealthalliance.org\/es\/\" \/>\n<meta property=\"og:locale\" content=\"es_MX\" \/>\n<meta property=\"og:type\" content=\"article\" \/>\n<meta property=\"og:title\" content=\"West Mountain Regional Health Alliance - Eagle, Garfield, Pitkin, CO\" \/>\n<meta property=\"og:description\" content=\"WMRHA, a Non-profit for health system change. WMRHA unites leaders in health and social services to collaboratively strengthen our community&#039;s care system.\" \/>\n<meta property=\"og:url\" content=\"https:\/\/westmountainhealthalliance.org\/es\/\" \/>\n<meta property=\"og:site_name\" content=\"West Mountain Regional Health Alliance\" \/>\n<meta property=\"article:publisher\" content=\"https:\/\/www.facebook.com\/wmrhealthalliance\/\" \/>\n<meta property=\"article:modified_time\" content=\"2026-03-02T18:20:45+00:00\" \/>\n<meta property=\"og:image\" content=\"https:\/\/westmountainhealthalliance.org\/wp-content\/uploads\/2023\/09\/WMRHA-logo.jpg\" \/>\n\t<meta property=\"og:image:width\" content=\"1920\" \/>\n\t<meta property=\"og:image:height\" content=\"1920\" \/>\n\t<meta property=\"og:image:type\" content=\"image\/jpeg\" \/>\n<meta name=\"twitter:card\" content=\"summary_large_image\" \/>\n<meta name=\"twitter:label1\" content=\"Tiempo de lectura\" \/>\n\t<meta name=\"twitter:data1\" content=\"2 minutos\" \/>\n<script type=\"application\/ld+json\" class=\"yoast-schema-graph\">{\"@context\":\"https:\\\/\\\/schema.org\",\"@graph\":[{\"@type\":\"WebPage\",\"@id\":\"https:\\\/\\\/westmountainhealthalliance.org\\\/\",\"url\":\"https:\\\/\\\/westmountainhealthalliance.org\\\/\",\"name\":\"West Mountain Regional Health Alliance - Eagle, Garfield, Pitkin, CO\",\"isPartOf\":{\"@id\":\"https:\\\/\\\/westmountainhealthalliance.org\\\/#website\"},\"primaryImageOfPage\":{\"@id\":\"https:\\\/\\\/westmountainhealthalliance.org\\\/#primaryimage\"},\"image\":{\"@id\":\"https:\\\/\\\/westmountainhealthalliance.org\\\/#primaryimage\"},\"thumbnailUrl\":\"https:\\\/\\\/westmountainhealthalliance.org\\\/wp-content\\\/uploads\\\/2023\\\/09\\\/WMRHA-logo.jpg\",\"datePublished\":\"2023-06-14T21:36:46+00:00\",\"dateModified\":\"2026-03-02T18:20:45+00:00\",\"description\":\"WMRHA, a Non-profit for health system change. WMRHA unites leaders in health and social services to collaboratively strengthen our community's care system.\",\"breadcrumb\":{\"@id\":\"https:\\\/\\\/westmountainhealthalliance.org\\\/#breadcrumb\"},\"inLanguage\":\"es\",\"potentialAction\":[{\"@type\":\"ReadAction\",\"target\":[\"https:\\\/\\\/westmountainhealthalliance.org\\\/\"]}]},{\"@type\":\"ImageObject\",\"inLanguage\":\"es\",\"@id\":\"https:\\\/\\\/westmountainhealthalliance.org\\\/#primaryimage\",\"url\":\"https:\\\/\\\/westmountainhealthalliance.org\\\/wp-content\\\/uploads\\\/2023\\\/09\\\/WMRHA-logo.jpg\",\"contentUrl\":\"https:\\\/\\\/westmountainhealthalliance.org\\\/wp-content\\\/uploads\\\/2023\\\/09\\\/WMRHA-logo.jpg\",\"width\":1920,\"height\":1920,\"caption\":\"logo cropped to be horizontal\"},{\"@type\":\"BreadcrumbList\",\"@id\":\"https:\\\/\\\/westmountainhealthalliance.org\\\/#breadcrumb\",\"itemListElement\":[{\"@type\":\"ListItem\",\"position\":1,\"name\":\"Home\",\"item\":\"https:\\\/\\\/westmountainhealthalliance.org\\\/\"},{\"@type\":\"ListItem\",\"position\":2,\"name\":\"Home\"}]},{\"@type\":\"WebSite\",\"@id\":\"https:\\\/\\\/westmountainhealthalliance.org\\\/#website\",\"url\":\"https:\\\/\\\/westmountainhealthalliance.org\\\/\",\"name\":\"West Mountain Regional Health Alliance\",\"description\":\"We unite leaders in health and social services to collaboratively strengthen our community&#039;s care system\",\"publisher\":{\"@id\":\"https:\\\/\\\/westmountainhealthalliance.org\\\/#organization\"},\"alternateName\":\"WMRHA\",\"potentialAction\":[{\"@type\":\"SearchAction\",\"target\":{\"@type\":\"EntryPoint\",\"urlTemplate\":\"https:\\\/\\\/westmountainhealthalliance.org\\\/?s={search_term_string}\"},\"query-input\":{\"@type\":\"PropertyValueSpecification\",\"valueRequired\":true,\"valueName\":\"search_term_string\"}}],\"inLanguage\":\"es\"},{\"@type\":\"Organization\",\"@id\":\"https:\\\/\\\/westmountainhealthalliance.org\\\/#organization\",\"name\":\"West Mountain Regional Health Alliance\",\"alternateName\":\"WMRHA\",\"url\":\"https:\\\/\\\/westmountainhealthalliance.org\\\/\",\"logo\":{\"@type\":\"ImageObject\",\"inLanguage\":\"es\",\"@id\":\"https:\\\/\\\/westmountainhealthalliance.org\\\/#\\\/schema\\\/logo\\\/image\\\/\",\"url\":\"https:\\\/\\\/westmountainhealthalliance.org\\\/wp-content\\\/uploads\\\/2023\\\/09\\\/WMRHA-logo.jpg\",\"contentUrl\":\"https:\\\/\\\/westmountainhealthalliance.org\\\/wp-content\\\/uploads\\\/2023\\\/09\\\/WMRHA-logo.jpg\",\"width\":1920,\"height\":1920,\"caption\":\"West Mountain Regional Health Alliance\"},\"image\":{\"@id\":\"https:\\\/\\\/westmountainhealthalliance.org\\\/#\\\/schema\\\/logo\\\/image\\\/\"},\"sameAs\":[\"https:\\\/\\\/www.facebook.com\\\/wmrhealthalliance\\\/\"]}]}<\/script>\n<!-- \/ Yoast SEO plugin. -->","yoast_head_json":{"title":"West Mountain Regional Health Alliance - Eagle, Garfield, Pitkin, CO","description":"WMRHA, una organizaci\u00f3n sin fines de lucro para el cambio del sistema de salud. Unimos a l\u00edderes en servicios sociales y de salud para fortalecer de manera colaborativa el sistema de atenci\u00f3n de nuestra comunidad.","robots":{"index":"index","follow":"follow","max-snippet":"max-snippet:-1","max-image-preview":"max-image-preview:large","max-video-preview":"max-video-preview:-1"},"canonical":"https:\/\/westmountainhealthalliance.org\/es\/","og_locale":"es_MX","og_type":"article","og_title":"West Mountain Regional Health Alliance - Eagle, Garfield, Pitkin, CO","og_description":"WMRHA, a Non-profit for health system change. WMRHA unites leaders in health and social services to collaboratively strengthen our community's care system.","og_url":"https:\/\/westmountainhealthalliance.org\/es\/","og_site_name":"West Mountain Regional Health Alliance","article_publisher":"https:\/\/www.facebook.com\/wmrhealthalliance\/","article_modified_time":"2026-03-02T18:20:45+00:00","og_image":[{"width":1920,"height":1920,"url":"https:\/\/westmountainhealthalliance.org\/wp-content\/uploads\/2023\/09\/WMRHA-logo.jpg","type":"image\/jpeg"}],"twitter_card":"summary_large_image","twitter_misc":{"Tiempo de lectura":"2 minutos"},"schema":{"@context":"https:\/\/schema.org","@graph":[{"@type":"WebPage","@id":"https:\/\/westmountainhealthalliance.org\/","url":"https:\/\/westmountainhealthalliance.org\/","name":"West Mountain Regional Health Alliance - Eagle, Garfield, Pitkin, CO","isPartOf":{"@id":"https:\/\/westmountainhealthalliance.org\/#website"},"primaryImageOfPage":{"@id":"https:\/\/westmountainhealthalliance.org\/#primaryimage"},"image":{"@id":"https:\/\/westmountainhealthalliance.org\/#primaryimage"},"thumbnailUrl":"https:\/\/westmountainhealthalliance.org\/wp-content\/uploads\/2023\/09\/WMRHA-logo.jpg","datePublished":"2023-06-14T21:36:46+00:00","dateModified":"2026-03-02T18:20:45+00:00","description":"WMRHA, una organizaci\u00f3n sin fines de lucro para el cambio del sistema de salud. Unimos a l\u00edderes en servicios sociales y de salud para fortalecer de manera colaborativa el sistema de atenci\u00f3n de nuestra comunidad.","breadcrumb":{"@id":"https:\/\/westmountainhealthalliance.org\/#breadcrumb"},"inLanguage":"es","potentialAction":[{"@type":"ReadAction","target":["https:\/\/westmountainhealthalliance.org\/"]}]},{"@type":"ImageObject","inLanguage":"es","@id":"https:\/\/westmountainhealthalliance.org\/#primaryimage","url":"https:\/\/westmountainhealthalliance.org\/wp-content\/uploads\/2023\/09\/WMRHA-logo.jpg","contentUrl":"https:\/\/westmountainhealthalliance.org\/wp-content\/uploads\/2023\/09\/WMRHA-logo.jpg","width":1920,"height":1920,"caption":"logo cropped to be horizontal"},{"@type":"BreadcrumbList","@id":"https:\/\/westmountainhealthalliance.org\/#breadcrumb","itemListElement":[{"@type":"ListItem","position":1,"name":"Home","item":"https:\/\/westmountainhealthalliance.org\/"},{"@type":"ListItem","position":2,"name":"Home"}]},{"@type":"WebSite","@id":"https:\/\/westmountainhealthalliance.org\/#website","url":"https:\/\/westmountainhealthalliance.org\/","name":"Alianza Regional de Salud de West Mountain","description":"Unimos a l\u00edderes en servicios sociales y de salud para fortalecer colaborativamente el sistema de atenci\u00f3n de nuestra comunidad.","publisher":{"@id":"https:\/\/westmountainhealthalliance.org\/#organization"},"alternateName":"WMRHA","potentialAction":[{"@type":"SearchAction","target":{"@type":"EntryPoint","urlTemplate":"https:\/\/westmountainhealthalliance.org\/?s={search_term_string}"},"query-input":{"@type":"PropertyValueSpecification","valueRequired":true,"valueName":"search_term_string"}}],"inLanguage":"es"},{"@type":"Organization","@id":"https:\/\/westmountainhealthalliance.org\/#organization","name":"Alianza Regional de Salud de West Mountain","alternateName":"WMRHA","url":"https:\/\/westmountainhealthalliance.org\/","logo":{"@type":"ImageObject","inLanguage":"es","@id":"https:\/\/westmountainhealthalliance.org\/#\/schema\/logo\/image\/","url":"https:\/\/westmountainhealthalliance.org\/wp-content\/uploads\/2023\/09\/WMRHA-logo.jpg","contentUrl":"https:\/\/westmountainhealthalliance.org\/wp-content\/uploads\/2023\/09\/WMRHA-logo.jpg","width":1920,"height":1920,"caption":"West Mountain Regional Health Alliance"},"image":{"@id":"https:\/\/westmountainhealthalliance.org\/#\/schema\/logo\/image\/"},"sameAs":["https:\/\/www.facebook.com\/wmrhealthalliance\/"]}]}},"publishpress_future_action":{"enabled":false,"date":"2026-04-21 08:45:35","action":"change-status","newStatus":"draft","terms":[],"taxonomy":"","extraData":[]},"publishpress_future_workflow_manual_trigger":{"enabledWorkflows":[]},"_links":{"self":[{"href":"https:\/\/westmountainhealthalliance.org\/es\/wp-json\/wp\/v2\/pages\/2","targetHints":{"allow":["GET"]}}],"collection":[{"href":"https:\/\/westmountainhealthalliance.org\/es\/wp-json\/wp\/v2\/pages"}],"about":[{"href":"https:\/\/westmountainhealthalliance.org\/es\/wp-json\/wp\/v2\/types\/page"}],"author":[{"embeddable":true,"href":"https:\/\/westmountainhealthalliance.org\/es\/wp-json\/wp\/v2\/users\/1"}],"replies":[{"embeddable":true,"href":"https:\/\/westmountainhealthalliance.org\/es\/wp-json\/wp\/v2\/comments?post=2"}],"version-history":[{"count":12,"href":"https:\/\/westmountainhealthalliance.org\/es\/wp-json\/wp\/v2\/pages\/2\/revisions"}],"predecessor-version":[{"id":7722,"href":"https:\/\/westmountainhealthalliance.org\/es\/wp-json\/wp\/v2\/pages\/2\/revisions\/7722"}],"wp:featuredmedia":[{"embeddable":true,"href":"https:\/\/westmountainhealthalliance.org\/es\/wp-json\/wp\/v2\/media\/5465"}],"wp:attachment":[{"href":"https:\/\/westmountainhealthalliance.org\/es\/wp-json\/wp\/v2\/media?parent=2"}],"curies":[{"name":"gracias","href":"https:\/\/api.w.org\/{rel}","templated":true}]}}