{"id":2115,"date":"2023-06-28T07:55:12","date_gmt":"2023-06-28T13:55:12","guid":{"rendered":"https:\/\/basewheel.com\/wmrha\/?page_id=2115"},"modified":"2023-09-27T18:07:42","modified_gmt":"2023-09-28T00:07:42","slug":"preguntas-frecuentes","status":"publish","type":"page","link":"https:\/\/westmountainhealthalliance.org\/es\/frequent-questions\/","title":{"rendered":"Preguntas Frecuentes"},"content":{"rendered":"<h1>Preguntas Frecuentes<\/h1>\r\n<p>\u00a1Estamos aqu\u00ed para ayudar! <a href=\"https:\/\/westmountainhealthalliance.org\/es\/contacto\/\">Contacta con nosotras<\/a> si todav\u00eda tienes preguntas.<\/p>\r\n<p><a id=\"fl-accordion--label-0\" tabindex=\"0\" href=\"#\" aria-controls=\"fl-accordion--panel-0\">\u00bfCon qui\u00e9n se asocia WMRHA?<\/a><\/p>\r\n<p>WMHRA se asocia con agencias cl\u00ednicas, comunitarias y gubernamentales que est\u00e1n interesadas en resolver problemas conjuntamente para mejorar los programas y servicios de necesidades sociales.<\/p>\r\n<p><a id=\"fl-accordion--label-1\" tabindex=\"0\" href=\"#\" aria-controls=\"fl-accordion--panel-1\">\u00bfWest Mountain Regional Health Alliance atiende directamente a las personas que necesitan alimentos y vivienda?<\/a><\/p>\r\n<p>WMRHA no ofrece directamente atenci\u00f3n m\u00e9dica o servicios sociales. Actuamos como una agencia central para apoyar la colaboraci\u00f3n a nivel de sistema con aquellas organizaciones que atienden a personas que experimentan inseguridad alimentaria y de vivienda.<\/p>\r\n<p><a id=\"fl-accordion--label-2\" tabindex=\"0\" href=\"#\" aria-controls=\"fl-accordion--panel-2\">\u00bfEn qu\u00e9 se centra WMRHA?<\/a><\/p>\r\n<p>WMRHA se centra en los determinantes sociales de la salud, como la vivienda y la falta de vivienda, la alimentaci\u00f3n y la salud conductual, para construir un mejor sistema que mejore la salud de la poblaci\u00f3n.<\/p>\r\n<p><a id=\"fl-accordion--label-3\" tabindex=\"0\" href=\"#\" aria-controls=\"fl-accordion--panel-3\">\u00bfQu\u00e9 \u00e1rea incluye la Regi\u00f3n Monta\u00f1osa del Oeste?<\/a><\/p>\r\n<p>Usamos el t\u00e9rmino Regi\u00f3n de West Mountain para incluir un \u00e1rea geogr\u00e1ficamente distinta que incluye comunidades a lo largo del r\u00edo Colorado entre Eagle y Parachute y a lo largo del r\u00edo Roaring Fork desde Aspen hasta Glenwood Springs. Administrativamente, incluye los condados Garfield, Pitkin y Eagle. Estas comunidades tienen mucho en com\u00fan y enfrentan desaf\u00edos similares relacionados con una vida saludable.<\/p>\r\n<p><a id=\"fl-accordion--label-4\" tabindex=\"0\" href=\"#\" aria-controls=\"fl-accordion--panel-4\">\u00bfQu\u00e9 tiene de especial la WMRHA y su financiaci\u00f3n?<\/a><\/p>\r\n<p>WMRHA trabaja con socios para generar fondos colaborativos para atender a quienes tienen necesidades sociales. Esto permite que la regi\u00f3n reciba una financiaci\u00f3n m\u00e1s significativa que apoye un sistema de atenci\u00f3n. Por ejemplo, WMRHA recibi\u00f3 una subvenci\u00f3n de respuesta transformadora para personas sin hogar de la Divisi\u00f3n de Vivienda del DOLA de Colorado para prestar servicios a los condados Eagle, Garfield y Pitkin, apoyando a cuatro organizaciones de servicio directo, incluidas Catholic Charities, Mind Springs Health, Recovery Resources y Eagle County Homeless Services. Esta subvenci\u00f3n es de tres a\u00f1os y asciende a $2,74 millones.<\/p>\r\n<p><a id=\"fl-accordion--label-5\" tabindex=\"0\" href=\"#\" aria-controls=\"fl-accordion--panel-5\">\u00bfWMRHA trabaja con otras organizaciones?<\/a><\/p>\r\n<p>\u00a1S\u00ed! Buscamos continuamente formas de trabajar en asociaci\u00f3n con otros para que nuestro trabajo tenga el mayor impacto posible. Trabajamos con gobiernos nacionales y locales, organizaciones sin fines de lucro, redes, instituciones y organizaciones comunitarias en los tres condados de la regi\u00f3n de West Mountain. Trabajamos con ellos para aumentar nuestra eficacia en la promoci\u00f3n directa y la prestaci\u00f3n de servicios indirectamente.<\/p>\r\n<p><a id=\"fl-accordion--label-6\" tabindex=\"0\" href=\"#\" aria-controls=\"fl-accordion--panel-6\">\u00bfQu\u00e9 participaci\u00f3n tiene WMRHA con el 211?<\/a><\/p>\r\n<p>211 Colorado es un servicio confidencial y multiling\u00fce que conecta a las personas con recursos vitales en todo el estado y en su comunidad local. WMRHA tiene una asociaci\u00f3n con 211, actualizamos todos los recursos dentro de nuestra regi\u00f3n de los tres condados para que nuestra comunidad tenga acceso a los cambios m\u00e1s recientes en cualquier organizaci\u00f3n dentro de nuestra regi\u00f3n.<\/p>\r\n<p><a id=\"fl-accordion--label-7\" tabindex=\"0\" href=\"#\" aria-controls=\"fl-accordion--panel-7\">\u00bfEn qu\u00e9 se diferencian Valley Health Alliance, Community Care Alliance y West Mountain Regional Health Alliance?<\/a><\/p>\r\n<ul>\r\n<li><strong>Alianza Regional de Salud de West Mountain<\/strong> trabaja para construir un sistema de salud integrado en los determinantes sociales de la salud para lograr una salud conectada \u00f3ptima para todas las personas que viven en la regi\u00f3n de West Mountain.<\/li>\r\n<li><strong>Alianza de Salud del Valle<\/strong> est\u00e1 ayudando a navegar el sistema de atenci\u00f3n m\u00e9dica coordinando la atenci\u00f3n y reduciendo los costos con los cinco principales empleadores en Roaring Fork Valley.<\/li>\r\n<li><strong>Alianza de atenci\u00f3n comunitaria<\/strong> con sede en Grand Junction, existe para respaldar las pr\u00e1cticas de salud rurales, hospitales de acceso cr\u00edtico y sistemas hospitalarios rurales, armando equipos de atenci\u00f3n para poner en funcionamiento el negocio de la atenci\u00f3n m\u00e9dica y enfocando al equipo cl\u00ednico en brindar el m\u00e1s alto nivel de atenci\u00f3n al paciente.<\/li>\r\n<\/ul>\r\n<p><a id=\"fl-accordion--label-8\" tabindex=\"0\" href=\"#\" aria-controls=\"fl-accordion--panel-8\">\u00bfA mi empresa\/agencia le gustar\u00eda apoyarle? \u00bfC\u00f3mo podemos involucrarnos?<\/a><\/p>\r\n<p>Nuestras relaciones corporativas son valiosas para nosotros y hay muchas maneras en que su agencia puede trabajar en asociaci\u00f3n con nosotros, desde brindar apoyo a los empleados que trabajan para lograr objetivos compartidos hasta obsequios corporativos, eventos especiales y asociaciones a largo plazo. Si desea donar a WMRHA, visite nuestro <a href=\"https:\/\/westmountainhealthalliance.org\/es\/donar\/\">Portal de donaciones.<\/a><\/p>\r\n<p><a id=\"fl-accordion--label-9\" tabindex=\"0\" href=\"#\" aria-controls=\"fl-accordion--panel-9\">\u00bfPuedo ser voluntario para WMRHA? \u00bfC\u00f3mo?<\/a><\/p>\r\n<p>A menudo buscamos voluntarios que nos ayuden, especialmente en nuestras oficinas en Carbondale, Colorado. Regalar su tiempo, energ\u00eda y habilidades constituye una valiosa contribuci\u00f3n a nuestro trabajo. Los puestos voluntarios son variados, pero principalmente se enfocan en ofrecer apoyo administrativo regular en nuestra oficina. Ser voluntario para una organizaci\u00f3n sin fines de lucro como WMRHA puede ser una forma ideal de obtener conocimientos y experiencia de primera mano invaluables sobre el trabajo en el sector. <a href=\"https:\/\/westmountainhealthalliance.org\/es\/contacto\/\">Contacta con nosotras<\/a> para saber c\u00f3mo puedes ser voluntario.<\/p>\r\n<p><a id=\"fl-accordion--label-10\" tabindex=\"0\" href=\"#\" aria-controls=\"fl-accordion--panel-10\">\u00bfPor qu\u00e9 WMRHA tiene un nombre tan complicado?<\/a><\/p>\r\n<p>Sabemos que West Mountain Regional Health Alliance es un boca llena, pero creemos que es importante representar el \u00e1rea y la poblaci\u00f3n \u00fanicas con las que trabajamos, por eso utilizamos el t\u00e9rmino Regi\u00f3n de las Monta\u00f1as del Oeste en el nombre. Health Alliance nos ayuda a describir lo que hacemos: ayudar a crear aliados dentro del sistema de salud y construir soluciones compartidas juntos.<\/p>\r\n<p><a id=\"fl-accordion--label-11\" tabindex=\"0\" href=\"#\" aria-controls=\"fl-accordion--panel-11\">\u00bfC\u00f3mo puedo colaborar con WMRHA?<\/a><\/p>\r\n<p>\u00a1Con\u00e9ctese con nosotros para que podamos aprender m\u00e1s sobre su organizaci\u00f3n! Contactanos en <a href=\"mailto:info@westmountainhealthalliance.org\" target=\"_blank\" rel=\"noopener noreferrer\" data-stringify-link=\"mailto:info@westmountainhealthalliance.org\" data-sk=\"tooltip_parent\" aria-haspopup=\"menu\" aria-expanded=\"false\">info@westmountainhealthalliance.org<\/a><\/p>","protected":false},"excerpt":{"rendered":"<p>Preguntas frecuentes \u00a1Estamos aqu\u00ed para ayudar! Cont\u00e1ctenos si a\u00fan tiene preguntas. \u00bfCon qui\u00e9n se asocia WMRHA? WMHRA se asocia con agencias cl\u00ednicas, comunitarias y gubernamentales que est\u00e1n interesadas en resolver problemas conjuntamente para mejorar los programas y servicios de necesidades sociales. \u00bfAtiende West Mountain Regional Health Alliance directamente a personas que necesitan alimentos y vivienda? ... Leer m\u00e1s <a title=\"Preguntas Frecuentes\" class=\"read-more\" href=\"https:\/\/westmountainhealthalliance.org\/es\/frequent-questions\/\" aria-label=\"Leer m\u00e1s sobre Preguntas Frecuentes\">Leer m\u00e1s<\/a><\/p>","protected":false},"author":1,"featured_media":5018,"parent":0,"menu_order":0,"comment_status":"closed","ping_status":"closed","template":"","meta":{"_acf_changed":false,"footnotes":""},"class_list":{"0":"post-2115","1":"page","2":"type-page","3":"status-publish","4":"has-post-thumbnail","6":"resize-featured-image"},"acf":[],"yoast_head":"<!-- This site is optimized with the Yoast SEO plugin v27.3 - https:\/\/yoast.com\/product\/yoast-seo-wordpress\/ -->\n<title>Frequent Questions about WMRHA<\/title>\n<meta name=\"description\" content=\"Who does WMRHA partner with? Does WMRHA directly serve people who need food and housing? What does WMRHA focus on?\" \/>\n<meta name=\"robots\" content=\"index, follow, max-snippet:-1, max-image-preview:large, max-video-preview:-1\" \/>\n<link rel=\"canonical\" href=\"https:\/\/westmountainhealthalliance.org\/es\/preguntas-frecuentes\/\" \/>\n<meta property=\"og:locale\" content=\"es_MX\" \/>\n<meta property=\"og:type\" content=\"article\" \/>\n<meta property=\"og:title\" content=\"Frequent Questions about WMRHA\" \/>\n<meta property=\"og:description\" content=\"Who does WMRHA partner with? Does WMRHA directly serve people who need food and housing? What does WMRHA focus on?\" \/>\n<meta property=\"og:url\" content=\"https:\/\/westmountainhealthalliance.org\/es\/preguntas-frecuentes\/\" \/>\n<meta property=\"og:site_name\" content=\"West Mountain Regional Health Alliance\" \/>\n<meta property=\"article:publisher\" content=\"https:\/\/www.facebook.com\/wmrhealthalliance\/\" \/>\n<meta property=\"article:modified_time\" content=\"2023-09-28T00:07:42+00:00\" \/>\n<meta property=\"og:image\" content=\"https:\/\/westmountainhealthalliance.org\/wp-content\/uploads\/2023\/09\/faq-bg-1.jpg\" \/>\n\t<meta property=\"og:image:width\" content=\"1279\" \/>\n\t<meta property=\"og:image:height\" content=\"371\" \/>\n\t<meta property=\"og:image:type\" content=\"image\/jpeg\" \/>\n<meta name=\"twitter:card\" content=\"summary_large_image\" \/>\n<meta name=\"twitter:label1\" content=\"Tiempo de lectura\" \/>\n\t<meta name=\"twitter:data1\" content=\"4 minutos\" \/>\n<script type=\"application\/ld+json\" class=\"yoast-schema-graph\">{\"@context\":\"https:\\\/\\\/schema.org\",\"@graph\":[{\"@type\":\"WebPage\",\"@id\":\"https:\\\/\\\/westmountainhealthalliance.org\\\/frequent-questions\\\/\",\"url\":\"https:\\\/\\\/westmountainhealthalliance.org\\\/frequent-questions\\\/\",\"name\":\"Frequent Questions about WMRHA\",\"isPartOf\":{\"@id\":\"https:\\\/\\\/westmountainhealthalliance.org\\\/#website\"},\"primaryImageOfPage\":{\"@id\":\"https:\\\/\\\/westmountainhealthalliance.org\\\/frequent-questions\\\/#primaryimage\"},\"image\":{\"@id\":\"https:\\\/\\\/westmountainhealthalliance.org\\\/frequent-questions\\\/#primaryimage\"},\"thumbnailUrl\":\"https:\\\/\\\/westmountainhealthalliance.org\\\/wp-content\\\/uploads\\\/2023\\\/09\\\/faq-bg-1.jpg\",\"datePublished\":\"2023-06-28T13:55:12+00:00\",\"dateModified\":\"2023-09-28T00:07:42+00:00\",\"description\":\"Who does WMRHA partner with? Does WMRHA directly serve people who need food and housing? What does WMRHA focus on?\",\"breadcrumb\":{\"@id\":\"https:\\\/\\\/westmountainhealthalliance.org\\\/frequent-questions\\\/#breadcrumb\"},\"inLanguage\":\"es\",\"potentialAction\":[{\"@type\":\"ReadAction\",\"target\":[\"https:\\\/\\\/westmountainhealthalliance.org\\\/frequent-questions\\\/\"]}]},{\"@type\":\"ImageObject\",\"inLanguage\":\"es\",\"@id\":\"https:\\\/\\\/westmountainhealthalliance.org\\\/frequent-questions\\\/#primaryimage\",\"url\":\"https:\\\/\\\/westmountainhealthalliance.org\\\/wp-content\\\/uploads\\\/2023\\\/09\\\/faq-bg-1.jpg\",\"contentUrl\":\"https:\\\/\\\/westmountainhealthalliance.org\\\/wp-content\\\/uploads\\\/2023\\\/09\\\/faq-bg-1.jpg\",\"width\":1279,\"height\":371},{\"@type\":\"BreadcrumbList\",\"@id\":\"https:\\\/\\\/westmountainhealthalliance.org\\\/frequent-questions\\\/#breadcrumb\",\"itemListElement\":[{\"@type\":\"ListItem\",\"position\":1,\"name\":\"Home\",\"item\":\"https:\\\/\\\/westmountainhealthalliance.org\\\/\"},{\"@type\":\"ListItem\",\"position\":2,\"name\":\"Frequent Questions\"}]},{\"@type\":\"WebSite\",\"@id\":\"https:\\\/\\\/westmountainhealthalliance.org\\\/#website\",\"url\":\"https:\\\/\\\/westmountainhealthalliance.org\\\/\",\"name\":\"West Mountain Regional Health Alliance\",\"description\":\"We unite leaders in health and social services to collaboratively strengthen our community&#039;s care system\",\"publisher\":{\"@id\":\"https:\\\/\\\/westmountainhealthalliance.org\\\/#organization\"},\"alternateName\":\"WMRHA\",\"potentialAction\":[{\"@type\":\"SearchAction\",\"target\":{\"@type\":\"EntryPoint\",\"urlTemplate\":\"https:\\\/\\\/westmountainhealthalliance.org\\\/?s={search_term_string}\"},\"query-input\":{\"@type\":\"PropertyValueSpecification\",\"valueRequired\":true,\"valueName\":\"search_term_string\"}}],\"inLanguage\":\"es\"},{\"@type\":\"Organization\",\"@id\":\"https:\\\/\\\/westmountainhealthalliance.org\\\/#organization\",\"name\":\"West Mountain Regional Health Alliance\",\"alternateName\":\"WMRHA\",\"url\":\"https:\\\/\\\/westmountainhealthalliance.org\\\/\",\"logo\":{\"@type\":\"ImageObject\",\"inLanguage\":\"es\",\"@id\":\"https:\\\/\\\/westmountainhealthalliance.org\\\/#\\\/schema\\\/logo\\\/image\\\/\",\"url\":\"https:\\\/\\\/westmountainhealthalliance.org\\\/wp-content\\\/uploads\\\/2023\\\/09\\\/WMRHA-logo.jpg\",\"contentUrl\":\"https:\\\/\\\/westmountainhealthalliance.org\\\/wp-content\\\/uploads\\\/2023\\\/09\\\/WMRHA-logo.jpg\",\"width\":1920,\"height\":1920,\"caption\":\"West Mountain Regional Health Alliance\"},\"image\":{\"@id\":\"https:\\\/\\\/westmountainhealthalliance.org\\\/#\\\/schema\\\/logo\\\/image\\\/\"},\"sameAs\":[\"https:\\\/\\\/www.facebook.com\\\/wmrhealthalliance\\\/\"]}]}<\/script>\n<!-- \/ Yoast SEO plugin. -->","yoast_head_json":{"title":"Preguntas frecuentes sobre WMRHA","description":"\u00bfCon qui\u00e9n se asocia WMRHA? \u00bfWMRHA atiende directamente a personas que necesitan comida y vivienda? \u00bfEn qu\u00e9 se centra WMRHA?","robots":{"index":"index","follow":"follow","max-snippet":"max-snippet:-1","max-image-preview":"max-image-preview:large","max-video-preview":"max-video-preview:-1"},"canonical":"https:\/\/westmountainhealthalliance.org\/es\/preguntas-frecuentes\/","og_locale":"es_MX","og_type":"article","og_title":"Frequent Questions about WMRHA","og_description":"Who does WMRHA partner with? Does WMRHA directly serve people who need food and housing? What does WMRHA focus on?","og_url":"https:\/\/westmountainhealthalliance.org\/es\/preguntas-frecuentes\/","og_site_name":"West Mountain Regional Health Alliance","article_publisher":"https:\/\/www.facebook.com\/wmrhealthalliance\/","article_modified_time":"2023-09-28T00:07:42+00:00","og_image":[{"width":1279,"height":371,"url":"https:\/\/westmountainhealthalliance.org\/wp-content\/uploads\/2023\/09\/faq-bg-1.jpg","type":"image\/jpeg"}],"twitter_card":"summary_large_image","twitter_misc":{"Tiempo de lectura":"4 minutos"},"schema":{"@context":"https:\/\/schema.org","@graph":[{"@type":"WebPage","@id":"https:\/\/westmountainhealthalliance.org\/frequent-questions\/","url":"https:\/\/westmountainhealthalliance.org\/frequent-questions\/","name":"Preguntas frecuentes sobre WMRHA","isPartOf":{"@id":"https:\/\/westmountainhealthalliance.org\/#website"},"primaryImageOfPage":{"@id":"https:\/\/westmountainhealthalliance.org\/frequent-questions\/#primaryimage"},"image":{"@id":"https:\/\/westmountainhealthalliance.org\/frequent-questions\/#primaryimage"},"thumbnailUrl":"https:\/\/westmountainhealthalliance.org\/wp-content\/uploads\/2023\/09\/faq-bg-1.jpg","datePublished":"2023-06-28T13:55:12+00:00","dateModified":"2023-09-28T00:07:42+00:00","description":"\u00bfCon qui\u00e9n se asocia WMRHA? \u00bfWMRHA atiende directamente a personas que necesitan comida y vivienda? \u00bfEn qu\u00e9 se centra WMRHA?","breadcrumb":{"@id":"https:\/\/westmountainhealthalliance.org\/frequent-questions\/#breadcrumb"},"inLanguage":"es","potentialAction":[{"@type":"ReadAction","target":["https:\/\/westmountainhealthalliance.org\/frequent-questions\/"]}]},{"@type":"ImageObject","inLanguage":"es","@id":"https:\/\/westmountainhealthalliance.org\/frequent-questions\/#primaryimage","url":"https:\/\/westmountainhealthalliance.org\/wp-content\/uploads\/2023\/09\/faq-bg-1.jpg","contentUrl":"https:\/\/westmountainhealthalliance.org\/wp-content\/uploads\/2023\/09\/faq-bg-1.jpg","width":1279,"height":371},{"@type":"BreadcrumbList","@id":"https:\/\/westmountainhealthalliance.org\/frequent-questions\/#breadcrumb","itemListElement":[{"@type":"ListItem","position":1,"name":"Home","item":"https:\/\/westmountainhealthalliance.org\/"},{"@type":"ListItem","position":2,"name":"Frequent Questions"}]},{"@type":"WebSite","@id":"https:\/\/westmountainhealthalliance.org\/#website","url":"https:\/\/westmountainhealthalliance.org\/","name":"Alianza Regional de Salud de West Mountain","description":"Unimos a l\u00edderes en servicios sociales y de salud para fortalecer colaborativamente el sistema de atenci\u00f3n de nuestra comunidad.","publisher":{"@id":"https:\/\/westmountainhealthalliance.org\/#organization"},"alternateName":"WMRHA","potentialAction":[{"@type":"SearchAction","target":{"@type":"EntryPoint","urlTemplate":"https:\/\/westmountainhealthalliance.org\/?s={search_term_string}"},"query-input":{"@type":"PropertyValueSpecification","valueRequired":true,"valueName":"search_term_string"}}],"inLanguage":"es"},{"@type":"Organization","@id":"https:\/\/westmountainhealthalliance.org\/#organization","name":"Alianza Regional de Salud de West Mountain","alternateName":"WMRHA","url":"https:\/\/westmountainhealthalliance.org\/","logo":{"@type":"ImageObject","inLanguage":"es","@id":"https:\/\/westmountainhealthalliance.org\/#\/schema\/logo\/image\/","url":"https:\/\/westmountainhealthalliance.org\/wp-content\/uploads\/2023\/09\/WMRHA-logo.jpg","contentUrl":"https:\/\/westmountainhealthalliance.org\/wp-content\/uploads\/2023\/09\/WMRHA-logo.jpg","width":1920,"height":1920,"caption":"West Mountain Regional Health Alliance"},"image":{"@id":"https:\/\/westmountainhealthalliance.org\/#\/schema\/logo\/image\/"},"sameAs":["https:\/\/www.facebook.com\/wmrhealthalliance\/"]}]}},"publishpress_future_action":{"enabled":false,"date":"2026-04-21 08:43:01","action":"change-status","newStatus":"draft","terms":[],"taxonomy":"","extraData":[]},"publishpress_future_workflow_manual_trigger":{"enabledWorkflows":[]},"_links":{"self":[{"href":"https:\/\/westmountainhealthalliance.org\/es\/wp-json\/wp\/v2\/pages\/2115","targetHints":{"allow":["GET"]}}],"collection":[{"href":"https:\/\/westmountainhealthalliance.org\/es\/wp-json\/wp\/v2\/pages"}],"about":[{"href":"https:\/\/westmountainhealthalliance.org\/es\/wp-json\/wp\/v2\/types\/page"}],"author":[{"embeddable":true,"href":"https:\/\/westmountainhealthalliance.org\/es\/wp-json\/wp\/v2\/users\/1"}],"replies":[{"embeddable":true,"href":"https:\/\/westmountainhealthalliance.org\/es\/wp-json\/wp\/v2\/comments?post=2115"}],"version-history":[{"count":11,"href":"https:\/\/westmountainhealthalliance.org\/es\/wp-json\/wp\/v2\/pages\/2115\/revisions"}],"predecessor-version":[{"id":5570,"href":"https:\/\/westmountainhealthalliance.org\/es\/wp-json\/wp\/v2\/pages\/2115\/revisions\/5570"}],"wp:featuredmedia":[{"embeddable":true,"href":"https:\/\/westmountainhealthalliance.org\/es\/wp-json\/wp\/v2\/media\/5018"}],"wp:attachment":[{"href":"https:\/\/westmountainhealthalliance.org\/es\/wp-json\/wp\/v2\/media?parent=2115"}],"curies":[{"name":"gracias","href":"https:\/\/api.w.org\/{rel}","templated":true}]}}