{"id":2578,"date":"2023-07-07T12:40:53","date_gmt":"2023-07-07T18:40:53","guid":{"rendered":"https:\/\/basewheel.com\/wmrha\/?page_id=2578"},"modified":"2026-01-09T14:11:17","modified_gmt":"2026-01-09T21:11:17","slug":"conexiones-comunitarias","status":"publish","type":"page","link":"https:\/\/westmountainhealthalliance.org\/es\/initiatives\/community-connections\/","title":{"rendered":"Conexiones Comunitarias"},"content":{"rendered":"<h1>\n\t\t\tConexiones de salud comunitaria\t<\/h1>\n\t\t\t<a href=\"https:\/\/westmountainhealthalliance.org\/es\/contacto\/?initiatives=Community%20Health%20Connections\" target=\"_self\">\n\t\t\t\t\t\t\tCont\u00e1ctenos sobre conexiones de salud comunitaria\n\t\t\t<\/a>\n<h2>\n\t\t\tVisi\u00f3n y prop\u00f3sito\t<\/h2>\n<h2>\n\t\t\tVincular a las personas con recursos para apoyar la salud integrada de personas y familias en la regi\u00f3n\t<\/h2>\n\t<p>WMRHA act\u00faa como defensora y convocante para el desarrollo de recursos para grupos en el \u00e1rea de los Tres Condados que apoyan las iniciativas estrat\u00e9gicas de la Alianza. Estos recursos incluyen plataformas de recursos compartidos, folletos y gu\u00edas informativas e informes sobre problemas de salud que requieren un esfuerzo m\u00e1s concertado para abordar.<\/p>\n\t\t\t\t<img decoding=\"async\" src=\"https:\/\/westmountainhealthalliance.org\/wp-content\/uploads\/2023\/06\/image_720-1-300x277.jpg\" alt=\"imagen_720 (1)\" itemprop=\"image\" height=\"277\" width=\"300\" title=\"imagen_720 (1)\" onerror=\"this.style.display='none'\" loading=\"lazy\" \/>\n<h3>\n\t\t\tRecursos de conexiones de salud comunitaria de WMRHA\t<\/h3>\n<h2>\n\t\t\tDirectorio de recursos: carteles y folletos (descarga en PDF)\t<\/h2>\n\t<p>Vea, descargue e imprima los carteles y folletos del Directorio de Recursos, tanto en ingl\u00e9s como en espa\u00f1ol.<\/p>\n\t\t\t\t<a href=\"https:\/\/westmountainhealthalliance.org\/wp-content\/uploads\/2024\/05\/CGR-Flyer-Trifolds-1.pdf\"  target=\"_blank\" rel=\"noopener\"  itemprop=\"url\">\n\t\t\t\t<img decoding=\"async\" src=\"https:\/\/westmountainhealthalliance.org\/wp-content\/uploads\/2025\/01\/CGR-Flyer-Trifolds-300x232.jpg\" alt=\"Folleto CGR (tr\u00edptico)\" itemprop=\"image\" height=\"232\" width=\"300\" title=\"Folleto CGR (tr\u00edptico)\" onerror=\"this.style.display='none'\" loading=\"lazy\" \/>\n\t\t\t\t<\/a>\n\t\t\t\t<a href=\"https:\/\/westmountainhealthalliance.org\/wp-content\/uploads\/2025\/08\/Copy-of-CGR-Cover-version-2-2.pdf\"  target=\"_blank\" rel=\"noopener\"  itemprop=\"url\">\n\t\t\t\t<img decoding=\"async\" src=\"https:\/\/westmountainhealthalliance.org\/wp-content\/uploads\/2025\/01\/Copy-of-CGR-Cover-version-2-Flyers-Portrait-232x300.jpg\" alt=\"Copia de la versi\u00f3n 2 de la portada del CGR (Flyers (Portrait))\" itemprop=\"image\" height=\"300\" width=\"232\" title=\"Copia de la versi\u00f3n 2 de la portada del CGR (Flyers (Portrait))\" onerror=\"this.style.display='none'\" loading=\"lazy\" \/>\n\t\t\t\t<\/a>\n<h2>\n\t\t\tGu\u00eda de recursos 2025 (Descargar PDF)\t<\/h2>\n\t<p>Vea y descargue la Gu\u00eda de recursos 2025. Una versi\u00f3n impresa del Directorio de recursos, una colecci\u00f3n de recursos comunitarios en el \u00e1rea de los tres condados.<\/p>\n\t\t\t\t<a href=\"https:\/\/westmountainhealthalliance.org\/wp-content\/uploads\/2025\/01\/RG2025-Final-Version-compressed.pdf\"  target=\"_blank\" rel=\"noopener\"  itemprop=\"url\">\n\t\t\t\t<img decoding=\"async\" src=\"https:\/\/westmountainhealthalliance.org\/wp-content\/uploads\/2025\/01\/RG-Cover-232x300.jpg\" alt=\"Cubierta RG\" itemprop=\"image\" height=\"300\" width=\"232\" title=\"Cubierta RG\" onerror=\"this.style.display='none'\" loading=\"lazy\" \/>\n\t\t\t\t<\/a>\n\t<p>Ingl\u00e9s<\/p>\n\t\t\t\t<a href=\"https:\/\/westmountainhealthalliance.org\/wp-content\/uploads\/2025\/03\/SpanishversionResourceGuide2025-compressed.pdf\"  target=\"_blank\" rel=\"noopener\"  itemprop=\"url\">\n\t\t\t\t<img decoding=\"async\" src=\"https:\/\/westmountainhealthalliance.org\/wp-content\/uploads\/2025\/02\/Final-CGR-Cover-version-2-Flyers-Portrait-232x300.jpg\" alt=\"Versi\u00f3n final de la portada del CGR 2 (Flyers (Portrait))\" itemprop=\"image\" height=\"300\" width=\"232\" title=\"Versi\u00f3n final de la portada del CGR 2 (Flyers (Portrait))\" onerror=\"this.style.display='none'\" loading=\"lazy\" \/>\n\t\t\t\t<\/a>\n\t<p>Espa\u00f1ol<\/p>\n<h2>\n\t\t\tFolleto de alimentos (descargar PDF)\t<\/h2>\n\t<p>Vea y descargue el Folleto de Alimentos. Destaca los servicios y programas de alimentaci\u00f3n en el Valle de Roaring Fork. El Folleto de Alimentos ofrece maneras de ayudarle a usted y a su familia a acceder a alimentos nutritivos semana tras semana.<\/p>\n\t\t\t\t<a href=\"https:\/\/westmountainhealthalliance.org\/wp-content\/uploads\/2025\/08\/Food-Brochure-1.pdf\"  target=\"_blank\" rel=\"noopener\"  itemprop=\"url\">\n\t\t\t\t<img decoding=\"async\" src=\"https:\/\/westmountainhealthalliance.org\/wp-content\/uploads\/2025\/08\/Food-Brochure.jpg\" alt=\"Folleto de comida\" itemprop=\"image\" height=\"1483\" width=\"1920\" title=\"Folleto de comida\" onerror=\"this.style.display='none'\" loading=\"lazy\" \/>\n\t\t\t\t<\/a>\n\t<p>Ingl\u00e9s<\/p>\n\t\t\t\t<a href=\"https:\/\/westmountainhealthalliance.org\/wp-content\/uploads\/2025\/08\/Food-Brochure-2.pdf\"  target=\"_blank\" rel=\"noopener\"  itemprop=\"url\">\n\t\t\t\t<img decoding=\"async\" src=\"https:\/\/westmountainhealthalliance.org\/wp-content\/uploads\/2025\/08\/Food-Brochure-1.jpg\" alt=\"Folleto de alimentos (1)\" itemprop=\"image\" height=\"1483\" width=\"1920\" title=\"Folleto de alimentos (1)\" onerror=\"this.style.display='none'\" loading=\"lazy\" \/>\n\t\t\t\t<\/a>\n\t<p>Espa\u00f1ol<\/p>\n<h2>\n\t\t\tHoja de calles (Descargar PDF)\t<\/h2>\n\t<p>Vea y descargue la hoja de calles. Un folleto de recursos en la regi\u00f3n de los tres condados para personas sin hogar. Folleto de doble cara, fuente en ingl\u00e9s y reverso en espa\u00f1ol.<\/p>\n\t\t\t\t<a href=\"https:\/\/westmountainhealthalliance.org\/wp-content\/uploads\/2025\/09\/Street-Sheet.pdf\"  target=\"_blank\" rel=\"noopener\"  itemprop=\"url\">\n\t\t\t\t<img decoding=\"async\" src=\"https:\/\/westmountainhealthalliance.org\/wp-content\/uploads\/2025\/08\/English-version-232x300.jpg\" alt=\"versi\u00f3n inglesa\" itemprop=\"image\" height=\"300\" width=\"232\" title=\"versi\u00f3n inglesa\" onerror=\"this.style.display='none'\" loading=\"lazy\" \/>\n\t\t\t\t<\/a>\n<h2>\n\t\t\tAlianza del Valle para acabar con la derivaci\u00f3n a personas sin hogar (descargar PDF)\t<\/h2>\n\t<p>Vea y descargue una p\u00e1gina que describe los criterios de elegibilidad y el proceso de referencia para la iniciativa Valley Alliance to End Homeless (VAEH). Para ser compartido con los navegantes de recursos.<\/p>\n\t\t\t\t<a href=\"https:\/\/westmountainhealthalliance.org\/wp-content\/uploads\/2024\/07\/VEAH-Referral.pdf\"  target=\"_blank\" rel=\"noopener\"  itemprop=\"url\">\n\t\t\t\t<img decoding=\"async\" src=\"https:\/\/westmountainhealthalliance.org\/wp-content\/uploads\/2024\/07\/VEAH-Referral-232x300.png\" alt=\"Referencia VEAH\" itemprop=\"image\" height=\"300\" width=\"232\" title=\"Referencia VEAH\" onerror=\"this.style.display='none'\" loading=\"lazy\" \/>\n\t\t\t\t<\/a>\n<h3>\n\t\t\tProyectos de conexiones de salud comunitaria de WMRHA\t<\/h3>\n<h2>\n\t\t\tConector Regional de Salud (RHC)\t<\/h2>\n\t<p>Un Conector Regional de Salud es un miembro del personal de WMRHA que involucra a diversos socios en la construcci\u00f3n del sistema de salud.<\/p>\n\t\t\t<a href=\"https:\/\/westmountainhealthalliance.org\/es\/nuestras-iniciativas\/conector-regional-de-salud-2\/\" target=\"_self\">\n\t\t\t\t\t\t\tM\u00e1s informaci\u00f3n sobre RHC\n\t\t\t<\/a>\n<h2>\n\t\t\tRed de recursos comunitarios\t<\/h2>\n\t<p>Community Resource Network (CRN) es un intercambio de informaci\u00f3n social (SIE) dise\u00f1ado para ayudar a cerrar la brecha, aumentar la eficiencia y mejorar los resultados en lo que respecta a los determinantes sociales de la salud.<\/p>\n\t\t\t<a href=\"https:\/\/westmountainhealthalliance.org\/es\/nuestras-iniciativas\/conexiones-comunitarias\/red-de-recursos-comunitarios-crn\/\" target=\"_self\">\n\t\t\t\t\t\t\tM\u00e1s informaci\u00f3n sobre CRN\n\t\t\t<\/a>\n<h2>\n\t\t\tProyecto pasado\t<\/h2>\n\t<p>Se cre\u00f3 una gu\u00eda como parte de la Coalici\u00f3n de Participaci\u00f3n Latina\/a\/x en 2021 para ayudar a los miembros de la comunidad a conectarse con los recursos de salud dentro del Valle de Roaring Fork.<\/p>\n\t\t\t<a href=\"https:\/\/westmountainhealthalliance.org\/es\/nuestras-iniciativas\/coalicion-de-participacion-latina-ax\/\" target=\"_self\">\n\t\t\t\t\t\t\tVisite la p\u00e1gina de la Coalici\u00f3n de Participaci\u00f3n Latina\/a\/x\n\t\t\t<\/a>\n\t<a href=\"https:\/\/westmountainhealthalliance.org\/es\/nuestros-companeros\/\">Obtenga m\u00e1s informaci\u00f3n sobre nuestros socios<\/a> y<br \/>\nc\u00f3mo su grupo, agencia u organizaci\u00f3n<br \/>\npuede involucrarse.\n<p>o<\/p>\n<p><a href=\"https:\/\/westmountainhealthalliance.org\/es\/contacto\/\">Cont\u00e1ctanos para unirte a una iniciativa.<\/a><\/p>","protected":false},"excerpt":{"rendered":"<p>Community Health Connections Cont\u00e1ctenos acerca de Community Health Connections Visi\u00f3n y prop\u00f3sito Vincular a las personas con recursos para apoyar la salud integrada para individuos y familias en la regi\u00f3n WMRHA act\u00faa como defensora y convocante para desarrollar recursos para grupos en el \u00e1rea de los tres condados que apoyan las iniciativas estrat\u00e9gicas de la Alianza. Estos recursos incluyen compartidos... <a title=\"Conexiones Comunitarias\" class=\"read-more\" href=\"https:\/\/westmountainhealthalliance.org\/es\/initiatives\/community-connections\/\" aria-label=\"Leer m\u00e1s sobre Conexiones comunitarias\">Leer m\u00e1s<\/a><\/p>","protected":false},"author":1,"featured_media":1816,"parent":323,"menu_order":0,"comment_status":"closed","ping_status":"closed","template":"","meta":{"_acf_changed":false,"footnotes":""},"class_list":{"0":"post-2578","1":"page","2":"type-page","3":"status-publish","4":"has-post-thumbnail","6":"resize-featured-image"},"acf":[],"yoast_head":"<!-- This site is optimized with the Yoast SEO plugin v27.4 - https:\/\/yoast.com\/product\/yoast-seo-wordpress\/ -->\n<title>Community Health Connections, Projects Linking People &amp; Resources<\/title>\n<meta name=\"description\" content=\"Community Health Connections are WMRHA projects to link people with regional health resources: resource websites, information brochures, guides, etc.\" \/>\n<meta name=\"robots\" content=\"index, follow, max-snippet:-1, max-image-preview:large, max-video-preview:-1\" \/>\n<link rel=\"canonical\" href=\"https:\/\/westmountainhealthalliance.org\/es\/nuestras-iniciativas\/conexiones-comunitarias\/\" \/>\n<meta property=\"og:locale\" content=\"es_MX\" \/>\n<meta property=\"og:type\" content=\"article\" \/>\n<meta property=\"og:title\" content=\"Community Health Connections, Projects Linking People &amp; Resources\" \/>\n<meta property=\"og:description\" content=\"Community Health Connections are WMRHA projects to link people with regional health resources: resource websites, information brochures, guides, etc.\" \/>\n<meta property=\"og:url\" content=\"https:\/\/westmountainhealthalliance.org\/es\/nuestras-iniciativas\/conexiones-comunitarias\/\" \/>\n<meta property=\"og:site_name\" content=\"West Mountain Regional Health Alliance\" \/>\n<meta property=\"article:publisher\" content=\"https:\/\/www.facebook.com\/wmrhealthalliance\/\" \/>\n<meta property=\"article:modified_time\" content=\"2026-01-09T21:11:17+00:00\" \/>\n<meta property=\"og:image\" content=\"https:\/\/westmountainhealthalliance.org\/wp-content\/uploads\/2023\/02\/wmrha-team\" \/>\n\t<meta property=\"og:image:width\" content=\"1920\" \/>\n\t<meta property=\"og:image:height\" content=\"1440\" \/>\n\t<meta property=\"og:image:type\" content=\"image\/jpeg\" \/>\n<meta name=\"twitter:card\" content=\"summary_large_image\" \/>\n<meta name=\"twitter:label1\" content=\"Tiempo de lectura\" \/>\n\t<meta name=\"twitter:data1\" content=\"3 minutos\" \/>\n<script type=\"application\/ld+json\" class=\"yoast-schema-graph\">{\"@context\":\"https:\\\/\\\/schema.org\",\"@graph\":[{\"@type\":\"WebPage\",\"@id\":\"https:\\\/\\\/westmountainhealthalliance.org\\\/initiatives\\\/community-connections\\\/\",\"url\":\"https:\\\/\\\/westmountainhealthalliance.org\\\/initiatives\\\/community-connections\\\/\",\"name\":\"Community Health Connections, Projects Linking People & Resources\",\"isPartOf\":{\"@id\":\"https:\\\/\\\/westmountainhealthalliance.org\\\/#website\"},\"primaryImageOfPage\":{\"@id\":\"https:\\\/\\\/westmountainhealthalliance.org\\\/initiatives\\\/community-connections\\\/#primaryimage\"},\"image\":{\"@id\":\"https:\\\/\\\/westmountainhealthalliance.org\\\/initiatives\\\/community-connections\\\/#primaryimage\"},\"thumbnailUrl\":\"https:\\\/\\\/westmountainhealthalliance.org\\\/wp-content\\\/uploads\\\/2023\\\/02\\\/wmrha-team\",\"datePublished\":\"2023-07-07T18:40:53+00:00\",\"dateModified\":\"2026-01-09T21:11:17+00:00\",\"description\":\"Community Health Connections are WMRHA projects to link people with regional health resources: resource websites, information brochures, guides, etc.\",\"breadcrumb\":{\"@id\":\"https:\\\/\\\/westmountainhealthalliance.org\\\/initiatives\\\/community-connections\\\/#breadcrumb\"},\"inLanguage\":\"es\",\"potentialAction\":[{\"@type\":\"ReadAction\",\"target\":[\"https:\\\/\\\/westmountainhealthalliance.org\\\/initiatives\\\/community-connections\\\/\"]}]},{\"@type\":\"ImageObject\",\"inLanguage\":\"es\",\"@id\":\"https:\\\/\\\/westmountainhealthalliance.org\\\/initiatives\\\/community-connections\\\/#primaryimage\",\"url\":\"https:\\\/\\\/westmountainhealthalliance.org\\\/wp-content\\\/uploads\\\/2023\\\/02\\\/wmrha-team\",\"contentUrl\":\"https:\\\/\\\/westmountainhealthalliance.org\\\/wp-content\\\/uploads\\\/2023\\\/02\\\/wmrha-team\",\"width\":1920,\"height\":1440,\"caption\":\"Two WMRHA team members.\"},{\"@type\":\"BreadcrumbList\",\"@id\":\"https:\\\/\\\/westmountainhealthalliance.org\\\/initiatives\\\/community-connections\\\/#breadcrumb\",\"itemListElement\":[{\"@type\":\"ListItem\",\"position\":1,\"name\":\"Home\",\"item\":\"https:\\\/\\\/westmountainhealthalliance.org\\\/\"},{\"@type\":\"ListItem\",\"position\":2,\"name\":\"Initiatives\",\"item\":\"https:\\\/\\\/westmountainhealthalliance.org\\\/initiatives\\\/\"},{\"@type\":\"ListItem\",\"position\":3,\"name\":\"Community Connections\"}]},{\"@type\":\"WebSite\",\"@id\":\"https:\\\/\\\/westmountainhealthalliance.org\\\/#website\",\"url\":\"https:\\\/\\\/westmountainhealthalliance.org\\\/\",\"name\":\"West Mountain Regional Health Alliance\",\"description\":\"We unite leaders in health and social services to collaboratively strengthen our community&#039;s care system\",\"publisher\":{\"@id\":\"https:\\\/\\\/westmountainhealthalliance.org\\\/#organization\"},\"alternateName\":\"WMRHA\",\"potentialAction\":[{\"@type\":\"SearchAction\",\"target\":{\"@type\":\"EntryPoint\",\"urlTemplate\":\"https:\\\/\\\/westmountainhealthalliance.org\\\/?s={search_term_string}\"},\"query-input\":{\"@type\":\"PropertyValueSpecification\",\"valueRequired\":true,\"valueName\":\"search_term_string\"}}],\"inLanguage\":\"es\"},{\"@type\":\"Organization\",\"@id\":\"https:\\\/\\\/westmountainhealthalliance.org\\\/#organization\",\"name\":\"West Mountain Regional Health Alliance\",\"alternateName\":\"WMRHA\",\"url\":\"https:\\\/\\\/westmountainhealthalliance.org\\\/\",\"logo\":{\"@type\":\"ImageObject\",\"inLanguage\":\"es\",\"@id\":\"https:\\\/\\\/westmountainhealthalliance.org\\\/#\\\/schema\\\/logo\\\/image\\\/\",\"url\":\"https:\\\/\\\/westmountainhealthalliance.org\\\/wp-content\\\/uploads\\\/2023\\\/09\\\/WMRHA-logo.jpg\",\"contentUrl\":\"https:\\\/\\\/westmountainhealthalliance.org\\\/wp-content\\\/uploads\\\/2023\\\/09\\\/WMRHA-logo.jpg\",\"width\":1920,\"height\":1920,\"caption\":\"West Mountain Regional Health Alliance\"},\"image\":{\"@id\":\"https:\\\/\\\/westmountainhealthalliance.org\\\/#\\\/schema\\\/logo\\\/image\\\/\"},\"sameAs\":[\"https:\\\/\\\/www.facebook.com\\\/wmrhealthalliance\\\/\"]}]}<\/script>\n<!-- \/ Yoast SEO plugin. -->","yoast_head_json":{"title":"Conexiones de salud comunitaria, proyectos que vinculan personas y recursos","description":"Community Health Connections son proyectos de WMRHA para vincular a las personas con recursos de salud regionales: sitios web de recursos, folletos informativos, gu\u00edas, etc.","robots":{"index":"index","follow":"follow","max-snippet":"max-snippet:-1","max-image-preview":"max-image-preview:large","max-video-preview":"max-video-preview:-1"},"canonical":"https:\/\/westmountainhealthalliance.org\/es\/nuestras-iniciativas\/conexiones-comunitarias\/","og_locale":"es_MX","og_type":"article","og_title":"Community Health Connections, Projects Linking People & Resources","og_description":"Community Health Connections are WMRHA projects to link people with regional health resources: resource websites, information brochures, guides, etc.","og_url":"https:\/\/westmountainhealthalliance.org\/es\/nuestras-iniciativas\/conexiones-comunitarias\/","og_site_name":"West Mountain Regional Health Alliance","article_publisher":"https:\/\/www.facebook.com\/wmrhealthalliance\/","article_modified_time":"2026-01-09T21:11:17+00:00","og_image":[{"width":1920,"height":1440,"url":"https:\/\/westmountainhealthalliance.org\/wp-content\/uploads\/2023\/02\/wmrha-team","type":"image\/jpeg"}],"twitter_card":"summary_large_image","twitter_misc":{"Tiempo de lectura":"3 minutos"},"schema":{"@context":"https:\/\/schema.org","@graph":[{"@type":"WebPage","@id":"https:\/\/westmountainhealthalliance.org\/initiatives\/community-connections\/","url":"https:\/\/westmountainhealthalliance.org\/initiatives\/community-connections\/","name":"Conexiones de salud comunitaria, proyectos que vinculan personas y recursos","isPartOf":{"@id":"https:\/\/westmountainhealthalliance.org\/#website"},"primaryImageOfPage":{"@id":"https:\/\/westmountainhealthalliance.org\/initiatives\/community-connections\/#primaryimage"},"image":{"@id":"https:\/\/westmountainhealthalliance.org\/initiatives\/community-connections\/#primaryimage"},"thumbnailUrl":"https:\/\/westmountainhealthalliance.org\/wp-content\/uploads\/2023\/02\/wmrha-team","datePublished":"2023-07-07T18:40:53+00:00","dateModified":"2026-01-09T21:11:17+00:00","description":"Community Health Connections son proyectos de WMRHA para vincular a las personas con recursos de salud regionales: sitios web de recursos, folletos informativos, gu\u00edas, etc.","breadcrumb":{"@id":"https:\/\/westmountainhealthalliance.org\/initiatives\/community-connections\/#breadcrumb"},"inLanguage":"es","potentialAction":[{"@type":"ReadAction","target":["https:\/\/westmountainhealthalliance.org\/initiatives\/community-connections\/"]}]},{"@type":"ImageObject","inLanguage":"es","@id":"https:\/\/westmountainhealthalliance.org\/initiatives\/community-connections\/#primaryimage","url":"https:\/\/westmountainhealthalliance.org\/wp-content\/uploads\/2023\/02\/wmrha-team","contentUrl":"https:\/\/westmountainhealthalliance.org\/wp-content\/uploads\/2023\/02\/wmrha-team","width":1920,"height":1440,"caption":"Two WMRHA team members."},{"@type":"BreadcrumbList","@id":"https:\/\/westmountainhealthalliance.org\/initiatives\/community-connections\/#breadcrumb","itemListElement":[{"@type":"ListItem","position":1,"name":"Home","item":"https:\/\/westmountainhealthalliance.org\/"},{"@type":"ListItem","position":2,"name":"Initiatives","item":"https:\/\/westmountainhealthalliance.org\/initiatives\/"},{"@type":"ListItem","position":3,"name":"Community Connections"}]},{"@type":"WebSite","@id":"https:\/\/westmountainhealthalliance.org\/#website","url":"https:\/\/westmountainhealthalliance.org\/","name":"Alianza Regional de Salud de West Mountain","description":"Unimos a l\u00edderes en servicios sociales y de salud para fortalecer colaborativamente el sistema de atenci\u00f3n de nuestra comunidad.","publisher":{"@id":"https:\/\/westmountainhealthalliance.org\/#organization"},"alternateName":"WMRHA","potentialAction":[{"@type":"SearchAction","target":{"@type":"EntryPoint","urlTemplate":"https:\/\/westmountainhealthalliance.org\/?s={search_term_string}"},"query-input":{"@type":"PropertyValueSpecification","valueRequired":true,"valueName":"search_term_string"}}],"inLanguage":"es"},{"@type":"Organization","@id":"https:\/\/westmountainhealthalliance.org\/#organization","name":"Alianza Regional de Salud de West Mountain","alternateName":"WMRHA","url":"https:\/\/westmountainhealthalliance.org\/","logo":{"@type":"ImageObject","inLanguage":"es","@id":"https:\/\/westmountainhealthalliance.org\/#\/schema\/logo\/image\/","url":"https:\/\/westmountainhealthalliance.org\/wp-content\/uploads\/2023\/09\/WMRHA-logo.jpg","contentUrl":"https:\/\/westmountainhealthalliance.org\/wp-content\/uploads\/2023\/09\/WMRHA-logo.jpg","width":1920,"height":1920,"caption":"West Mountain Regional Health Alliance"},"image":{"@id":"https:\/\/westmountainhealthalliance.org\/#\/schema\/logo\/image\/"},"sameAs":["https:\/\/www.facebook.com\/wmrhealthalliance\/"]}]}},"publishpress_future_action":{"enabled":false,"date":"2026-04-21 08:54:31","action":"change-status","newStatus":"draft","terms":[],"taxonomy":"","extraData":[]},"publishpress_future_workflow_manual_trigger":{"enabledWorkflows":[]},"_links":{"self":[{"href":"https:\/\/westmountainhealthalliance.org\/es\/wp-json\/wp\/v2\/pages\/2578","targetHints":{"allow":["GET"]}}],"collection":[{"href":"https:\/\/westmountainhealthalliance.org\/es\/wp-json\/wp\/v2\/pages"}],"about":[{"href":"https:\/\/westmountainhealthalliance.org\/es\/wp-json\/wp\/v2\/types\/page"}],"author":[{"embeddable":true,"href":"https:\/\/westmountainhealthalliance.org\/es\/wp-json\/wp\/v2\/users\/1"}],"replies":[{"embeddable":true,"href":"https:\/\/westmountainhealthalliance.org\/es\/wp-json\/wp\/v2\/comments?post=2578"}],"version-history":[{"count":12,"href":"https:\/\/westmountainhealthalliance.org\/es\/wp-json\/wp\/v2\/pages\/2578\/revisions"}],"predecessor-version":[{"id":7632,"href":"https:\/\/westmountainhealthalliance.org\/es\/wp-json\/wp\/v2\/pages\/2578\/revisions\/7632"}],"up":[{"embeddable":true,"href":"https:\/\/westmountainhealthalliance.org\/es\/wp-json\/wp\/v2\/pages\/323"}],"wp:featuredmedia":[{"embeddable":true,"href":"https:\/\/westmountainhealthalliance.org\/es\/wp-json\/wp\/v2\/media\/1816"}],"wp:attachment":[{"href":"https:\/\/westmountainhealthalliance.org\/es\/wp-json\/wp\/v2\/media?parent=2578"}],"curies":[{"name":"gracias","href":"https:\/\/api.w.org\/{rel}","templated":true}]}}