{"id":317,"date":"2017-08-28T11:51:57","date_gmt":"2017-08-28T17:51:57","guid":{"rendered":"https:\/\/westmountainhealthalliance.org\/?page_id=317"},"modified":"2026-03-02T12:24:50","modified_gmt":"2026-03-02T19:24:50","slug":"acerca-de-wmrha","status":"publish","type":"page","link":"https:\/\/westmountainhealthalliance.org\/es\/about-wmrha\/","title":{"rendered":"Acerca de WMRHA"},"content":{"rendered":"<h1>\n\t\t\tAcerca de West Mountain Regional Health Alliance\t<\/h1>\n\t<p>Creemos<\/p>\n<h4>\n\t\t\tWMRHA cree que fortalecer los sistemas de salud integrales con socios y recursos comunitarios es esencial para mejorar los determinantes sociales de la salud de todas las personas que viven en la regi\u00f3n de West Mountain.\t<\/h4>\n\t<p>Visi\u00f3n<\/p>\n<h4>\n\t\t\tLa visi\u00f3n de WMRHA es el acceso igualitario a servicios de atenci\u00f3n m\u00e9dica de alta calidad, integrales, integrados y rentables para los residentes de West Mountain, con un enfoque en las poblaciones vulnerables.\t<\/h4>\n<h2>\n\t\t\tNuestra misi\u00f3n\t<\/h2>\n\t<p>La misi\u00f3n de West Mountain Regional Health Alliance (WMRHA) es construir un sistema de salud integrado que respalde la salud \u00f3ptima para todos los residentes de la regi\u00f3n de West Mountain (condados Eagle, Garfield y Pitkin en Colorado).<\/p>\n\t\t\t <p>Nosotros <strong>ALINEAR<\/strong> proveedores de salud y partes interesadas a trav\u00e9s de iniciativas proactivas.<\/p>\t\t\n\t\t\t <p>Trabajamos para expandirnos <strong>ACCESO<\/strong> a una atenci\u00f3n integrada asequible y de alta calidad para todos.<\/p>\t\t\n\t\t\t <p>Nosotros <strong>DEFENSOR\u00a0<\/strong>para los residentes desatendidos de la regi\u00f3n de West Mountain.\u00a0<\/p>\t\t\n\t<figure itemscope itemtype=\"https:\/\/schema.org\/ImageObject\">\n\t\t\t\t<a href=\"https:\/\/westmountainhealthalliance.org\/wp-content\/uploads\/2026\/03\/WMRHA-Theory-of-Change_Horizontal_Slide_v2.jpg\"  target=\"_self\" itemprop=\"url\">\n\t\t\t\t<img decoding=\"async\" src=\"https:\/\/westmountainhealthalliance.org\/wp-content\/uploads\/2026\/03\/WMRHA-Theory-of-Change_Horizontal_Slide_v2.jpg\" alt=\"Captura de pantalla\" height=\"833\" width=\"1470\" title=\"Teor\u00eda del cambio de la WMRHA 2025\" onerror=\"this.style.display='none'\" loading=\"lazy\" \/>\n\t\t\t\t<\/a>\n\t<\/figure>\n\t<p><a href=\"https:\/\/westmountainhealthalliance.org\/wp-content\/uploads\/2026\/03\/WMRHA-Theory-of-Change_Horizontal_v2.pdf\">Versi\u00f3n PDF de alta resoluci\u00f3n<\/a><\/p>\n<h2>\n\t\t\tUna historia de colaboraci\u00f3n en la vertiente occidental desde 2010\t<\/h2>\n\t<p>WMRHA se form\u00f3 como entidad regional en 2010 para examinar la brecha de acceso a la atenci\u00f3n prenatal para mujeres de bajos ingresos en el oeste del condado Eagle. Esto condujo a un programa prenatal colaborativo entre el condado de Pitkin y el condado de Eagle. El \u00e9xito de la entidad destac\u00f3 la necesidad de que el grupo contin\u00fae sus esfuerzos para identificar problemas y buscar soluciones regionales. Para lograrlo, la alianza se expandi\u00f3 hasta convertirse en una alianza comunitaria m\u00e1s amplia que lo que es hoy.<\/p>\n<figure itemscope itemtype=\"https:\/\/schema.org\/ImageObject\">\n\t\t\t\t<img decoding=\"async\" src=\"https:\/\/westmountainhealthalliance.org\/wp-content\/uploads\/2023\/09\/WMRHA-logo-sq-300x300.jpg\" alt=\"Logotipo West Mountain Regional Health Alliance cuadrado\" height=\"300\" width=\"300\" title=\"WMRHA-logo-sq\" onerror=\"this.style.display='none'\" loading=\"lazy\" \/>\n\t<\/figure>\n<h2>\n\t\t\tLogros juntos\t<\/h2>\n\t<p>WMRHA y VAEH lanzan una iniciativa de Vivienda de Apoyo Permanente para ayudar a las personas en situaci\u00f3n de calle cr\u00f3nica a acceder a la vivienda y a los recursos necesarios para permanecer en ella. WMRHA publica el Directorio de Recursos para conectar a las personas necesitadas con los recursos disponibles en toda la regi\u00f3n.<\/p>\n\t<p>WMRHA contrata personal de Navegaci\u00f3n de Vivienda con el apoyo del Condado de Pitkin para ayudar a aumentar la cantidad de unidades de vivienda disponibles para las personas que se encuentran sin hogar en la regi\u00f3n.<\/p>\n\t<p>WMRHA y el VAEH reciben una subvenci\u00f3n crucial para apoyar las iniciativas de los tres condados en la respuesta a la falta de vivienda, proporcionando fondos a agencias que atienden a personas y familias sin hogar. WMRHA convoca a colaboradores y miembros de la comunidad en torno al tema de la salud mental de las madres latinas y elabora un informe para promover la defensa de este problema.<\/p>\n\t<p>WMRHA ayuda a establecer esfuerzos regionales en materia de vivienda y seguridad alimentaria mediante el desarrollo de planes estrat\u00e9gicos con la Alianza del Valle para Acabar con la Falta de Vivienda (VAEH) y la Coalici\u00f3n de las Monta\u00f1as para la Seguridad Alimentaria y la Nutrici\u00f3n (MCFNS).<\/p>\n\t<p>WMRHA es el l\u00edder regional de la Alianza del Valle para Acabar con la Indigencia, las Subvenciones para Soluciones de Emergencia de CO DOLA, la Coalici\u00f3n de las Monta\u00f1as para la Seguridad Alimentaria y Nutricional y la Coalici\u00f3n Latina. WMRHA elabora la Gu\u00eda de Recursos Comunitarios de Roaring Fork para ayudar a las personas que viven y trabajan en el Valle de Roaring Fork a acceder a los servicios y recursos de la regi\u00f3n.<\/p>\n\t<p>El informe Protejamos a Nuestros Vecinos (PON) se elabora a ra\u00edz de un esfuerzo liderado por la comunidad y el gobierno para comprender los efectos y las experiencias vividas de las personas dentro de la comunidad hispana\/latinx dentro de la regi\u00f3n tur\u00edstica rural y fronteriza desde Aspen hasta Parachute.<\/p>\n\t<p>WMRHA comienza a colaborar con Quality Health Network, Community Resource Network (CRN) para implementar una plataforma de intercambio de informaci\u00f3n de salud social.<\/p>\n\t<p>WMRHA contrat\u00f3 a su primer director ejecutivo. WMRHA se convierte en la organizaci\u00f3n l\u00edder comunitaria del Modelo de Comunidades Saludables Responsables (AHCM) de Rocky Mountain Health Plans para los Centros de Innovaci\u00f3n de Medicare y Medicaid hasta 2022.<\/p>\n\t<p>WMRHA recibe una subvenci\u00f3n de planificaci\u00f3n de red de la Administraci\u00f3n de Servicios de Recursos de Salud para liderar proyectos de planificaci\u00f3n de desarrollo de redes de salud rurales que durar\u00e1n hasta 2019.<\/p>\n\t<p>WMRHA contrat\u00f3 a su primer director ejecutivo. WMRHA se convierte en la organizaci\u00f3n l\u00edder comunitaria del Modelo de Comunidades Saludables Responsables (AHCM) de Rocky Mountain Health Plans para los Centros de Innovaci\u00f3n de Medicare y Medicaid hasta 2022.<\/p>\n<h3  data-animation-delay=\"\" data-animation-duration=\"1\">\n\t\t\t\t<\/h3>\n<h3  data-animation-delay=\"\" data-animation-duration=\"1\">\n\t\t\t\u00bfQu\u00e9 est\u00e1 pasando ahora?\t<\/h3>\n\t\t\t<a href=\"https:\/\/westmountainhealthalliance.org\/es\/nuestras-iniciativas\/\"  target=\"_self\">\n\t\t\t\t\t\t\tExplore nuestras iniciativas actuales\n\t\t\t<\/a>","protected":false},"excerpt":{"rendered":"<p>Acerca de West Mountain Regional Health Alliance Creemos WMRHA cree que fortalecer los sistemas de salud integrales con socios y recursos comunitarios es esencial para mejorar los determinantes sociales de la salud de todas las personas que viven en la regi\u00f3n de West Mountain. Visi\u00f3n La visi\u00f3n de WMRHA es el acceso igualitario a servicios de atenci\u00f3n m\u00e9dica integrales, de alta calidad y rentables para los residentes de West Mountain, \u2026 <a title=\"Acerca de WMRHA\" class=\"read-more\" href=\"https:\/\/westmountainhealthalliance.org\/es\/about-wmrha\/\" aria-label=\"Leer m\u00e1s sobre Acerca de WMRHA\">Leer m\u00e1s<\/a><\/p>","protected":false},"author":2,"featured_media":6341,"parent":0,"menu_order":0,"comment_status":"closed","ping_status":"closed","template":"","meta":{"_acf_changed":false,"footnotes":""},"class_list":{"0":"post-317","1":"page","2":"type-page","3":"status-publish","4":"has-post-thumbnail","6":"resize-featured-image"},"acf":[],"yoast_head":"<!-- This site is optimized with the Yoast SEO plugin v27.4 - https:\/\/yoast.com\/product\/yoast-seo-wordpress\/ -->\n<title>About the West Mountain Regional Health Alliance<\/title>\n<meta name=\"description\" content=\"We work to build an integrated health system that supports optimal health for all people who live in the West Mountain region.\" \/>\n<meta name=\"robots\" content=\"index, follow, max-snippet:-1, max-image-preview:large, max-video-preview:-1\" \/>\n<link rel=\"canonical\" href=\"https:\/\/westmountainhealthalliance.org\/es\/acerca-de-wmrha\/\" \/>\n<meta property=\"og:locale\" content=\"es_MX\" \/>\n<meta property=\"og:type\" content=\"article\" \/>\n<meta property=\"og:title\" content=\"About the West Mountain Regional Health Alliance\" \/>\n<meta property=\"og:description\" content=\"We work to build an integrated health system that supports optimal health for all people who live in the West Mountain region.\" \/>\n<meta property=\"og:url\" content=\"https:\/\/westmountainhealthalliance.org\/es\/acerca-de-wmrha\/\" \/>\n<meta property=\"og:site_name\" content=\"West Mountain Regional Health Alliance\" \/>\n<meta property=\"article:publisher\" content=\"https:\/\/www.facebook.com\/wmrhealthalliance\/\" \/>\n<meta property=\"article:modified_time\" content=\"2026-03-02T19:24:50+00:00\" \/>\n<meta property=\"og:image\" content=\"https:\/\/westmountainhealthalliance.org\/wp-content\/uploads\/2024\/07\/IMG_4642.jpg\" \/>\n\t<meta property=\"og:image:width\" content=\"1920\" \/>\n\t<meta property=\"og:image:height\" content=\"1280\" \/>\n\t<meta property=\"og:image:type\" content=\"image\/jpeg\" \/>\n<meta name=\"twitter:card\" content=\"summary_large_image\" \/>\n<meta name=\"twitter:label1\" content=\"Tiempo de lectura\" \/>\n\t<meta name=\"twitter:data1\" content=\"4 minutos\" \/>\n<script type=\"application\/ld+json\" class=\"yoast-schema-graph\">{\"@context\":\"https:\\\/\\\/schema.org\",\"@graph\":[{\"@type\":\"WebPage\",\"@id\":\"https:\\\/\\\/westmountainhealthalliance.org\\\/about-wmrha\\\/\",\"url\":\"https:\\\/\\\/westmountainhealthalliance.org\\\/about-wmrha\\\/\",\"name\":\"About the West Mountain Regional Health Alliance\",\"isPartOf\":{\"@id\":\"https:\\\/\\\/westmountainhealthalliance.org\\\/#website\"},\"primaryImageOfPage\":{\"@id\":\"https:\\\/\\\/westmountainhealthalliance.org\\\/about-wmrha\\\/#primaryimage\"},\"image\":{\"@id\":\"https:\\\/\\\/westmountainhealthalliance.org\\\/about-wmrha\\\/#primaryimage\"},\"thumbnailUrl\":\"https:\\\/\\\/westmountainhealthalliance.org\\\/wp-content\\\/uploads\\\/2024\\\/07\\\/IMG_4642.jpg\",\"datePublished\":\"2017-08-28T17:51:57+00:00\",\"dateModified\":\"2026-03-02T19:24:50+00:00\",\"description\":\"We work to build an integrated health system that supports optimal health for all people who live in the West Mountain region.\",\"breadcrumb\":{\"@id\":\"https:\\\/\\\/westmountainhealthalliance.org\\\/about-wmrha\\\/#breadcrumb\"},\"inLanguage\":\"es\",\"potentialAction\":[{\"@type\":\"ReadAction\",\"target\":[\"https:\\\/\\\/westmountainhealthalliance.org\\\/about-wmrha\\\/\"]}]},{\"@type\":\"ImageObject\",\"inLanguage\":\"es\",\"@id\":\"https:\\\/\\\/westmountainhealthalliance.org\\\/about-wmrha\\\/#primaryimage\",\"url\":\"https:\\\/\\\/westmountainhealthalliance.org\\\/wp-content\\\/uploads\\\/2024\\\/07\\\/IMG_4642.jpg\",\"contentUrl\":\"https:\\\/\\\/westmountainhealthalliance.org\\\/wp-content\\\/uploads\\\/2024\\\/07\\\/IMG_4642.jpg\",\"width\":1920,\"height\":1280},{\"@type\":\"BreadcrumbList\",\"@id\":\"https:\\\/\\\/westmountainhealthalliance.org\\\/about-wmrha\\\/#breadcrumb\",\"itemListElement\":[{\"@type\":\"ListItem\",\"position\":1,\"name\":\"Home\",\"item\":\"https:\\\/\\\/westmountainhealthalliance.org\\\/\"},{\"@type\":\"ListItem\",\"position\":2,\"name\":\"About WMRHA\"}]},{\"@type\":\"WebSite\",\"@id\":\"https:\\\/\\\/westmountainhealthalliance.org\\\/#website\",\"url\":\"https:\\\/\\\/westmountainhealthalliance.org\\\/\",\"name\":\"West Mountain Regional Health Alliance\",\"description\":\"We unite leaders in health and social services to collaboratively strengthen our community&#039;s care system\",\"publisher\":{\"@id\":\"https:\\\/\\\/westmountainhealthalliance.org\\\/#organization\"},\"alternateName\":\"WMRHA\",\"potentialAction\":[{\"@type\":\"SearchAction\",\"target\":{\"@type\":\"EntryPoint\",\"urlTemplate\":\"https:\\\/\\\/westmountainhealthalliance.org\\\/?s={search_term_string}\"},\"query-input\":{\"@type\":\"PropertyValueSpecification\",\"valueRequired\":true,\"valueName\":\"search_term_string\"}}],\"inLanguage\":\"es\"},{\"@type\":\"Organization\",\"@id\":\"https:\\\/\\\/westmountainhealthalliance.org\\\/#organization\",\"name\":\"West Mountain Regional Health Alliance\",\"alternateName\":\"WMRHA\",\"url\":\"https:\\\/\\\/westmountainhealthalliance.org\\\/\",\"logo\":{\"@type\":\"ImageObject\",\"inLanguage\":\"es\",\"@id\":\"https:\\\/\\\/westmountainhealthalliance.org\\\/#\\\/schema\\\/logo\\\/image\\\/\",\"url\":\"https:\\\/\\\/westmountainhealthalliance.org\\\/wp-content\\\/uploads\\\/2023\\\/09\\\/WMRHA-logo.jpg\",\"contentUrl\":\"https:\\\/\\\/westmountainhealthalliance.org\\\/wp-content\\\/uploads\\\/2023\\\/09\\\/WMRHA-logo.jpg\",\"width\":1920,\"height\":1920,\"caption\":\"West Mountain Regional Health Alliance\"},\"image\":{\"@id\":\"https:\\\/\\\/westmountainhealthalliance.org\\\/#\\\/schema\\\/logo\\\/image\\\/\"},\"sameAs\":[\"https:\\\/\\\/www.facebook.com\\\/wmrhealthalliance\\\/\"]}]}<\/script>\n<!-- \/ Yoast SEO plugin. -->","yoast_head_json":{"title":"Acerca del West Mountain Regional Health Alliance","description":"Trabajamos para construir un sistema de salud integrado que respalde una salud \u00f3ptima para todas las personas que viven en la regi\u00f3n de West Mountain.","robots":{"index":"index","follow":"follow","max-snippet":"max-snippet:-1","max-image-preview":"max-image-preview:large","max-video-preview":"max-video-preview:-1"},"canonical":"https:\/\/westmountainhealthalliance.org\/es\/acerca-de-wmrha\/","og_locale":"es_MX","og_type":"article","og_title":"About the West Mountain Regional Health Alliance","og_description":"We work to build an integrated health system that supports optimal health for all people who live in the West Mountain region.","og_url":"https:\/\/westmountainhealthalliance.org\/es\/acerca-de-wmrha\/","og_site_name":"West Mountain Regional Health Alliance","article_publisher":"https:\/\/www.facebook.com\/wmrhealthalliance\/","article_modified_time":"2026-03-02T19:24:50+00:00","og_image":[{"width":1920,"height":1280,"url":"https:\/\/westmountainhealthalliance.org\/wp-content\/uploads\/2024\/07\/IMG_4642.jpg","type":"image\/jpeg"}],"twitter_card":"summary_large_image","twitter_misc":{"Tiempo de lectura":"4 minutos"},"schema":{"@context":"https:\/\/schema.org","@graph":[{"@type":"WebPage","@id":"https:\/\/westmountainhealthalliance.org\/about-wmrha\/","url":"https:\/\/westmountainhealthalliance.org\/about-wmrha\/","name":"Acerca del West Mountain Regional Health Alliance","isPartOf":{"@id":"https:\/\/westmountainhealthalliance.org\/#website"},"primaryImageOfPage":{"@id":"https:\/\/westmountainhealthalliance.org\/about-wmrha\/#primaryimage"},"image":{"@id":"https:\/\/westmountainhealthalliance.org\/about-wmrha\/#primaryimage"},"thumbnailUrl":"https:\/\/westmountainhealthalliance.org\/wp-content\/uploads\/2024\/07\/IMG_4642.jpg","datePublished":"2017-08-28T17:51:57+00:00","dateModified":"2026-03-02T19:24:50+00:00","description":"Trabajamos para construir un sistema de salud integrado que respalde una salud \u00f3ptima para todas las personas que viven en la regi\u00f3n de West Mountain.","breadcrumb":{"@id":"https:\/\/westmountainhealthalliance.org\/about-wmrha\/#breadcrumb"},"inLanguage":"es","potentialAction":[{"@type":"ReadAction","target":["https:\/\/westmountainhealthalliance.org\/about-wmrha\/"]}]},{"@type":"ImageObject","inLanguage":"es","@id":"https:\/\/westmountainhealthalliance.org\/about-wmrha\/#primaryimage","url":"https:\/\/westmountainhealthalliance.org\/wp-content\/uploads\/2024\/07\/IMG_4642.jpg","contentUrl":"https:\/\/westmountainhealthalliance.org\/wp-content\/uploads\/2024\/07\/IMG_4642.jpg","width":1920,"height":1280},{"@type":"BreadcrumbList","@id":"https:\/\/westmountainhealthalliance.org\/about-wmrha\/#breadcrumb","itemListElement":[{"@type":"ListItem","position":1,"name":"Home","item":"https:\/\/westmountainhealthalliance.org\/"},{"@type":"ListItem","position":2,"name":"About WMRHA"}]},{"@type":"WebSite","@id":"https:\/\/westmountainhealthalliance.org\/#website","url":"https:\/\/westmountainhealthalliance.org\/","name":"Alianza Regional de Salud de West Mountain","description":"Unimos a l\u00edderes en servicios sociales y de salud para fortalecer colaborativamente el sistema de atenci\u00f3n de nuestra comunidad.","publisher":{"@id":"https:\/\/westmountainhealthalliance.org\/#organization"},"alternateName":"WMRHA","potentialAction":[{"@type":"SearchAction","target":{"@type":"EntryPoint","urlTemplate":"https:\/\/westmountainhealthalliance.org\/?s={search_term_string}"},"query-input":{"@type":"PropertyValueSpecification","valueRequired":true,"valueName":"search_term_string"}}],"inLanguage":"es"},{"@type":"Organization","@id":"https:\/\/westmountainhealthalliance.org\/#organization","name":"Alianza Regional de Salud de West Mountain","alternateName":"WMRHA","url":"https:\/\/westmountainhealthalliance.org\/","logo":{"@type":"ImageObject","inLanguage":"es","@id":"https:\/\/westmountainhealthalliance.org\/#\/schema\/logo\/image\/","url":"https:\/\/westmountainhealthalliance.org\/wp-content\/uploads\/2023\/09\/WMRHA-logo.jpg","contentUrl":"https:\/\/westmountainhealthalliance.org\/wp-content\/uploads\/2023\/09\/WMRHA-logo.jpg","width":1920,"height":1920,"caption":"West Mountain Regional Health Alliance"},"image":{"@id":"https:\/\/westmountainhealthalliance.org\/#\/schema\/logo\/image\/"},"sameAs":["https:\/\/www.facebook.com\/wmrhealthalliance\/"]}]}},"publishpress_future_action":{"enabled":false,"date":"2026-04-21 08:51:24","action":"change-status","newStatus":"draft","terms":[],"taxonomy":"","extraData":[]},"publishpress_future_workflow_manual_trigger":{"enabledWorkflows":[]},"_links":{"self":[{"href":"https:\/\/westmountainhealthalliance.org\/es\/wp-json\/wp\/v2\/pages\/317","targetHints":{"allow":["GET"]}}],"collection":[{"href":"https:\/\/westmountainhealthalliance.org\/es\/wp-json\/wp\/v2\/pages"}],"about":[{"href":"https:\/\/westmountainhealthalliance.org\/es\/wp-json\/wp\/v2\/types\/page"}],"author":[{"embeddable":true,"href":"https:\/\/westmountainhealthalliance.org\/es\/wp-json\/wp\/v2\/users\/2"}],"replies":[{"embeddable":true,"href":"https:\/\/westmountainhealthalliance.org\/es\/wp-json\/wp\/v2\/comments?post=317"}],"version-history":[{"count":12,"href":"https:\/\/westmountainhealthalliance.org\/es\/wp-json\/wp\/v2\/pages\/317\/revisions"}],"predecessor-version":[{"id":7735,"href":"https:\/\/westmountainhealthalliance.org\/es\/wp-json\/wp\/v2\/pages\/317\/revisions\/7735"}],"wp:featuredmedia":[{"embeddable":true,"href":"https:\/\/westmountainhealthalliance.org\/es\/wp-json\/wp\/v2\/media\/6341"}],"wp:attachment":[{"href":"https:\/\/westmountainhealthalliance.org\/es\/wp-json\/wp\/v2\/media?parent=317"}],"curies":[{"name":"gracias","href":"https:\/\/api.w.org\/{rel}","templated":true}]}}