{"id":4578,"date":"2023-08-26T17:02:05","date_gmt":"2023-08-26T23:02:05","guid":{"rendered":"https:\/\/basewheel.com\/wmrha\/?page_id=4578"},"modified":"2024-07-22T11:53:04","modified_gmt":"2024-07-22T17:53:04","slug":"red-de-recursos-comunitarios-crn","status":"publish","type":"page","link":"https:\/\/westmountainhealthalliance.org\/es\/initiatives\/community-connections\/community-resource-network-crn\/","title":{"rendered":"Red de recursos comunitarios (CRN)"},"content":{"rendered":"<p>Una iniciativa de conexiones de salud comunitaria<\/p>\n<h1>\n\t\tRed de recursos comunitarios\n\t<\/h1>\n<h2>\n\t\tVisi\u00f3n y prop\u00f3sito\n\t<\/h2>\n<h2>\n\t\tCommunity Resource Network (CRN) es un intercambio de informaci\u00f3n social (SIE) dise\u00f1ado para ayudar a cerrar la brecha, aumentar la eficiencia y mejorar los resultados en lo que respecta a los determinantes sociales de la salud.\n\t<\/h2>\n\t<p>La red comunitaria colaborativa est\u00e1 formada por agencias de servicios m\u00e9dicos, sociales y conductuales en un esfuerzo por mejorar los resultados para los clientes, facilitando la colaboraci\u00f3n experta entre varios puntos de servicio a trav\u00e9s de tecnolog\u00eda compartida segura.<\/p>\n\t\t\t\t<a href=\"https:\/\/westmountainhealthalliance.org\/wp-content\/uploads\/2023\/08\/CRN-West-Mountain-Footprint-1.jpg\" target=\"_self\" itemprop=\"url\" rel=\"noopener\">\n\t\t\t\t<img decoding=\"async\" src=\"https:\/\/westmountainhealthalliance.org\/wp-content\/uploads\/2023\/08\/CRN-West-Mountain-Footprint-1-1024x791.jpg\" alt=\"CRN - Huella de la Monta\u00f1a Oeste (1)\" itemprop=\"image\" height=\"791\" width=\"1024\" title=\"CRN - Huella de la Monta\u00f1a Oeste (1)\" onerror=\"this.style.display='none'\"  \/>\n\t\t\t\t<\/a>\n<h2>\n\t\tBeneficios para la comunidad\n\t<\/h2>\n<h2>\n\t\tLos ex\u00e1menes y chequeos regulares, ir al m\u00e9dico cuando estamos enfermos, son s\u00f3lo aproximadamente 10% de lo que define nuestra salud.\n\t<\/h2>\n\t<ul>\n<li>Proporcionar infraestructura de bajo costo para la comunicaci\u00f3n y colaboraci\u00f3n entre todos los proveedores de servicios.<\/li>\n<li>Facilite una comunicaci\u00f3n segura y optimizada y el intercambio de informaci\u00f3n entre los miembros del equipo de atenci\u00f3n m\u00e9dica y no m\u00e9dica que cumpla con HIPAA (salud), FERPA (educaci\u00f3n) y otras regulaciones de confidencialidad.<\/li>\n<li>Apoyar el establecimiento de procesos est\u00e1ndar para referencias, seguimiento y cierre en toda la comunidad.<\/li>\n<li>Disminuir el costo general de brindar servicios al reducir la duplicaci\u00f3n en la recopilaci\u00f3n y presentaci\u00f3n de informes demogr\u00e1ficos,<br \/>\nevaluaci\u00f3n y otra informaci\u00f3n<\/li>\n<\/ul>\n<h2>\n\t\t\u00bfQui\u00e9n puede acceder al CRN?\n\t<\/h2>\n<h2>\n\t\tTodas las partes interesadas est\u00e1n invitadas a ayudar a explorar y cambiar la forma en que trabajamos juntos.\n\t<\/h2>\n\t<ul>\n<li>Proveedores m\u00e9dicos<\/li>\n<li>Proveedores de servicios humanos\/sociales<\/li>\n<li>Servicios de salud conductual<\/li>\n<li>Autoridad de Vivienda P\u00fablica<\/li>\n<li>Sistema judicial\/Aplicaci\u00f3n de la ley<\/li>\n<li>Instituciones educacionales<\/li>\n<\/ul>\n\t<a href=\"https:\/\/westmountainhealthalliance.org\/es\/nuestros-companeros\/\">Obtenga m\u00e1s informaci\u00f3n sobre nuestros socios<\/a> y<br \/>\nc\u00f3mo su grupo, agencia u organizaci\u00f3n<br \/>\npuede involucrarse.\n<p>o<\/p>\n<p><a href=\"https:\/\/westmountainhealthalliance.org\/es\/contacto\/\">Cont\u00e1ctanos para unirte a una iniciativa.<\/a><\/p>","protected":false},"excerpt":{"rendered":"<p>Una iniciativa de conexiones de salud comunitaria Red de recursos comunitarios Visi\u00f3n y prop\u00f3sito La Red de recursos comunitarios (CRN) es un intercambio de informaci\u00f3n social (SIE) dise\u00f1ado para ayudar a cerrar la brecha, aumentar la eficiencia y mejorar los resultados en lo que respecta a los determinantes sociales de la salud. La red comunitaria colaborativa est\u00e1 formada por agencias de servicios m\u00e9dicos, sociales y conductuales en... <a title=\"Red de recursos comunitarios (CRN)\" class=\"read-more\" href=\"https:\/\/westmountainhealthalliance.org\/es\/initiatives\/community-connections\/community-resource-network-crn\/\" aria-label=\"Leer m\u00e1s sobre Red de Recursos Comunitarios (CRN)\">Leer m\u00e1s<\/a><\/p>","protected":false},"author":1,"featured_media":4625,"parent":2578,"menu_order":0,"comment_status":"closed","ping_status":"closed","template":"","meta":{"_acf_changed":false,"footnotes":""},"class_list":{"0":"post-4578","1":"page","2":"type-page","3":"status-publish","4":"has-post-thumbnail","6":"resize-featured-image"},"acf":[],"yoast_head":"<!-- This site is optimized with the Yoast SEO plugin v27.5 - https:\/\/yoast.com\/product\/yoast-seo-wordpress\/ -->\n<title>Community Resource Network - A Social Information Exchange<\/title>\n<meta name=\"description\" content=\"CRN is made up of behavioral, social, and medical service agencies in an effort to improve outcomes for clients.\" \/>\n<meta name=\"robots\" content=\"index, follow, max-snippet:-1, max-image-preview:large, max-video-preview:-1\" \/>\n<link rel=\"canonical\" href=\"https:\/\/westmountainhealthalliance.org\/es\/nuestras-iniciativas\/conexiones-comunitarias\/red-de-recursos-comunitarios-crn\/\" \/>\n<meta property=\"og:locale\" content=\"es_MX\" \/>\n<meta property=\"og:type\" content=\"article\" \/>\n<meta property=\"og:title\" content=\"Community Resource Network - A Social Information Exchange\" \/>\n<meta property=\"og:description\" content=\"CRN is made up of behavioral, social, and medical service agencies in an effort to improve outcomes for clients.\" \/>\n<meta property=\"og:url\" content=\"https:\/\/westmountainhealthalliance.org\/es\/nuestras-iniciativas\/conexiones-comunitarias\/red-de-recursos-comunitarios-crn\/\" \/>\n<meta property=\"og:site_name\" content=\"West Mountain Regional Health Alliance\" \/>\n<meta property=\"article:publisher\" content=\"https:\/\/www.facebook.com\/wmrhealthalliance\/\" \/>\n<meta property=\"article:modified_time\" content=\"2024-07-22T17:53:04+00:00\" \/>\n<meta property=\"og:image\" content=\"https:\/\/westmountainhealthalliance.org\/wp-content\/uploads\/2023\/08\/CRN-West-Mountain-Footprint-1.jpg\" \/>\n\t<meta property=\"og:image:width\" content=\"1584\" \/>\n\t<meta property=\"og:image:height\" content=\"1223\" \/>\n\t<meta property=\"og:image:type\" content=\"image\/jpeg\" \/>\n<meta name=\"twitter:card\" content=\"summary_large_image\" \/>\n<meta name=\"twitter:label1\" content=\"Tiempo de lectura\" \/>\n\t<meta name=\"twitter:data1\" content=\"2 minutos\" \/>\n<script type=\"application\/ld+json\" class=\"yoast-schema-graph\">{\"@context\":\"https:\\\/\\\/schema.org\",\"@graph\":[{\"@type\":\"WebPage\",\"@id\":\"https:\\\/\\\/westmountainhealthalliance.org\\\/initiatives\\\/community-connections\\\/community-resource-network-crn\\\/\",\"url\":\"https:\\\/\\\/westmountainhealthalliance.org\\\/initiatives\\\/community-connections\\\/community-resource-network-crn\\\/\",\"name\":\"Community Resource Network - A Social Information Exchange\",\"isPartOf\":{\"@id\":\"https:\\\/\\\/westmountainhealthalliance.org\\\/#website\"},\"primaryImageOfPage\":{\"@id\":\"https:\\\/\\\/westmountainhealthalliance.org\\\/initiatives\\\/community-connections\\\/community-resource-network-crn\\\/#primaryimage\"},\"image\":{\"@id\":\"https:\\\/\\\/westmountainhealthalliance.org\\\/initiatives\\\/community-connections\\\/community-resource-network-crn\\\/#primaryimage\"},\"thumbnailUrl\":\"https:\\\/\\\/westmountainhealthalliance.org\\\/wp-content\\\/uploads\\\/2023\\\/08\\\/CRN-West-Mountain-Footprint-1.jpg\",\"datePublished\":\"2023-08-26T23:02:05+00:00\",\"dateModified\":\"2024-07-22T17:53:04+00:00\",\"description\":\"CRN is made up of behavioral, social, and medical service agencies in an effort to improve outcomes for clients.\",\"breadcrumb\":{\"@id\":\"https:\\\/\\\/westmountainhealthalliance.org\\\/initiatives\\\/community-connections\\\/community-resource-network-crn\\\/#breadcrumb\"},\"inLanguage\":\"es\",\"potentialAction\":[{\"@type\":\"ReadAction\",\"target\":[\"https:\\\/\\\/westmountainhealthalliance.org\\\/initiatives\\\/community-connections\\\/community-resource-network-crn\\\/\"]}]},{\"@type\":\"ImageObject\",\"inLanguage\":\"es\",\"@id\":\"https:\\\/\\\/westmountainhealthalliance.org\\\/initiatives\\\/community-connections\\\/community-resource-network-crn\\\/#primaryimage\",\"url\":\"https:\\\/\\\/westmountainhealthalliance.org\\\/wp-content\\\/uploads\\\/2023\\\/08\\\/CRN-West-Mountain-Footprint-1.jpg\",\"contentUrl\":\"https:\\\/\\\/westmountainhealthalliance.org\\\/wp-content\\\/uploads\\\/2023\\\/08\\\/CRN-West-Mountain-Footprint-1.jpg\",\"width\":1584,\"height\":1223,\"caption\":\"CRN - West Mountain Footprint (1)\"},{\"@type\":\"BreadcrumbList\",\"@id\":\"https:\\\/\\\/westmountainhealthalliance.org\\\/initiatives\\\/community-connections\\\/community-resource-network-crn\\\/#breadcrumb\",\"itemListElement\":[{\"@type\":\"ListItem\",\"position\":1,\"name\":\"Home\",\"item\":\"https:\\\/\\\/westmountainhealthalliance.org\\\/\"},{\"@type\":\"ListItem\",\"position\":2,\"name\":\"Initiatives\",\"item\":\"https:\\\/\\\/westmountainhealthalliance.org\\\/initiatives\\\/\"},{\"@type\":\"ListItem\",\"position\":3,\"name\":\"Community Connections\",\"item\":\"https:\\\/\\\/westmountainhealthalliance.org\\\/initiatives\\\/community-connections\\\/\"},{\"@type\":\"ListItem\",\"position\":4,\"name\":\"Community Resource Network (CRN)\"}]},{\"@type\":\"WebSite\",\"@id\":\"https:\\\/\\\/westmountainhealthalliance.org\\\/#website\",\"url\":\"https:\\\/\\\/westmountainhealthalliance.org\\\/\",\"name\":\"West Mountain Regional Health Alliance\",\"description\":\"We unite leaders in health and social services to collaboratively strengthen our community&#039;s care system\",\"publisher\":{\"@id\":\"https:\\\/\\\/westmountainhealthalliance.org\\\/#organization\"},\"alternateName\":\"WMRHA\",\"potentialAction\":[{\"@type\":\"SearchAction\",\"target\":{\"@type\":\"EntryPoint\",\"urlTemplate\":\"https:\\\/\\\/westmountainhealthalliance.org\\\/?s={search_term_string}\"},\"query-input\":{\"@type\":\"PropertyValueSpecification\",\"valueRequired\":true,\"valueName\":\"search_term_string\"}}],\"inLanguage\":\"es\"},{\"@type\":\"Organization\",\"@id\":\"https:\\\/\\\/westmountainhealthalliance.org\\\/#organization\",\"name\":\"West Mountain Regional Health Alliance\",\"alternateName\":\"WMRHA\",\"url\":\"https:\\\/\\\/westmountainhealthalliance.org\\\/\",\"logo\":{\"@type\":\"ImageObject\",\"inLanguage\":\"es\",\"@id\":\"https:\\\/\\\/westmountainhealthalliance.org\\\/#\\\/schema\\\/logo\\\/image\\\/\",\"url\":\"https:\\\/\\\/westmountainhealthalliance.org\\\/wp-content\\\/uploads\\\/2023\\\/09\\\/WMRHA-logo.jpg\",\"contentUrl\":\"https:\\\/\\\/westmountainhealthalliance.org\\\/wp-content\\\/uploads\\\/2023\\\/09\\\/WMRHA-logo.jpg\",\"width\":1920,\"height\":1920,\"caption\":\"West Mountain Regional Health Alliance\"},\"image\":{\"@id\":\"https:\\\/\\\/westmountainhealthalliance.org\\\/#\\\/schema\\\/logo\\\/image\\\/\"},\"sameAs\":[\"https:\\\/\\\/www.facebook.com\\\/wmrhealthalliance\\\/\"]}]}<\/script>\n<!-- \/ Yoast SEO plugin. -->","yoast_head_json":{"title":"Red de recursos comunitarios: un intercambio de informaci\u00f3n social","description":"CRN est\u00e1 compuesto por agencias de servicios m\u00e9dicos, sociales y conductuales en un esfuerzo por mejorar los resultados para los clientes.","robots":{"index":"index","follow":"follow","max-snippet":"max-snippet:-1","max-image-preview":"max-image-preview:large","max-video-preview":"max-video-preview:-1"},"canonical":"https:\/\/westmountainhealthalliance.org\/es\/nuestras-iniciativas\/conexiones-comunitarias\/red-de-recursos-comunitarios-crn\/","og_locale":"es_MX","og_type":"article","og_title":"Community Resource Network - A Social Information Exchange","og_description":"CRN is made up of behavioral, social, and medical service agencies in an effort to improve outcomes for clients.","og_url":"https:\/\/westmountainhealthalliance.org\/es\/nuestras-iniciativas\/conexiones-comunitarias\/red-de-recursos-comunitarios-crn\/","og_site_name":"West Mountain Regional Health Alliance","article_publisher":"https:\/\/www.facebook.com\/wmrhealthalliance\/","article_modified_time":"2024-07-22T17:53:04+00:00","og_image":[{"width":1584,"height":1223,"url":"https:\/\/westmountainhealthalliance.org\/wp-content\/uploads\/2023\/08\/CRN-West-Mountain-Footprint-1.jpg","type":"image\/jpeg"}],"twitter_card":"summary_large_image","twitter_misc":{"Tiempo de lectura":"2 minutos"},"schema":{"@context":"https:\/\/schema.org","@graph":[{"@type":"WebPage","@id":"https:\/\/westmountainhealthalliance.org\/initiatives\/community-connections\/community-resource-network-crn\/","url":"https:\/\/westmountainhealthalliance.org\/initiatives\/community-connections\/community-resource-network-crn\/","name":"Red de recursos comunitarios: un intercambio de informaci\u00f3n social","isPartOf":{"@id":"https:\/\/westmountainhealthalliance.org\/#website"},"primaryImageOfPage":{"@id":"https:\/\/westmountainhealthalliance.org\/initiatives\/community-connections\/community-resource-network-crn\/#primaryimage"},"image":{"@id":"https:\/\/westmountainhealthalliance.org\/initiatives\/community-connections\/community-resource-network-crn\/#primaryimage"},"thumbnailUrl":"https:\/\/westmountainhealthalliance.org\/wp-content\/uploads\/2023\/08\/CRN-West-Mountain-Footprint-1.jpg","datePublished":"2023-08-26T23:02:05+00:00","dateModified":"2024-07-22T17:53:04+00:00","description":"CRN est\u00e1 compuesto por agencias de servicios m\u00e9dicos, sociales y conductuales en un esfuerzo por mejorar los resultados para los clientes.","breadcrumb":{"@id":"https:\/\/westmountainhealthalliance.org\/initiatives\/community-connections\/community-resource-network-crn\/#breadcrumb"},"inLanguage":"es","potentialAction":[{"@type":"ReadAction","target":["https:\/\/westmountainhealthalliance.org\/initiatives\/community-connections\/community-resource-network-crn\/"]}]},{"@type":"ImageObject","inLanguage":"es","@id":"https:\/\/westmountainhealthalliance.org\/initiatives\/community-connections\/community-resource-network-crn\/#primaryimage","url":"https:\/\/westmountainhealthalliance.org\/wp-content\/uploads\/2023\/08\/CRN-West-Mountain-Footprint-1.jpg","contentUrl":"https:\/\/westmountainhealthalliance.org\/wp-content\/uploads\/2023\/08\/CRN-West-Mountain-Footprint-1.jpg","width":1584,"height":1223,"caption":"CRN - West Mountain Footprint (1)"},{"@type":"BreadcrumbList","@id":"https:\/\/westmountainhealthalliance.org\/initiatives\/community-connections\/community-resource-network-crn\/#breadcrumb","itemListElement":[{"@type":"ListItem","position":1,"name":"Home","item":"https:\/\/westmountainhealthalliance.org\/"},{"@type":"ListItem","position":2,"name":"Initiatives","item":"https:\/\/westmountainhealthalliance.org\/initiatives\/"},{"@type":"ListItem","position":3,"name":"Community Connections","item":"https:\/\/westmountainhealthalliance.org\/initiatives\/community-connections\/"},{"@type":"ListItem","position":4,"name":"Community Resource Network (CRN)"}]},{"@type":"WebSite","@id":"https:\/\/westmountainhealthalliance.org\/#website","url":"https:\/\/westmountainhealthalliance.org\/","name":"Alianza Regional de Salud de West Mountain","description":"Unimos a l\u00edderes en servicios sociales y de salud para fortalecer colaborativamente el sistema de atenci\u00f3n de nuestra comunidad.","publisher":{"@id":"https:\/\/westmountainhealthalliance.org\/#organization"},"alternateName":"WMRHA","potentialAction":[{"@type":"SearchAction","target":{"@type":"EntryPoint","urlTemplate":"https:\/\/westmountainhealthalliance.org\/?s={search_term_string}"},"query-input":{"@type":"PropertyValueSpecification","valueRequired":true,"valueName":"search_term_string"}}],"inLanguage":"es"},{"@type":"Organization","@id":"https:\/\/westmountainhealthalliance.org\/#organization","name":"Alianza Regional de Salud de West Mountain","alternateName":"WMRHA","url":"https:\/\/westmountainhealthalliance.org\/","logo":{"@type":"ImageObject","inLanguage":"es","@id":"https:\/\/westmountainhealthalliance.org\/#\/schema\/logo\/image\/","url":"https:\/\/westmountainhealthalliance.org\/wp-content\/uploads\/2023\/09\/WMRHA-logo.jpg","contentUrl":"https:\/\/westmountainhealthalliance.org\/wp-content\/uploads\/2023\/09\/WMRHA-logo.jpg","width":1920,"height":1920,"caption":"West Mountain Regional Health Alliance"},"image":{"@id":"https:\/\/westmountainhealthalliance.org\/#\/schema\/logo\/image\/"},"sameAs":["https:\/\/www.facebook.com\/wmrhealthalliance\/"]}]}},"publishpress_future_action":{"enabled":false,"date":"2026-05-15 08:53:57","action":"change-status","newStatus":"draft","terms":[],"taxonomy":"","extraData":[]},"publishpress_future_workflow_manual_trigger":{"enabledWorkflows":[]},"_links":{"self":[{"href":"https:\/\/westmountainhealthalliance.org\/es\/wp-json\/wp\/v2\/pages\/4578","targetHints":{"allow":["GET"]}}],"collection":[{"href":"https:\/\/westmountainhealthalliance.org\/es\/wp-json\/wp\/v2\/pages"}],"about":[{"href":"https:\/\/westmountainhealthalliance.org\/es\/wp-json\/wp\/v2\/types\/page"}],"author":[{"embeddable":true,"href":"https:\/\/westmountainhealthalliance.org\/es\/wp-json\/wp\/v2\/users\/1"}],"replies":[{"embeddable":true,"href":"https:\/\/westmountainhealthalliance.org\/es\/wp-json\/wp\/v2\/comments?post=4578"}],"version-history":[{"count":11,"href":"https:\/\/westmountainhealthalliance.org\/es\/wp-json\/wp\/v2\/pages\/4578\/revisions"}],"predecessor-version":[{"id":6314,"href":"https:\/\/westmountainhealthalliance.org\/es\/wp-json\/wp\/v2\/pages\/4578\/revisions\/6314"}],"up":[{"embeddable":true,"href":"https:\/\/westmountainhealthalliance.org\/es\/wp-json\/wp\/v2\/pages\/2578"}],"wp:featuredmedia":[{"embeddable":true,"href":"https:\/\/westmountainhealthalliance.org\/es\/wp-json\/wp\/v2\/media\/4625"}],"wp:attachment":[{"href":"https:\/\/westmountainhealthalliance.org\/es\/wp-json\/wp\/v2\/media?parent=4578"}],"curies":[{"name":"gracias","href":"https:\/\/api.w.org\/{rel}","templated":true}]}}