{"id":4659,"date":"2023-09-01T10:53:04","date_gmt":"2023-09-01T16:53:04","guid":{"rendered":"https:\/\/basewheel.com\/wmrha\/?page_id=4659"},"modified":"2024-07-22T11:56:12","modified_gmt":"2024-07-22T17:56:12","slug":"coalicion-de-participacion-latina-ax","status":"publish","type":"page","link":"https:\/\/westmountainhealthalliance.org\/es\/initiatives\/latino-a-x-engagement-coalition\/","title":{"rendered":"Coalici\u00f3n de Participaci\u00f3n Latina\/a\/x"},"content":{"rendered":"<p>Una iniciativa pasada<\/p>\n<h1>\n\t\tCoalici\u00f3n de Participaci\u00f3n Latina\/a\/x\n\t<\/h1>\n<h2>\n\t\tVisi\u00f3n y descripci\u00f3n general\n\t<\/h2>\n<h2>\n\t\tWMRHA se ha comprometido continuamente con l\u00edderes de toda la regi\u00f3n que se centran en mejorar los resultados de salud dentro de la comunidad hispana\/latina.\n\t<\/h2>\n\t<p>En 2020, luego de un esfuerzo liderado por la comunidad y el gobierno para comprender los efectos y las experiencias vividas por las personas, WMRHA ayud\u00f3 a convocar conversaciones sobre lo aprendido y produjo informes que apoyaron el intercambio de informaci\u00f3n y que se utilizaron para cambiar la conversaci\u00f3n sobre la salud dentro del pa\u00eds. la comunidad hispana\/latina en la regi\u00f3n de West Mountain.<\/p>\n<h2>\n\t\tRecursos\n\t<\/h2>\n<h2>\n\t\tGu\u00eda de recursos\n\t<\/h2>\n\t<p>La Gu\u00eda de recursos comunitarios es una colecci\u00f3n de recursos, organizaciones de apoyo y servicios que est\u00e1n disponibles para cualquier persona que viva o trabaje en Roaring Fork Valley. Publicada en 2021, la Gu\u00eda est\u00e1 disponible en ingl\u00e9s y espa\u00f1ol haciendo clic o escaneando los enlaces a continuaci\u00f3n.<\/p>\n\t\t\t\t<a href=\"https:\/\/westmountainhealthalliance.org\/wp-content\/uploads\/2021\/09\/Resource-Guide-Spanish-1.pdf\" target=\"_blank\" rel=\"noopener\" itemprop=\"url\">\n\t\t\t\t<img decoding=\"async\" src=\"https:\/\/westmountainhealthalliance.org\/wp-content\/uploads\/2021\/09\/Resource-Guide-Spanish_Page_01.jpg\" alt=\"Gu\u00eda de recursos Spanish_Page_01\" itemprop=\"image\" height=\"1771\" width=\"1361\" title=\"Gu\u00eda de recursos Spanish_Page_01\" onerror=\"this.style.display='none'\"  \/>\n\t\t\t\t<\/a>\n\t\t\t\t<a href=\"https:\/\/westmountainhealthalliance.org\/wp-content\/uploads\/2021\/09\/Resource-Guide-English13.pdf\" target=\"_blank\" rel=\"noopener\" itemprop=\"url\">\n\t\t\t\t<img decoding=\"async\" src=\"https:\/\/westmountainhealthalliance.org\/wp-content\/uploads\/2021\/09\/Resource-Guide-English_Page_01.jpg\" alt=\"Gu\u00eda de recursos - English_Page_01\" itemprop=\"image\" height=\"1771\" width=\"1361\" title=\"Gu\u00eda de recursos - English_Page_01\" onerror=\"this.style.display='none'\"  \/>\n\t\t\t\t<\/a>\n\t<h3>Informe Proteger a Nuestros Vecinos<\/h3>\n<p>El informe PON se produjo en 2020 luego de un esfuerzo liderado por la comunidad y el gobierno para comprender los efectos y las experiencias vividas por las personas dentro de la comunidad hispana\/latina dentro del centro tur\u00edstico rural y la regi\u00f3n fronteriza desde Aspen hasta Parachute. Esta regi\u00f3n incluye los condados de Garfield y Pitkin, una parte del condado de Eagle, cuatro distritos escolares y 14 comunidades diversas.<\/p>\n\t\t\t<a href=\"https:\/\/westmountainhealthalliance.org\/wp-content\/uploads\/2021\/10\/Pitkin-County-Public-Health-Protect-Our-Neighbors-FINAL-December-2020-1.pdf\" target=\"_blank\" rel=\"noopener\">\n\t\t\t\t\t\t\tDescargue el Informe PON 2020\n\t\t\t<\/a>\n\t<p><a href=\"https:\/\/westmountainhealthalliance.org\/es\/nuestros-companeros\/\">Obtenga m\u00e1s informaci\u00f3n sobre nuestros socios<\/a><\/p>\ny c\u00f3mo su grupo, agencia u organizaci\u00f3n<br \/>\npuede involucrarse o\n<p><a href=\"https:\/\/westmountainhealthalliance.org\/es\/contacto\/\">Cont\u00e1ctanos para unirte a una iniciativa<\/a><\/p>","protected":false},"excerpt":{"rendered":"<p>Una iniciativa pasada Latino\/a\/x Engagement Coalition Visi\u00f3n y descripci\u00f3n general WMRHA ha interactuado continuamente con l\u00edderes de toda la regi\u00f3n que se centran en mejorar los resultados de salud dentro de la comunidad hispana\/latinx. En 2020, luego de un esfuerzo liderado por la comunidad y el gobierno para comprender los efectos y las experiencias vividas de las personas, WMRHA ayud\u00f3 a convocar conversaciones sobre lo que se aprendi\u00f3 y ... <a title=\"Coalici\u00f3n de Participaci\u00f3n Latina\/a\/x\" class=\"read-more\" href=\"https:\/\/westmountainhealthalliance.org\/es\/initiatives\/latino-a-x-engagement-coalition\/\" aria-label=\"Leer m\u00e1s sobre Coalici\u00f3n de Participaci\u00f3n Latina\/a\/x\">Leer m\u00e1s<\/a><\/p>","protected":false},"author":1,"featured_media":5180,"parent":323,"menu_order":0,"comment_status":"closed","ping_status":"closed","template":"","meta":{"_acf_changed":false,"footnotes":""},"class_list":{"0":"post-4659","1":"page","2":"type-page","3":"status-publish","4":"has-post-thumbnail","6":"resize-featured-image"},"acf":[],"yoast_head":"<!-- This site is optimized with the Yoast SEO plugin v27.5 - https:\/\/yoast.com\/product\/yoast-seo-wordpress\/ -->\n<title>Latino\/a\/x Engagement Coalition - Improving Health Outcomes<\/title>\n<meta name=\"description\" content=\"Get the Spanish Community Resource Guide a collection of the resources, support organizations, and services in the Roaring Fork Valley.\" \/>\n<meta name=\"robots\" content=\"index, follow, max-snippet:-1, max-image-preview:large, max-video-preview:-1\" \/>\n<link rel=\"canonical\" href=\"https:\/\/westmountainhealthalliance.org\/es\/nuestras-iniciativas\/coalicion-de-participacion-latina-ax\/\" \/>\n<meta property=\"og:locale\" content=\"es_MX\" \/>\n<meta property=\"og:type\" content=\"article\" \/>\n<meta property=\"og:title\" content=\"Latino\/a\/x Engagement Coalition - Improving Health Outcomes\" \/>\n<meta property=\"og:description\" content=\"Get the Spanish Community Resource Guide a collection of the resources, support organizations, and services in the Roaring Fork Valley.\" \/>\n<meta property=\"og:url\" content=\"https:\/\/westmountainhealthalliance.org\/es\/nuestras-iniciativas\/coalicion-de-participacion-latina-ax\/\" \/>\n<meta property=\"og:site_name\" content=\"West Mountain Regional Health Alliance\" \/>\n<meta property=\"article:publisher\" content=\"https:\/\/www.facebook.com\/wmrhealthalliance\/\" \/>\n<meta property=\"article:modified_time\" content=\"2024-07-22T17:56:12+00:00\" \/>\n<meta property=\"og:image\" content=\"https:\/\/westmountainhealthalliance.org\/wp-content\/uploads\/2023\/09\/father-and-baby.jpg\" \/>\n\t<meta property=\"og:image:width\" content=\"640\" \/>\n\t<meta property=\"og:image:height\" content=\"960\" \/>\n\t<meta property=\"og:image:type\" content=\"image\/jpeg\" \/>\n<meta name=\"twitter:card\" content=\"summary_large_image\" \/>\n<meta name=\"twitter:label1\" content=\"Tiempo de lectura\" \/>\n\t<meta name=\"twitter:data1\" content=\"2 minutos\" \/>\n<script type=\"application\/ld+json\" class=\"yoast-schema-graph\">{\"@context\":\"https:\\\/\\\/schema.org\",\"@graph\":[{\"@type\":\"WebPage\",\"@id\":\"https:\\\/\\\/westmountainhealthalliance.org\\\/initiatives\\\/latino-a-x-engagement-coalition\\\/\",\"url\":\"https:\\\/\\\/westmountainhealthalliance.org\\\/initiatives\\\/latino-a-x-engagement-coalition\\\/\",\"name\":\"Latino\\\/a\\\/x Engagement Coalition - Improving Health Outcomes\",\"isPartOf\":{\"@id\":\"https:\\\/\\\/westmountainhealthalliance.org\\\/#website\"},\"primaryImageOfPage\":{\"@id\":\"https:\\\/\\\/westmountainhealthalliance.org\\\/initiatives\\\/latino-a-x-engagement-coalition\\\/#primaryimage\"},\"image\":{\"@id\":\"https:\\\/\\\/westmountainhealthalliance.org\\\/initiatives\\\/latino-a-x-engagement-coalition\\\/#primaryimage\"},\"thumbnailUrl\":\"https:\\\/\\\/westmountainhealthalliance.org\\\/wp-content\\\/uploads\\\/2023\\\/09\\\/father-and-baby.jpg\",\"datePublished\":\"2023-09-01T16:53:04+00:00\",\"dateModified\":\"2024-07-22T17:56:12+00:00\",\"description\":\"Get the Spanish Community Resource Guide a collection of the resources, support organizations, and services in the Roaring Fork Valley.\",\"breadcrumb\":{\"@id\":\"https:\\\/\\\/westmountainhealthalliance.org\\\/initiatives\\\/latino-a-x-engagement-coalition\\\/#breadcrumb\"},\"inLanguage\":\"es\",\"potentialAction\":[{\"@type\":\"ReadAction\",\"target\":[\"https:\\\/\\\/westmountainhealthalliance.org\\\/initiatives\\\/latino-a-x-engagement-coalition\\\/\"]}]},{\"@type\":\"ImageObject\",\"inLanguage\":\"es\",\"@id\":\"https:\\\/\\\/westmountainhealthalliance.org\\\/initiatives\\\/latino-a-x-engagement-coalition\\\/#primaryimage\",\"url\":\"https:\\\/\\\/westmountainhealthalliance.org\\\/wp-content\\\/uploads\\\/2023\\\/09\\\/father-and-baby.jpg\",\"contentUrl\":\"https:\\\/\\\/westmountainhealthalliance.org\\\/wp-content\\\/uploads\\\/2023\\\/09\\\/father-and-baby.jpg\",\"width\":640,\"height\":960},{\"@type\":\"BreadcrumbList\",\"@id\":\"https:\\\/\\\/westmountainhealthalliance.org\\\/initiatives\\\/latino-a-x-engagement-coalition\\\/#breadcrumb\",\"itemListElement\":[{\"@type\":\"ListItem\",\"position\":1,\"name\":\"Home\",\"item\":\"https:\\\/\\\/westmountainhealthalliance.org\\\/\"},{\"@type\":\"ListItem\",\"position\":2,\"name\":\"Initiatives\",\"item\":\"https:\\\/\\\/westmountainhealthalliance.org\\\/initiatives\\\/\"},{\"@type\":\"ListItem\",\"position\":3,\"name\":\"Latino\\\/a\\\/x Engagement Coalition\"}]},{\"@type\":\"WebSite\",\"@id\":\"https:\\\/\\\/westmountainhealthalliance.org\\\/#website\",\"url\":\"https:\\\/\\\/westmountainhealthalliance.org\\\/\",\"name\":\"West Mountain Regional Health Alliance\",\"description\":\"We unite leaders in health and social services to collaboratively strengthen our community&#039;s care system\",\"publisher\":{\"@id\":\"https:\\\/\\\/westmountainhealthalliance.org\\\/#organization\"},\"alternateName\":\"WMRHA\",\"potentialAction\":[{\"@type\":\"SearchAction\",\"target\":{\"@type\":\"EntryPoint\",\"urlTemplate\":\"https:\\\/\\\/westmountainhealthalliance.org\\\/?s={search_term_string}\"},\"query-input\":{\"@type\":\"PropertyValueSpecification\",\"valueRequired\":true,\"valueName\":\"search_term_string\"}}],\"inLanguage\":\"es\"},{\"@type\":\"Organization\",\"@id\":\"https:\\\/\\\/westmountainhealthalliance.org\\\/#organization\",\"name\":\"West Mountain Regional Health Alliance\",\"alternateName\":\"WMRHA\",\"url\":\"https:\\\/\\\/westmountainhealthalliance.org\\\/\",\"logo\":{\"@type\":\"ImageObject\",\"inLanguage\":\"es\",\"@id\":\"https:\\\/\\\/westmountainhealthalliance.org\\\/#\\\/schema\\\/logo\\\/image\\\/\",\"url\":\"https:\\\/\\\/westmountainhealthalliance.org\\\/wp-content\\\/uploads\\\/2023\\\/09\\\/WMRHA-logo.jpg\",\"contentUrl\":\"https:\\\/\\\/westmountainhealthalliance.org\\\/wp-content\\\/uploads\\\/2023\\\/09\\\/WMRHA-logo.jpg\",\"width\":1920,\"height\":1920,\"caption\":\"West Mountain Regional Health Alliance\"},\"image\":{\"@id\":\"https:\\\/\\\/westmountainhealthalliance.org\\\/#\\\/schema\\\/logo\\\/image\\\/\"},\"sameAs\":[\"https:\\\/\\\/www.facebook.com\\\/wmrhealthalliance\\\/\"]}]}<\/script>\n<!-- \/ Yoast SEO plugin. -->","yoast_head_json":{"title":"Coalici\u00f3n de Participaci\u00f3n Latina\/a\/x - Mejorando los Resultados de Salud","description":"Obtenga la Gu\u00eda de recursos comunitarios en espa\u00f1ol, una colecci\u00f3n de recursos, organizaciones de apoyo y servicios en Roaring Fork Valley.","robots":{"index":"index","follow":"follow","max-snippet":"max-snippet:-1","max-image-preview":"max-image-preview:large","max-video-preview":"max-video-preview:-1"},"canonical":"https:\/\/westmountainhealthalliance.org\/es\/nuestras-iniciativas\/coalicion-de-participacion-latina-ax\/","og_locale":"es_MX","og_type":"article","og_title":"Latino\/a\/x Engagement Coalition - Improving Health Outcomes","og_description":"Get the Spanish Community Resource Guide a collection of the resources, support organizations, and services in the Roaring Fork Valley.","og_url":"https:\/\/westmountainhealthalliance.org\/es\/nuestras-iniciativas\/coalicion-de-participacion-latina-ax\/","og_site_name":"West Mountain Regional Health Alliance","article_publisher":"https:\/\/www.facebook.com\/wmrhealthalliance\/","article_modified_time":"2024-07-22T17:56:12+00:00","og_image":[{"width":640,"height":960,"url":"https:\/\/westmountainhealthalliance.org\/wp-content\/uploads\/2023\/09\/father-and-baby.jpg","type":"image\/jpeg"}],"twitter_card":"summary_large_image","twitter_misc":{"Tiempo de lectura":"2 minutos"},"schema":{"@context":"https:\/\/schema.org","@graph":[{"@type":"WebPage","@id":"https:\/\/westmountainhealthalliance.org\/initiatives\/latino-a-x-engagement-coalition\/","url":"https:\/\/westmountainhealthalliance.org\/initiatives\/latino-a-x-engagement-coalition\/","name":"Coalici\u00f3n de Participaci\u00f3n Latina\/a\/x - Mejorando los Resultados de Salud","isPartOf":{"@id":"https:\/\/westmountainhealthalliance.org\/#website"},"primaryImageOfPage":{"@id":"https:\/\/westmountainhealthalliance.org\/initiatives\/latino-a-x-engagement-coalition\/#primaryimage"},"image":{"@id":"https:\/\/westmountainhealthalliance.org\/initiatives\/latino-a-x-engagement-coalition\/#primaryimage"},"thumbnailUrl":"https:\/\/westmountainhealthalliance.org\/wp-content\/uploads\/2023\/09\/father-and-baby.jpg","datePublished":"2023-09-01T16:53:04+00:00","dateModified":"2024-07-22T17:56:12+00:00","description":"Obtenga la Gu\u00eda de recursos comunitarios en espa\u00f1ol, una colecci\u00f3n de recursos, organizaciones de apoyo y servicios en Roaring Fork Valley.","breadcrumb":{"@id":"https:\/\/westmountainhealthalliance.org\/initiatives\/latino-a-x-engagement-coalition\/#breadcrumb"},"inLanguage":"es","potentialAction":[{"@type":"ReadAction","target":["https:\/\/westmountainhealthalliance.org\/initiatives\/latino-a-x-engagement-coalition\/"]}]},{"@type":"ImageObject","inLanguage":"es","@id":"https:\/\/westmountainhealthalliance.org\/initiatives\/latino-a-x-engagement-coalition\/#primaryimage","url":"https:\/\/westmountainhealthalliance.org\/wp-content\/uploads\/2023\/09\/father-and-baby.jpg","contentUrl":"https:\/\/westmountainhealthalliance.org\/wp-content\/uploads\/2023\/09\/father-and-baby.jpg","width":640,"height":960},{"@type":"BreadcrumbList","@id":"https:\/\/westmountainhealthalliance.org\/initiatives\/latino-a-x-engagement-coalition\/#breadcrumb","itemListElement":[{"@type":"ListItem","position":1,"name":"Home","item":"https:\/\/westmountainhealthalliance.org\/"},{"@type":"ListItem","position":2,"name":"Initiatives","item":"https:\/\/westmountainhealthalliance.org\/initiatives\/"},{"@type":"ListItem","position":3,"name":"Latino\/a\/x Engagement Coalition"}]},{"@type":"WebSite","@id":"https:\/\/westmountainhealthalliance.org\/#website","url":"https:\/\/westmountainhealthalliance.org\/","name":"Alianza Regional de Salud de West Mountain","description":"Unimos a l\u00edderes en servicios sociales y de salud para fortalecer colaborativamente el sistema de atenci\u00f3n de nuestra comunidad.","publisher":{"@id":"https:\/\/westmountainhealthalliance.org\/#organization"},"alternateName":"WMRHA","potentialAction":[{"@type":"SearchAction","target":{"@type":"EntryPoint","urlTemplate":"https:\/\/westmountainhealthalliance.org\/?s={search_term_string}"},"query-input":{"@type":"PropertyValueSpecification","valueRequired":true,"valueName":"search_term_string"}}],"inLanguage":"es"},{"@type":"Organization","@id":"https:\/\/westmountainhealthalliance.org\/#organization","name":"Alianza Regional de Salud de West Mountain","alternateName":"WMRHA","url":"https:\/\/westmountainhealthalliance.org\/","logo":{"@type":"ImageObject","inLanguage":"es","@id":"https:\/\/westmountainhealthalliance.org\/#\/schema\/logo\/image\/","url":"https:\/\/westmountainhealthalliance.org\/wp-content\/uploads\/2023\/09\/WMRHA-logo.jpg","contentUrl":"https:\/\/westmountainhealthalliance.org\/wp-content\/uploads\/2023\/09\/WMRHA-logo.jpg","width":1920,"height":1920,"caption":"West Mountain Regional Health Alliance"},"image":{"@id":"https:\/\/westmountainhealthalliance.org\/#\/schema\/logo\/image\/"},"sameAs":["https:\/\/www.facebook.com\/wmrhealthalliance\/"]}]}},"publishpress_future_action":{"enabled":false,"date":"2026-05-07 16:34:46","action":"change-status","newStatus":"draft","terms":[],"taxonomy":"","extraData":[]},"publishpress_future_workflow_manual_trigger":{"enabledWorkflows":[]},"_links":{"self":[{"href":"https:\/\/westmountainhealthalliance.org\/es\/wp-json\/wp\/v2\/pages\/4659","targetHints":{"allow":["GET"]}}],"collection":[{"href":"https:\/\/westmountainhealthalliance.org\/es\/wp-json\/wp\/v2\/pages"}],"about":[{"href":"https:\/\/westmountainhealthalliance.org\/es\/wp-json\/wp\/v2\/types\/page"}],"author":[{"embeddable":true,"href":"https:\/\/westmountainhealthalliance.org\/es\/wp-json\/wp\/v2\/users\/1"}],"replies":[{"embeddable":true,"href":"https:\/\/westmountainhealthalliance.org\/es\/wp-json\/wp\/v2\/comments?post=4659"}],"version-history":[{"count":11,"href":"https:\/\/westmountainhealthalliance.org\/es\/wp-json\/wp\/v2\/pages\/4659\/revisions"}],"predecessor-version":[{"id":6315,"href":"https:\/\/westmountainhealthalliance.org\/es\/wp-json\/wp\/v2\/pages\/4659\/revisions\/6315"}],"up":[{"embeddable":true,"href":"https:\/\/westmountainhealthalliance.org\/es\/wp-json\/wp\/v2\/pages\/323"}],"wp:featuredmedia":[{"embeddable":true,"href":"https:\/\/westmountainhealthalliance.org\/es\/wp-json\/wp\/v2\/media\/5180"}],"wp:attachment":[{"href":"https:\/\/westmountainhealthalliance.org\/es\/wp-json\/wp\/v2\/media?parent=4659"}],"curies":[{"name":"gracias","href":"https:\/\/api.w.org\/{rel}","templated":true}]}}