{"id":4672,"date":"2023-09-01T11:01:25","date_gmt":"2023-09-01T17:01:25","guid":{"rendered":"https:\/\/basewheel.com\/wmrha\/?page_id=4672"},"modified":"2023-09-28T07:25:33","modified_gmt":"2023-09-28T13:25:33","slug":"conector-de-salud-regional-iniciativa-pasada","status":"publish","type":"page","link":"https:\/\/westmountainhealthalliance.org\/es\/initiatives\/regional-health-connector-past-initiative\/","title":{"rendered":"Conector Regional de Salud \u2013 Iniciativa anterior"},"content":{"rendered":"<p>Una iniciativa pasada<\/p>\r\n<h1>Conector Regional de Salud<\/h1>\r\n<h2>Visi\u00f3n y descripci\u00f3n general<\/h2>\r\n<h2>WMRHA ha pasado a\u00f1os desarrollando el papel del Conector Regional de Salud dentro del sistema de salud en la Regi\u00f3n de West Mountain.<\/h2>\r\n<p>WMRHA cree que los sistemas conectados conducir\u00e1n a vidas m\u00e1s saludables para todos los habitantes de Colorado y que las RHC mejoran la salud en Colorado al conectar los sistemas que nos mantienen saludables, incluida la atenci\u00f3n primaria, la salud p\u00fablica, los servicios sociales y otros recursos comunitarios.<\/p>\r\n<h2>Recursos<\/h2>\r\n<h2>Recursos<\/h2>\r\n<p><a href=\"https:\/\/www.regionalhealthconnectors.org\/stories-of-rhc-impact\" target=\"_blank\" rel=\"noopener\">Historias del impacto de la RHC de WMRHA<\/a><\/p>\r\n<p><a href=\"https:\/\/westmountainhealthalliance.org\/wp-content\/uploads\/2021\/03\/RHC-COVID-Response-2020-Summary-Report.pdf\" target=\"_blank\" rel=\"noopener\">Respuesta a la pandemia de COVID-19 2021<\/a><\/p>\r\n<p><a href=\"https:\/\/westmountainhealthalliance.org\/wp-content\/uploads\/2023\/03\/RHC-Report-2023-Cover-e1678832697372.jpg\" target=\"_blank\" rel=\"noopener\">Convocatoria de Salud Mental de Mujeres Latinas 2023<\/a><\/p>\r\n<p><a href=\"https:\/\/westmountainhealthalliance.org\/es\/nuestros-companeros\/\">Obtenga m\u00e1s informaci\u00f3n sobre nuestros socios<\/a> y<br \/>c\u00f3mo su grupo, agencia u organizaci\u00f3n<br \/>puede involucrarse.<\/p>\r\n<p>o<\/p>\r\n<p><a href=\"https:\/\/westmountainhealthalliance.org\/es\/contacto\/\">Cont\u00e1ctanos para unirte a una iniciativa.<\/a><\/p>","protected":false},"excerpt":{"rendered":"<p>Una iniciativa pasada Visi\u00f3n y descripci\u00f3n general del Conector Regional de Salud WMRHA ha pasado a\u00f1os desarrollando el papel del Conector Regional de Salud dentro del sistema de salud en la Regi\u00f3n de West Mountain. WMRHA cree que los sistemas conectados conducir\u00e1n a vidas m\u00e1s saludables para todos los habitantes de Colorado y que los RHC mejoran la salud en Colorado al conectar los sistemas que nos mantienen... <a title=\"Conector Regional de Salud \u2013 Iniciativa anterior\" class=\"read-more\" href=\"https:\/\/westmountainhealthalliance.org\/es\/initiatives\/regional-health-connector-past-initiative\/\" aria-label=\"Leer m\u00e1s sobre Conector Regional de Salud \u2013 Iniciativa Pasada\">Leer m\u00e1s<\/a><\/p>","protected":false},"author":1,"featured_media":5218,"parent":323,"menu_order":0,"comment_status":"closed","ping_status":"closed","template":"","meta":{"_acf_changed":false,"footnotes":""},"class_list":{"0":"post-4672","1":"page","2":"type-page","3":"status-publish","4":"has-post-thumbnail","6":"resize-featured-image"},"acf":[],"yoast_head":"<!-- This site is optimized with the Yoast SEO plugin v27.4 - https:\/\/yoast.com\/product\/yoast-seo-wordpress\/ -->\n<title>Regional Health Connector - Community Health Representatives<\/title>\n<meta name=\"description\" content=\"Regional Health Connectors improve health in Colorado by connecting people with the systems that keep us healthy\" \/>\n<meta name=\"robots\" content=\"index, follow, max-snippet:-1, max-image-preview:large, max-video-preview:-1\" \/>\n<link rel=\"canonical\" href=\"https:\/\/westmountainhealthalliance.org\/es\/nuestras-iniciativas\/conector-de-salud-regional-iniciativa-pasada\/\" \/>\n<meta property=\"og:locale\" content=\"es_MX\" \/>\n<meta property=\"og:type\" content=\"article\" \/>\n<meta property=\"og:title\" content=\"Regional Health Connector - Community Health Representatives\" \/>\n<meta property=\"og:description\" content=\"Regional Health Connectors improve health in Colorado by connecting people with the systems that keep us healthy\" \/>\n<meta property=\"og:url\" content=\"https:\/\/westmountainhealthalliance.org\/es\/nuestras-iniciativas\/conector-de-salud-regional-iniciativa-pasada\/\" \/>\n<meta property=\"og:site_name\" content=\"West Mountain Regional Health Alliance\" \/>\n<meta property=\"article:publisher\" content=\"https:\/\/www.facebook.com\/wmrhealthalliance\/\" \/>\n<meta property=\"article:modified_time\" content=\"2023-09-28T13:25:33+00:00\" \/>\n<meta property=\"og:image\" content=\"https:\/\/westmountainhealthalliance.org\/wp-content\/uploads\/2023\/09\/connections-handshake.jpg\" \/>\n\t<meta property=\"og:image:width\" content=\"500\" \/>\n\t<meta property=\"og:image:height\" content=\"657\" \/>\n\t<meta property=\"og:image:type\" content=\"image\/jpeg\" \/>\n<meta name=\"twitter:card\" content=\"summary_large_image\" \/>\n<meta name=\"twitter:label1\" content=\"Tiempo de lectura\" \/>\n\t<meta name=\"twitter:data1\" content=\"1 minuto\" \/>\n<script type=\"application\/ld+json\" class=\"yoast-schema-graph\">{\"@context\":\"https:\\\/\\\/schema.org\",\"@graph\":[{\"@type\":\"WebPage\",\"@id\":\"https:\\\/\\\/westmountainhealthalliance.org\\\/initiatives\\\/regional-health-connector-past-initiative\\\/\",\"url\":\"https:\\\/\\\/westmountainhealthalliance.org\\\/initiatives\\\/regional-health-connector-past-initiative\\\/\",\"name\":\"Regional Health Connector - Community Health Representatives\",\"isPartOf\":{\"@id\":\"https:\\\/\\\/westmountainhealthalliance.org\\\/#website\"},\"primaryImageOfPage\":{\"@id\":\"https:\\\/\\\/westmountainhealthalliance.org\\\/initiatives\\\/regional-health-connector-past-initiative\\\/#primaryimage\"},\"image\":{\"@id\":\"https:\\\/\\\/westmountainhealthalliance.org\\\/initiatives\\\/regional-health-connector-past-initiative\\\/#primaryimage\"},\"thumbnailUrl\":\"https:\\\/\\\/westmountainhealthalliance.org\\\/wp-content\\\/uploads\\\/2023\\\/09\\\/connections-handshake.jpg\",\"datePublished\":\"2023-09-01T17:01:25+00:00\",\"dateModified\":\"2023-09-28T13:25:33+00:00\",\"description\":\"Regional Health Connectors improve health in Colorado by connecting people with the systems that keep us healthy\",\"breadcrumb\":{\"@id\":\"https:\\\/\\\/westmountainhealthalliance.org\\\/initiatives\\\/regional-health-connector-past-initiative\\\/#breadcrumb\"},\"inLanguage\":\"es\",\"potentialAction\":[{\"@type\":\"ReadAction\",\"target\":[\"https:\\\/\\\/westmountainhealthalliance.org\\\/initiatives\\\/regional-health-connector-past-initiative\\\/\"]}]},{\"@type\":\"ImageObject\",\"inLanguage\":\"es\",\"@id\":\"https:\\\/\\\/westmountainhealthalliance.org\\\/initiatives\\\/regional-health-connector-past-initiative\\\/#primaryimage\",\"url\":\"https:\\\/\\\/westmountainhealthalliance.org\\\/wp-content\\\/uploads\\\/2023\\\/09\\\/connections-handshake.jpg\",\"contentUrl\":\"https:\\\/\\\/westmountainhealthalliance.org\\\/wp-content\\\/uploads\\\/2023\\\/09\\\/connections-handshake.jpg\",\"width\":500,\"height\":657},{\"@type\":\"BreadcrumbList\",\"@id\":\"https:\\\/\\\/westmountainhealthalliance.org\\\/initiatives\\\/regional-health-connector-past-initiative\\\/#breadcrumb\",\"itemListElement\":[{\"@type\":\"ListItem\",\"position\":1,\"name\":\"Home\",\"item\":\"https:\\\/\\\/westmountainhealthalliance.org\\\/\"},{\"@type\":\"ListItem\",\"position\":2,\"name\":\"Initiatives\",\"item\":\"https:\\\/\\\/westmountainhealthalliance.org\\\/initiatives\\\/\"},{\"@type\":\"ListItem\",\"position\":3,\"name\":\"Regional Health Connector &#8211; Past Initiative\"}]},{\"@type\":\"WebSite\",\"@id\":\"https:\\\/\\\/westmountainhealthalliance.org\\\/#website\",\"url\":\"https:\\\/\\\/westmountainhealthalliance.org\\\/\",\"name\":\"West Mountain Regional Health Alliance\",\"description\":\"We unite leaders in health and social services to collaboratively strengthen our community&#039;s care system\",\"publisher\":{\"@id\":\"https:\\\/\\\/westmountainhealthalliance.org\\\/#organization\"},\"alternateName\":\"WMRHA\",\"potentialAction\":[{\"@type\":\"SearchAction\",\"target\":{\"@type\":\"EntryPoint\",\"urlTemplate\":\"https:\\\/\\\/westmountainhealthalliance.org\\\/?s={search_term_string}\"},\"query-input\":{\"@type\":\"PropertyValueSpecification\",\"valueRequired\":true,\"valueName\":\"search_term_string\"}}],\"inLanguage\":\"es\"},{\"@type\":\"Organization\",\"@id\":\"https:\\\/\\\/westmountainhealthalliance.org\\\/#organization\",\"name\":\"West Mountain Regional Health Alliance\",\"alternateName\":\"WMRHA\",\"url\":\"https:\\\/\\\/westmountainhealthalliance.org\\\/\",\"logo\":{\"@type\":\"ImageObject\",\"inLanguage\":\"es\",\"@id\":\"https:\\\/\\\/westmountainhealthalliance.org\\\/#\\\/schema\\\/logo\\\/image\\\/\",\"url\":\"https:\\\/\\\/westmountainhealthalliance.org\\\/wp-content\\\/uploads\\\/2023\\\/09\\\/WMRHA-logo.jpg\",\"contentUrl\":\"https:\\\/\\\/westmountainhealthalliance.org\\\/wp-content\\\/uploads\\\/2023\\\/09\\\/WMRHA-logo.jpg\",\"width\":1920,\"height\":1920,\"caption\":\"West Mountain Regional Health Alliance\"},\"image\":{\"@id\":\"https:\\\/\\\/westmountainhealthalliance.org\\\/#\\\/schema\\\/logo\\\/image\\\/\"},\"sameAs\":[\"https:\\\/\\\/www.facebook.com\\\/wmrhealthalliance\\\/\"]}]}<\/script>\n<!-- \/ Yoast SEO plugin. -->","yoast_head_json":{"title":"Conector Regional de Salud - Representantes de Salud Comunitaria","description":"Los Conectores Regionales de Salud mejoran la salud en Colorado conectando a las personas con los sistemas que nos mantienen saludables","robots":{"index":"index","follow":"follow","max-snippet":"max-snippet:-1","max-image-preview":"max-image-preview:large","max-video-preview":"max-video-preview:-1"},"canonical":"https:\/\/westmountainhealthalliance.org\/es\/nuestras-iniciativas\/conector-de-salud-regional-iniciativa-pasada\/","og_locale":"es_MX","og_type":"article","og_title":"Regional Health Connector - Community Health Representatives","og_description":"Regional Health Connectors improve health in Colorado by connecting people with the systems that keep us healthy","og_url":"https:\/\/westmountainhealthalliance.org\/es\/nuestras-iniciativas\/conector-de-salud-regional-iniciativa-pasada\/","og_site_name":"West Mountain Regional Health Alliance","article_publisher":"https:\/\/www.facebook.com\/wmrhealthalliance\/","article_modified_time":"2023-09-28T13:25:33+00:00","og_image":[{"width":500,"height":657,"url":"https:\/\/westmountainhealthalliance.org\/wp-content\/uploads\/2023\/09\/connections-handshake.jpg","type":"image\/jpeg"}],"twitter_card":"summary_large_image","twitter_misc":{"Tiempo de lectura":"1 minuto"},"schema":{"@context":"https:\/\/schema.org","@graph":[{"@type":"WebPage","@id":"https:\/\/westmountainhealthalliance.org\/initiatives\/regional-health-connector-past-initiative\/","url":"https:\/\/westmountainhealthalliance.org\/initiatives\/regional-health-connector-past-initiative\/","name":"Conector Regional de Salud - Representantes de Salud Comunitaria","isPartOf":{"@id":"https:\/\/westmountainhealthalliance.org\/#website"},"primaryImageOfPage":{"@id":"https:\/\/westmountainhealthalliance.org\/initiatives\/regional-health-connector-past-initiative\/#primaryimage"},"image":{"@id":"https:\/\/westmountainhealthalliance.org\/initiatives\/regional-health-connector-past-initiative\/#primaryimage"},"thumbnailUrl":"https:\/\/westmountainhealthalliance.org\/wp-content\/uploads\/2023\/09\/connections-handshake.jpg","datePublished":"2023-09-01T17:01:25+00:00","dateModified":"2023-09-28T13:25:33+00:00","description":"Los Conectores Regionales de Salud mejoran la salud en Colorado conectando a las personas con los sistemas que nos mantienen saludables","breadcrumb":{"@id":"https:\/\/westmountainhealthalliance.org\/initiatives\/regional-health-connector-past-initiative\/#breadcrumb"},"inLanguage":"es","potentialAction":[{"@type":"ReadAction","target":["https:\/\/westmountainhealthalliance.org\/initiatives\/regional-health-connector-past-initiative\/"]}]},{"@type":"ImageObject","inLanguage":"es","@id":"https:\/\/westmountainhealthalliance.org\/initiatives\/regional-health-connector-past-initiative\/#primaryimage","url":"https:\/\/westmountainhealthalliance.org\/wp-content\/uploads\/2023\/09\/connections-handshake.jpg","contentUrl":"https:\/\/westmountainhealthalliance.org\/wp-content\/uploads\/2023\/09\/connections-handshake.jpg","width":500,"height":657},{"@type":"BreadcrumbList","@id":"https:\/\/westmountainhealthalliance.org\/initiatives\/regional-health-connector-past-initiative\/#breadcrumb","itemListElement":[{"@type":"ListItem","position":1,"name":"Home","item":"https:\/\/westmountainhealthalliance.org\/"},{"@type":"ListItem","position":2,"name":"Initiatives","item":"https:\/\/westmountainhealthalliance.org\/initiatives\/"},{"@type":"ListItem","position":3,"name":"Regional Health Connector &#8211; Past Initiative"}]},{"@type":"WebSite","@id":"https:\/\/westmountainhealthalliance.org\/#website","url":"https:\/\/westmountainhealthalliance.org\/","name":"Alianza Regional de Salud de West Mountain","description":"Unimos a l\u00edderes en servicios sociales y de salud para fortalecer colaborativamente el sistema de atenci\u00f3n de nuestra comunidad.","publisher":{"@id":"https:\/\/westmountainhealthalliance.org\/#organization"},"alternateName":"WMRHA","potentialAction":[{"@type":"SearchAction","target":{"@type":"EntryPoint","urlTemplate":"https:\/\/westmountainhealthalliance.org\/?s={search_term_string}"},"query-input":{"@type":"PropertyValueSpecification","valueRequired":true,"valueName":"search_term_string"}}],"inLanguage":"es"},{"@type":"Organization","@id":"https:\/\/westmountainhealthalliance.org\/#organization","name":"Alianza Regional de Salud de West Mountain","alternateName":"WMRHA","url":"https:\/\/westmountainhealthalliance.org\/","logo":{"@type":"ImageObject","inLanguage":"es","@id":"https:\/\/westmountainhealthalliance.org\/#\/schema\/logo\/image\/","url":"https:\/\/westmountainhealthalliance.org\/wp-content\/uploads\/2023\/09\/WMRHA-logo.jpg","contentUrl":"https:\/\/westmountainhealthalliance.org\/wp-content\/uploads\/2023\/09\/WMRHA-logo.jpg","width":1920,"height":1920,"caption":"West Mountain Regional Health Alliance"},"image":{"@id":"https:\/\/westmountainhealthalliance.org\/#\/schema\/logo\/image\/"},"sameAs":["https:\/\/www.facebook.com\/wmrhealthalliance\/"]}]}},"publishpress_future_action":{"enabled":false,"date":"2026-04-21 12:12:34","action":"change-status","newStatus":"draft","terms":[],"taxonomy":"","extraData":[]},"publishpress_future_workflow_manual_trigger":{"enabledWorkflows":[]},"_links":{"self":[{"href":"https:\/\/westmountainhealthalliance.org\/es\/wp-json\/wp\/v2\/pages\/4672","targetHints":{"allow":["GET"]}}],"collection":[{"href":"https:\/\/westmountainhealthalliance.org\/es\/wp-json\/wp\/v2\/pages"}],"about":[{"href":"https:\/\/westmountainhealthalliance.org\/es\/wp-json\/wp\/v2\/types\/page"}],"author":[{"embeddable":true,"href":"https:\/\/westmountainhealthalliance.org\/es\/wp-json\/wp\/v2\/users\/1"}],"replies":[{"embeddable":true,"href":"https:\/\/westmountainhealthalliance.org\/es\/wp-json\/wp\/v2\/comments?post=4672"}],"version-history":[{"count":11,"href":"https:\/\/westmountainhealthalliance.org\/es\/wp-json\/wp\/v2\/pages\/4672\/revisions"}],"predecessor-version":[{"id":5591,"href":"https:\/\/westmountainhealthalliance.org\/es\/wp-json\/wp\/v2\/pages\/4672\/revisions\/5591"}],"up":[{"embeddable":true,"href":"https:\/\/westmountainhealthalliance.org\/es\/wp-json\/wp\/v2\/pages\/323"}],"wp:featuredmedia":[{"embeddable":true,"href":"https:\/\/westmountainhealthalliance.org\/es\/wp-json\/wp\/v2\/media\/5218"}],"wp:attachment":[{"href":"https:\/\/westmountainhealthalliance.org\/es\/wp-json\/wp\/v2\/media?parent=4672"}],"curies":[{"name":"gracias","href":"https:\/\/api.w.org\/{rel}","templated":true}]}}